{"id":4071,"date":"2025-09-08T16:26:05","date_gmt":"2025-09-08T16:26:05","guid":{"rendered":"https:\/\/test.weraso.com\/product\/koraya\/"},"modified":"2025-11-09T09:12:34","modified_gmt":"2025-11-09T09:12:34","slug":"koraya","status":"publish","type":"product","link":"https:\/\/weraso.com\/pt\/produto\/koraya\/","title":{"rendered":"Koraya"},"content":{"rendered":"<ul>\n<li data-syno-attrs=\"{&quot;textMarks&quot;:[{&quot;_&quot;:&quot;font_size&quot;,&quot;value&quot;:11},{&quot;_&quot;:&quot;font_family&quot;,&quot;complexScript&quot;:&quot;Arial&quot;,&quot;eastAsia&quot;:&quot;Calibri&quot;,&quot;value&quot;:&quot;Calibri&quot;}]}\"><span data-syno-attrs=\"{&quot;value&quot;:&quot;Calibri&quot;,&quot;eastAsia&quot;:&quot;Calibri&quot;,&quot;complexScript&quot;:&quot;Arial&quot;,&quot;hint&quot;:&quot;default&quot;}\">Um arm\u00e1rio compacto com duas portas, o Koraya desempenha um papel funcional e decorativo em ambientes mais pequenos.<\/span><\/li>\n<li data-syno-attrs=\"{&quot;textMarks&quot;:[{&quot;_&quot;:&quot;font_size&quot;,&quot;value&quot;:11},{&quot;_&quot;:&quot;font_family&quot;,&quot;complexScript&quot;:&quot;Arial&quot;,&quot;eastAsia&quot;:&quot;Calibri&quot;,&quot;value&quot;:&quot;Calibri&quot;}]}\"><span data-syno-attrs=\"{&quot;value&quot;:&quot;Calibri&quot;,&quot;eastAsia&quot;:&quot;Calibri&quot;,&quot;complexScript&quot;:&quot;Arial&quot;,&quot;hint&quot;:&quot;default&quot;}\"><span data-syno-attrs=\"{&quot;value&quot;:&quot;Calibri&quot;,&quot;eastAsia&quot;:&quot;Calibri&quot;,&quot;complexScript&quot;:&quot;Arial&quot;,&quot;hint&quot;:&quot;default&quot;}\">No interior, existe uma prateleira com altura ajust\u00e1vel, permitindo uma arruma\u00e7\u00e3o flex\u00edvel para livros, material de escrit\u00f3rio ou artigos decorativos.<\/span><\/span>&nbsp;\n<p><span data-syno-attrs=\"{&quot;value&quot;:&quot;Calibri&quot;,&quot;eastAsia&quot;:&quot;Calibri&quot;,&quot;complexScript&quot;:&quot;Arial&quot;,&quot;hint&quot;:&quot;default&quot;}\">Cada pe\u00e7a \u00e9 feita de material natural, sendo as diferen\u00e7as de textura e cor uma parte natural do design.<\/span><\/li>\n<\/ul>\n","protected":false},"excerpt":{"rendered":"<p data-syno-attrs=\"{&quot;textMarks&quot;:[{&quot;_&quot;:&quot;font_size&quot;,&quot;value&quot;:11},{&quot;_&quot;:&quot;font_family&quot;,&quot;complexScript&quot;:&quot;Arial&quot;,&quot;eastAsia&quot;:&quot;Calibri&quot;,&quot;value&quot;:&quot;Calibri&quot;}]}\"><span data-syno-attrs=\"{&quot;value&quot;:&quot;Calibri&quot;,&quot;eastAsia&quot;:&quot;Calibri&quot;,&quot;complexScript&quot;:&quot;Arial&quot;,&quot;hint&quot;:&quot;default&quot;}\">Koraya \u00e9 um aparador mais pequeno e mais compacto. Com duas portas, \u00e9 ideal para quartos de estudantes, pequenos escrit\u00f3rios ou ambientes acolhedores onde \u00e9 necess\u00e1rio arruma\u00e7\u00e3o pr\u00e1tica sem ocupar muito espa\u00e7o.<\/span><\/p>\n","protected":false},"featured_media":2669,"template":"","meta":{"inline_featured_image":false},"product_brand":[],"product_cat":[117],"product_tag":[],"class_list":{"0":"post-4071","1":"product","2":"type-product","3":"status-publish","4":"has-post-thumbnail","6":"product_cat-satori-pt","8":"first","9":"instock","10":"taxable","11":"shipping-taxable","12":"purchasable","13":"product-type-simple"},"aioseo_notices":[],"meta_box":{"product-metabox-hero":[],"product-metabox-presentation-second":[{"width":150,"height":150,"file":"2025\/09\/E4_4-Photo-scaled.jpg","filesize":479611,"sizes":{"medium":{"file":"E4_4-Photo-300x300.jpg","width":300,"height":300,"mime-type":"image\/jpeg","filesize":4108,"url":"https:\/\/weraso.com\/wp-content\/uploads\/2025\/09\/E4_4-Photo-300x300.jpg"},"large":{"file":"E4_4-Photo-1024x1024.jpg","width":1024,"height":1024,"mime-type":"image\/jpeg","filesize":40277,"url":"https:\/\/weraso.com\/wp-content\/uploads\/2025\/09\/E4_4-Photo-1024x1024.jpg"},"thumbnail":{"file":"E4_4-Photo-150x150.jpg","width":150,"height":150,"mime-type":"image\/jpeg","filesize":1605,"url":"https:\/\/weraso.com\/wp-content\/uploads\/2025\/09\/E4_4-Photo-150x150.jpg"},"medium_large":{"file":"E4_4-Photo-768x768.jpg","width":768,"height":768,"mime-type":"image\/jpeg","filesize":19874,"url":"https:\/\/weraso.com\/wp-content\/uploads\/2025\/09\/E4_4-Photo-768x768.jpg"},"1536x1536":{"file":"E4_4-Photo-1536x1536.jpg","width":1536,"height":1536,"mime-type":"image\/jpeg","filesize":121022,"url":"https:\/\/weraso.com\/wp-content\/uploads\/2025\/09\/E4_4-Photo-1536x1536.jpg"},"2048x2048":{"file":"E4_4-Photo-2048x2048.jpg","width":2048,"height":2048,"mime-type":"image\/jpeg","filesize":271079,"url":"https:\/\/weraso.com\/wp-content\/uploads\/2025\/09\/E4_4-Photo-2048x2048.jpg"},"woocommerce_thumbnail":{"file":"E4_4-Photo-300x300.jpg","width":300,"height":300,"mime-type":"image\/jpeg","filesize":4108,"uncropped":false,"url":"https:\/\/weraso.com\/wp-content\/uploads\/2025\/09\/E4_4-Photo-300x300.jpg"},"woocommerce_single":{"file":"E4_4-Photo-600x600.jpg","width":600,"height":600,"mime-type":"image\/jpeg","filesize":12926,"url":"https:\/\/weraso.com\/wp-content\/uploads\/2025\/09\/E4_4-Photo-600x600.jpg"},"woocommerce_gallery_thumbnail":{"file":"E4_4-Photo-100x100.jpg","width":100,"height":100,"mime-type":"image\/jpeg","filesize":1052,"url":"https:\/\/weraso.com\/wp-content\/uploads\/2025\/09\/E4_4-Photo-100x100.jpg"}},"image_meta":{"aperture":"0","credit":"","camera":"","caption":"","created_timestamp":"0","copyright":"","focal_length":"0","iso":"0","shutter_speed":"0","title":"","orientation":"0","keywords":[]},"original_image":"E4_4-Photo.jpg","ID":"2670","name":"E4_4-Photo-scaled.jpg","path":"\/data\/7\/5\/757d27e6-6549-4450-aa2b-08ca64892026\/weraso.com\/web\/wp-content\/uploads\/2025\/09\/E4_4-Photo-scaled.jpg","url":"https:\/\/weraso.com\/wp-content\/uploads\/2025\/09\/E4_4-Photo-150x150.jpg","full_url":"https:\/\/weraso.com\/wp-content\/uploads\/2025\/09\/E4_4-Photo-scaled.jpg","title":"E4_4 - Photo","caption":"","description":"","alt":"","srcset":"https:\/\/weraso.com\/wp-content\/uploads\/2025\/09\/E4_4-Photo-150x150.jpg 150w, https:\/\/weraso.com\/wp-content\/uploads\/2025\/09\/E4_4-Photo-300x300.jpg 300w, https:\/\/weraso.com\/wp-content\/uploads\/2025\/09\/E4_4-Photo-1024x1024.jpg 1024w, https:\/\/weraso.com\/wp-content\/uploads\/2025\/09\/E4_4-Photo-768x768.jpg 768w, https:\/\/weraso.com\/wp-content\/uploads\/2025\/09\/E4_4-Photo-1536x1536.jpg 1536w, https:\/\/weraso.com\/wp-content\/uploads\/2025\/09\/E4_4-Photo-2048x2048.jpg 2048w, https:\/\/weraso.com\/wp-content\/uploads\/2025\/09\/E4_4-Photo-600x600.jpg 600w, https:\/\/weraso.com\/wp-content\/uploads\/2025\/09\/E4_4-Photo-100x100.jpg 100w"}],"product-metabox-gallery-video":[],"product-metabox-materials":[{"label":"Pain\u00e9is frontais e gavetas","value":"folheado de carvalho"},{"label":"Tampo","value":"placa compacta branca"},{"label":"P\u00e9s","value":"metal com pintura eletrost\u00e1tica preto mate"},{"label":"Acabamento","value":"\u00f3leo e cera dura natural"}],"product-metabox-color":"<p data-syno-attrs=\"{&quot;textMarks&quot;:[{&quot;_&quot;:&quot;font_size&quot;,&quot;value&quot;:11},{&quot;_&quot;:&quot;font_family&quot;,&quot;complexScript&quot;:&quot;Arial&quot;,&quot;eastAsia&quot;:&quot;Calibri&quot;,&quot;value&quot;:&quot;Calibri&quot;}]}\"><span data-syno-attrs=\"{&quot;value&quot;:&quot;Calibri&quot;,&quot;eastAsia&quot;:&quot;Calibri&quot;,&quot;complexScript&quot;:&quot;Arial&quot;,&quot;hint&quot;:&quot;default&quot;}\">Castanho claro com tampo branco mate<\/span><\/p>\n","product-metabox-instructions":"<p data-syno-attrs=\"{&quot;textMarks&quot;:[{&quot;_&quot;:&quot;font_size&quot;,&quot;value&quot;:12},{&quot;_&quot;:&quot;font_family&quot;,&quot;complexScript&quot;:&quot;Arial&quot;,&quot;eastAsia&quot;:&quot;Calibri&quot;,&quot;value&quot;:&quot;Calibri&quot;}]}\"><span data-syno-attrs=\"{&quot;value&quot;:&quot;Calibri&quot;,&quot;eastAsia&quot;:&quot;Calibri&quot;,&quot;complexScript&quot;:&quot;Arial&quot;,&quot;hint&quot;:&quot;default&quot;}\">Fornecido em embalagem compacta, o produto requer a montagem dos p\u00e9s.<\/span><\/p>\n","account-metabox-visibility":[]},"_links":{"self":[{"href":"https:\/\/weraso.com\/pt\/wp-json\/wp\/v2\/product\/4071","targetHints":{"allow":["GET"]}}],"collection":[{"href":"https:\/\/weraso.com\/pt\/wp-json\/wp\/v2\/product"}],"about":[{"href":"https:\/\/weraso.com\/pt\/wp-json\/wp\/v2\/types\/product"}],"wp:featuredmedia":[{"embeddable":true,"href":"https:\/\/weraso.com\/pt\/wp-json\/wp\/v2\/media\/2669"}],"wp:attachment":[{"href":"https:\/\/weraso.com\/pt\/wp-json\/wp\/v2\/media?parent=4071"}],"wp:term":[{"taxonomy":"product_brand","embeddable":true,"href":"https:\/\/weraso.com\/pt\/wp-json\/wp\/v2\/product_brand?post=4071"},{"taxonomy":"product_cat","embeddable":true,"href":"https:\/\/weraso.com\/pt\/wp-json\/wp\/v2\/product_cat?post=4071"},{"taxonomy":"product_tag","embeddable":true,"href":"https:\/\/weraso.com\/pt\/wp-json\/wp\/v2\/product_tag?post=4071"}],"curies":[{"name":"wp","href":"https:\/\/api.w.org\/{rel}","templated":true}]}}