{"id":4069,"date":"2025-09-08T16:30:36","date_gmt":"2025-09-08T16:30:36","guid":{"rendered":"https:\/\/test.weraso.com\/product\/azumi\/"},"modified":"2025-11-09T09:08:54","modified_gmt":"2025-11-09T09:08:54","slug":"azumi","status":"publish","type":"product","link":"https:\/\/weraso.com\/pt\/produto\/azumi\/","title":{"rendered":"Azumi"},"content":{"rendered":"<p data-syno-attrs=\"{&quot;textMarks&quot;:[{&quot;_&quot;:&quot;font_size&quot;,&quot;value&quot;:12},{&quot;_&quot;:&quot;font_family&quot;,&quot;complexScript&quot;:&quot;Arial&quot;,&quot;eastAsia&quot;:&quot;Calibri&quot;,&quot;value&quot;:&quot;Calibri&quot;}]}\"><span data-syno-attrs=\"{&quot;value&quot;:&quot;Calibri&quot;,&quot;eastAsia&quot;:&quot;Calibri&quot;,&quot;complexScript&quot;:&quot;Arial&quot;,&quot;hint&quot;:&quot;default&quot;}\">Azumi \u00e9 uma c\u00f3moda que combina a funcionalidade com a beleza minimalista do design n\u00f3rdico japon\u00eas. As suas frentes com acabamento preciso combinam quatro gavetas pr\u00e1ticas e portas com um puxador fresado que permite uma abertura conveniente sem a necessidade de acess\u00f3rios met\u00e1licos. Este sistema inteligente garante um aspeto limpo, sem elementos que distraiam, e ao mesmo tempo uma utiliza\u00e7\u00e3o confort\u00e1vel e silenciosa.<\/span><\/p>\n<p data-syno-attrs=\"{&quot;textMarks&quot;:[{&quot;_&quot;:&quot;font_size&quot;,&quot;value&quot;:12},{&quot;_&quot;:&quot;font_family&quot;,&quot;complexScript&quot;:&quot;Arial&quot;,&quot;eastAsia&quot;:&quot;Calibri&quot;,&quot;value&quot;:&quot;Calibri&quot;}]}\"><span data-syno-attrs=\"{&quot;value&quot;:&quot;Calibri&quot;,&quot;eastAsia&quot;:&quot;Calibri&quot;,&quot;complexScript&quot;:&quot;Arial&quot;,&quot;hint&quot;:&quot;default&quot;}\">Cada pe\u00e7a \u00e9 feita de materiais naturais e tem um aspeto \u00fanico \u2013 as diferen\u00e7as na textura e tonalidade da madeira s\u00e3o parte integrante do design.<\/span><\/p>\n","protected":false},"excerpt":{"rendered":"<p data-syno-attrs=\"{&quot;textMarks&quot;:[{&quot;_&quot;:&quot;font_size&quot;,&quot;value&quot;:11},{&quot;_&quot;:&quot;font_family&quot;,&quot;complexScript&quot;:&quot;Arial&quot;,&quot;eastAsia&quot;:&quot;Calibri&quot;,&quot;value&quot;:&quot;Calibri&quot;}]}\"><span data-syno-attrs=\"{&quot;value&quot;:&quot;Calibri&quot;,&quot;eastAsia&quot;:&quot;Calibri&quot;,&quot;complexScript&quot;:&quot;Arial&quot;,&quot;hint&quot;:&quot;default&quot;}\">Gra\u00e7as ao seu design, o Azumi \u00e9 ideal para salas de jantar, oferecendo um amplo espa\u00e7o para guardar talheres, pratos e outros acess\u00f3rios de mesa. Pertence \u00e0 cole\u00e7\u00e3o Satori, trazendo harmonia, clareza e eleg\u00e2ncia intemporal \u00e0 casa.<\/span><\/p>\n<p data-syno-attrs=\"{&quot;textMarks&quot;:[{&quot;_&quot;:&quot;font_family&quot;,&quot;value&quot;:&quot;Times New Roman&quot;},{&quot;_&quot;:&quot;font_size&quot;,&quot;value&quot;:&quot;11pt&quot;}]}\"><span data-syno-inline=\"true\">\u00a0<\/span><\/p>\n","protected":false},"featured_media":2705,"template":"","meta":{"inline_featured_image":false},"product_brand":[],"product_cat":[117],"product_tag":[],"class_list":{"0":"post-4069","1":"product","2":"type-product","3":"status-publish","4":"has-post-thumbnail","6":"product_cat-satori-pt","8":"first","9":"instock","10":"taxable","11":"shipping-taxable","12":"purchasable","13":"product-type-simple"},"aioseo_notices":[],"meta_box":{"product-metabox-hero":[],"product-metabox-presentation-second":[{"width":150,"height":150,"file":"2025\/09\/E3_4-Photo-scaled.jpg","filesize":380555,"sizes":{"medium":{"file":"E3_4-Photo-300x300.jpg","width":300,"height":300,"mime-type":"image\/jpeg","filesize":4931,"url":"https:\/\/weraso.com\/wp-content\/uploads\/2025\/09\/E3_4-Photo-300x300.jpg"},"large":{"file":"E3_4-Photo-1024x1024.jpg","width":1024,"height":1024,"mime-type":"image\/jpeg","filesize":41242,"url":"https:\/\/weraso.com\/wp-content\/uploads\/2025\/09\/E3_4-Photo-1024x1024.jpg"},"thumbnail":{"file":"E3_4-Photo-150x150.jpg","width":150,"height":150,"mime-type":"image\/jpeg","filesize":1842,"url":"https:\/\/weraso.com\/wp-content\/uploads\/2025\/09\/E3_4-Photo-150x150.jpg"},"medium_large":{"file":"E3_4-Photo-768x768.jpg","width":768,"height":768,"mime-type":"image\/jpeg","filesize":22598,"url":"https:\/\/weraso.com\/wp-content\/uploads\/2025\/09\/E3_4-Photo-768x768.jpg"},"1536x1536":{"file":"E3_4-Photo-1536x1536.jpg","width":1536,"height":1536,"mime-type":"image\/jpeg","filesize":106776,"url":"https:\/\/weraso.com\/wp-content\/uploads\/2025\/09\/E3_4-Photo-1536x1536.jpg"},"2048x2048":{"file":"E3_4-Photo-2048x2048.jpg","width":2048,"height":2048,"mime-type":"image\/jpeg","filesize":221786,"url":"https:\/\/weraso.com\/wp-content\/uploads\/2025\/09\/E3_4-Photo-2048x2048.jpg"},"woocommerce_thumbnail":{"file":"E3_4-Photo-300x300.jpg","width":300,"height":300,"mime-type":"image\/jpeg","filesize":4931,"uncropped":false,"url":"https:\/\/weraso.com\/wp-content\/uploads\/2025\/09\/E3_4-Photo-300x300.jpg"},"woocommerce_single":{"file":"E3_4-Photo-600x600.jpg","width":600,"height":600,"mime-type":"image\/jpeg","filesize":14982,"url":"https:\/\/weraso.com\/wp-content\/uploads\/2025\/09\/E3_4-Photo-600x600.jpg"},"woocommerce_gallery_thumbnail":{"file":"E3_4-Photo-100x100.jpg","width":100,"height":100,"mime-type":"image\/jpeg","filesize":1162,"url":"https:\/\/weraso.com\/wp-content\/uploads\/2025\/09\/E3_4-Photo-100x100.jpg"}},"image_meta":{"aperture":"0","credit":"","camera":"","caption":"","created_timestamp":"0","copyright":"","focal_length":"0","iso":"0","shutter_speed":"0","title":"","orientation":"0","keywords":[]},"original_image":"E3_4-Photo.jpg","ID":"2706","name":"E3_4-Photo-scaled.jpg","path":"\/data\/7\/5\/757d27e6-6549-4450-aa2b-08ca64892026\/weraso.com\/web\/wp-content\/uploads\/2025\/09\/E3_4-Photo-scaled.jpg","url":"https:\/\/weraso.com\/wp-content\/uploads\/2025\/09\/E3_4-Photo-150x150.jpg","full_url":"https:\/\/weraso.com\/wp-content\/uploads\/2025\/09\/E3_4-Photo-scaled.jpg","title":"E3_4 - Photo","caption":"","description":"","alt":"","srcset":"https:\/\/weraso.com\/wp-content\/uploads\/2025\/09\/E3_4-Photo-150x150.jpg 150w, https:\/\/weraso.com\/wp-content\/uploads\/2025\/09\/E3_4-Photo-300x300.jpg 300w, https:\/\/weraso.com\/wp-content\/uploads\/2025\/09\/E3_4-Photo-1024x1024.jpg 1024w, https:\/\/weraso.com\/wp-content\/uploads\/2025\/09\/E3_4-Photo-768x768.jpg 768w, https:\/\/weraso.com\/wp-content\/uploads\/2025\/09\/E3_4-Photo-1536x1536.jpg 1536w, https:\/\/weraso.com\/wp-content\/uploads\/2025\/09\/E3_4-Photo-2048x2048.jpg 2048w, https:\/\/weraso.com\/wp-content\/uploads\/2025\/09\/E3_4-Photo-600x600.jpg 600w, https:\/\/weraso.com\/wp-content\/uploads\/2025\/09\/E3_4-Photo-100x100.jpg 100w"}],"product-metabox-gallery-video":[],"product-metabox-materials":[{"label":"Pain\u00e9is frontais e gavetas","value":"folheado de carvalho"},{"label":"Tampo","value":"MDF branco compacto"},{"label":"P\u00e9s","value":"metal com pintura eletrost\u00e1tica preto mate"},{"label":"Acabamento da superf\u00edcie","value":"\u00f3leo e cera dura natural"}],"product-metabox-color":"<p data-syno-attrs=\"{&quot;textMarks&quot;:[{&quot;_&quot;:&quot;font_size&quot;,&quot;value&quot;:11},{&quot;_&quot;:&quot;font_family&quot;,&quot;complexScript&quot;:&quot;Arial&quot;,&quot;eastAsia&quot;:&quot;Calibri&quot;,&quot;value&quot;:&quot;Calibri&quot;}]}\"><span data-syno-attrs=\"{&quot;value&quot;:&quot;Calibri&quot;,&quot;eastAsia&quot;:&quot;Calibri&quot;,&quot;complexScript&quot;:&quot;Arial&quot;,&quot;hint&quot;:&quot;default&quot;}\">Castanho claro com tampo branco mate<\/span><\/p>\n","product-metabox-instructions":"<p data-syno-attrs=\"{&quot;textMarks&quot;:[{&quot;_&quot;:&quot;font_size&quot;,&quot;value&quot;:12},{&quot;_&quot;:&quot;font_family&quot;,&quot;complexScript&quot;:&quot;Arial&quot;,&quot;eastAsia&quot;:&quot;Calibri&quot;,&quot;value&quot;:&quot;Calibri&quot;}]}\"><span data-syno-attrs=\"{&quot;value&quot;:&quot;Calibri&quot;,&quot;eastAsia&quot;:&quot;Calibri&quot;,&quot;complexScript&quot;:&quot;Arial&quot;,&quot;hint&quot;:&quot;default&quot;}\">Fornecido em embalagem compacta, o produto requer a montagem dos p\u00e9s.<\/span><\/p>\n<p data-syno-attrs=\"{&quot;textMarks&quot;:[{&quot;_&quot;:&quot;font_size&quot;,&quot;value&quot;:12},{&quot;_&quot;:&quot;font_family&quot;,&quot;complexScript&quot;:&quot;Arial&quot;,&quot;eastAsia&quot;:&quot;Calibri&quot;,&quot;value&quot;:&quot;Calibri&quot;}]}\">\n","account-metabox-visibility":[]},"_links":{"self":[{"href":"https:\/\/weraso.com\/pt\/wp-json\/wp\/v2\/product\/4069","targetHints":{"allow":["GET"]}}],"collection":[{"href":"https:\/\/weraso.com\/pt\/wp-json\/wp\/v2\/product"}],"about":[{"href":"https:\/\/weraso.com\/pt\/wp-json\/wp\/v2\/types\/product"}],"wp:featuredmedia":[{"embeddable":true,"href":"https:\/\/weraso.com\/pt\/wp-json\/wp\/v2\/media\/2705"}],"wp:attachment":[{"href":"https:\/\/weraso.com\/pt\/wp-json\/wp\/v2\/media?parent=4069"}],"wp:term":[{"taxonomy":"product_brand","embeddable":true,"href":"https:\/\/weraso.com\/pt\/wp-json\/wp\/v2\/product_brand?post=4069"},{"taxonomy":"product_cat","embeddable":true,"href":"https:\/\/weraso.com\/pt\/wp-json\/wp\/v2\/product_cat?post=4069"},{"taxonomy":"product_tag","embeddable":true,"href":"https:\/\/weraso.com\/pt\/wp-json\/wp\/v2\/product_tag?post=4069"}],"curies":[{"name":"wp","href":"https:\/\/api.w.org\/{rel}","templated":true}]}}