{"id":4065,"date":"2025-09-08T14:41:56","date_gmt":"2025-09-08T14:41:56","guid":{"rendered":"https:\/\/test.weraso.com\/product\/orika\/"},"modified":"2025-11-12T17:26:59","modified_gmt":"2025-11-12T17:26:59","slug":"orika","status":"publish","type":"product","link":"https:\/\/weraso.com\/pt\/produto\/orika\/","title":{"rendered":"Orika"},"content":{"rendered":"<ul>\n<li data-syno-attrs=\"{&quot;textMarks&quot;:[{&quot;_&quot;:&quot;font_size&quot;,&quot;value&quot;:11},{&quot;_&quot;:&quot;font_family&quot;,&quot;complexScript&quot;:&quot;Arial&quot;,&quot;eastAsia&quot;:&quot;Calibri&quot;,&quot;value&quot;:&quot;Calibri&quot;}]}\"><span data-syno-attrs=\"{&quot;value&quot;:&quot;Calibri&quot;,&quot;eastAsia&quot;:&quot;Calibri&quot;,&quot;complexScript&quot;:&quot;Arial&quot;,&quot;hint&quot;:&quot;default&quot;}\">As linhas subtilmente fresadas nos pain\u00e9is frontais n\u00e3o s\u00e3o apenas decorativas, mas tamb\u00e9m revelam solu\u00e7\u00f5es de arruma\u00e7\u00e3o inteligentes escondidas por detr\u00e1s de um design limpo e uniforme.<\/span><\/li>\n<li data-syno-attrs=\"{&quot;textMarks&quot;:[{&quot;_&quot;:&quot;font_size&quot;,&quot;value&quot;:11},{&quot;_&quot;:&quot;font_family&quot;,&quot;complexScript&quot;:&quot;Arial&quot;,&quot;eastAsia&quot;:&quot;Calibri&quot;,&quot;value&quot;:&quot;Calibri&quot;}]}\"><span data-syno-attrs=\"{&quot;value&quot;:&quot;Calibri&quot;,&quot;eastAsia&quot;:&quot;Calibri&quot;,&quot;complexScript&quot;:&quot;Arial&quot;,&quot;hint&quot;:&quot;default&quot;}\"><span data-syno-attrs=\"{&quot;value&quot;:&quot;Calibri&quot;,&quot;eastAsia&quot;:&quot;Calibri&quot;,&quot;complexScript&quot;:&quot;Arial&quot;,&quot;hint&quot;:&quot;default&quot;}\">Orika \u00e9 o complemento perfeito para a cole\u00e7\u00e3o Satori, que enfatiza a harmonia entre os materiais naturais e o design intemporal.<\/span><\/span><span data-syno-attrs=\"{&quot;value&quot;:&quot;Calibri&quot;,&quot;eastAsia&quot;:&quot;Calibri&quot;,&quot;complexScript&quot;:&quot;Arial&quot;,&quot;hint&quot;:&quot;default&quot;}\">Cada pe\u00e7a \u00e9 feita de material natural, e os seus veios e tonalidade \u00fanicos fazem parte da sua personalidade.<\/span><\/li>\n<\/ul>\n","protected":false},"excerpt":{"rendered":"<p data-syno-attrs=\"{&quot;textMarks&quot;:[{&quot;_&quot;:&quot;font_size&quot;,&quot;value&quot;:11},{&quot;_&quot;:&quot;font_family&quot;,&quot;complexScript&quot;:&quot;Arial&quot;,&quot;eastAsia&quot;:&quot;Calibri&quot;,&quot;value&quot;:&quot;Calibri&quot;}]}\"><span data-syno-attrs=\"{&quot;value&quot;:&quot;Calibri&quot;,&quot;eastAsia&quot;:&quot;Calibri&quot;,&quot;complexScript&quot;:&quot;Arial&quot;,&quot;hint&quot;:&quot;default&quot;}\">Orika traz uma sensa\u00e7\u00e3o de pureza e paz ao seu interior, como a primeira luz da manh\u00e3. A sua silhueta esguia e as frentes lisas em carvalho, sem puxadores vis\u00edveis, criam uma impress\u00e3o elegante e calmante de ordem que se encaixa perfeitamente no estilo minimalista Japandi.<\/span><\/p>\n","protected":false},"featured_media":2628,"template":"","meta":{"inline_featured_image":false},"product_brand":[],"product_cat":[117],"product_tag":[],"class_list":{"0":"post-4065","1":"product","2":"type-product","3":"status-publish","4":"has-post-thumbnail","6":"product_cat-satori-pt","8":"first","9":"instock","10":"taxable","11":"shipping-taxable","12":"purchasable","13":"product-type-variable"},"aioseo_notices":[],"meta_box":{"product-metabox-hero":[],"product-metabox-presentation-second":[{"width":150,"height":150,"file":"2025\/09\/E2_4-Photo-scaled.jpg","filesize":371028,"sizes":{"medium":{"file":"E2_4-Photo-300x300.jpg","width":300,"height":300,"mime-type":"image\/jpeg","filesize":4727,"url":"https:\/\/weraso.com\/wp-content\/uploads\/2025\/09\/E2_4-Photo-300x300.jpg"},"large":{"file":"E2_4-Photo-1024x1024.jpg","width":1024,"height":1024,"mime-type":"image\/jpeg","filesize":40230,"url":"https:\/\/weraso.com\/wp-content\/uploads\/2025\/09\/E2_4-Photo-1024x1024.jpg"},"thumbnail":{"file":"E2_4-Photo-150x150.jpg","width":150,"height":150,"mime-type":"image\/jpeg","filesize":1806,"url":"https:\/\/weraso.com\/wp-content\/uploads\/2025\/09\/E2_4-Photo-150x150.jpg"},"medium_large":{"file":"E2_4-Photo-768x768.jpg","width":768,"height":768,"mime-type":"image\/jpeg","filesize":22171,"url":"https:\/\/weraso.com\/wp-content\/uploads\/2025\/09\/E2_4-Photo-768x768.jpg"},"1536x1536":{"file":"E2_4-Photo-1536x1536.jpg","width":1536,"height":1536,"mime-type":"image\/jpeg","filesize":104827,"url":"https:\/\/weraso.com\/wp-content\/uploads\/2025\/09\/E2_4-Photo-1536x1536.jpg"},"2048x2048":{"file":"E2_4-Photo-2048x2048.jpg","width":2048,"height":2048,"mime-type":"image\/jpeg","filesize":216882,"url":"https:\/\/weraso.com\/wp-content\/uploads\/2025\/09\/E2_4-Photo-2048x2048.jpg"},"woocommerce_thumbnail":{"file":"E2_4-Photo-300x300.jpg","width":300,"height":300,"mime-type":"image\/jpeg","filesize":4727,"uncropped":false,"url":"https:\/\/weraso.com\/wp-content\/uploads\/2025\/09\/E2_4-Photo-300x300.jpg"},"woocommerce_single":{"file":"E2_4-Photo-600x600.jpg","width":600,"height":600,"mime-type":"image\/jpeg","filesize":14550,"url":"https:\/\/weraso.com\/wp-content\/uploads\/2025\/09\/E2_4-Photo-600x600.jpg"},"woocommerce_gallery_thumbnail":{"file":"E2_4-Photo-100x100.jpg","width":100,"height":100,"mime-type":"image\/jpeg","filesize":1128,"url":"https:\/\/weraso.com\/wp-content\/uploads\/2025\/09\/E2_4-Photo-100x100.jpg"}},"image_meta":{"aperture":"0","credit":"","camera":"","caption":"","created_timestamp":"0","copyright":"","focal_length":"0","iso":"0","shutter_speed":"0","title":"","orientation":"0","keywords":[]},"original_image":"E2_4-Photo.jpg","ID":"2629","name":"E2_4-Photo-scaled.jpg","path":"\/data\/7\/5\/757d27e6-6549-4450-aa2b-08ca64892026\/weraso.com\/web\/wp-content\/uploads\/2025\/09\/E2_4-Photo-scaled.jpg","url":"https:\/\/weraso.com\/wp-content\/uploads\/2025\/09\/E2_4-Photo-150x150.jpg","full_url":"https:\/\/weraso.com\/wp-content\/uploads\/2025\/09\/E2_4-Photo-scaled.jpg","title":"E2_4 - Photo","caption":"","description":"","alt":"","srcset":"https:\/\/weraso.com\/wp-content\/uploads\/2025\/09\/E2_4-Photo-150x150.jpg 150w, https:\/\/weraso.com\/wp-content\/uploads\/2025\/09\/E2_4-Photo-300x300.jpg 300w, https:\/\/weraso.com\/wp-content\/uploads\/2025\/09\/E2_4-Photo-1024x1024.jpg 1024w, https:\/\/weraso.com\/wp-content\/uploads\/2025\/09\/E2_4-Photo-768x768.jpg 768w, https:\/\/weraso.com\/wp-content\/uploads\/2025\/09\/E2_4-Photo-1536x1536.jpg 1536w, https:\/\/weraso.com\/wp-content\/uploads\/2025\/09\/E2_4-Photo-2048x2048.jpg 2048w, https:\/\/weraso.com\/wp-content\/uploads\/2025\/09\/E2_4-Photo-600x600.jpg 600w, https:\/\/weraso.com\/wp-content\/uploads\/2025\/09\/E2_4-Photo-100x100.jpg 100w"}],"product-metabox-gallery-video":[],"product-metabox-materials":[{"label":"Pain\u00e9is frontais e gavetas","value":"folheado de carvalho"},{"label":"Tampo","value":"placa compacta branca"},{"label":"P\u00e9s","value":"metal com pintura eletrost\u00e1tica preto mate"},{"label":"Acabamento da superf\u00edcie","value":"\u00f3leo e cera dura natural para real\u00e7ar a textura e proteger a madeira"}],"product-metabox-color":"<p data-syno-attrs=\"{&quot;textMarks&quot;:[{&quot;_&quot;:&quot;font_size&quot;,&quot;value&quot;:11},{&quot;_&quot;:&quot;font_family&quot;,&quot;complexScript&quot;:&quot;Arial&quot;,&quot;eastAsia&quot;:&quot;Calibri&quot;,&quot;value&quot;:&quot;Calibri&quot;}]}\"><span data-syno-attrs=\"{&quot;value&quot;:&quot;Calibri&quot;,&quot;eastAsia&quot;:&quot;Calibri&quot;,&quot;complexScript&quot;:&quot;Arial&quot;,&quot;hint&quot;:&quot;default&quot;}\">Castanho claro com tampo branco mate<\/span><\/p>\n","product-metabox-instructions":"<p data-syno-attrs=\"{&quot;textMarks&quot;:[{&quot;_&quot;:&quot;font_size&quot;,&quot;value&quot;:12},{&quot;_&quot;:&quot;font_family&quot;,&quot;complexScript&quot;:&quot;Arial&quot;,&quot;eastAsia&quot;:&quot;Calibri&quot;,&quot;value&quot;:&quot;Calibri&quot;}]}\"><span data-syno-attrs=\"{&quot;value&quot;:&quot;Calibri&quot;,&quot;eastAsia&quot;:&quot;Calibri&quot;,&quot;complexScript&quot;:&quot;Arial&quot;,&quot;hint&quot;:&quot;default&quot;}\">Entregue em embalagem compacta, o produto requer montagem dos p\u00e9s.<\/span><\/p>\n","account-metabox-visibility":[]},"_links":{"self":[{"href":"https:\/\/weraso.com\/pt\/wp-json\/wp\/v2\/product\/4065","targetHints":{"allow":["GET"]}}],"collection":[{"href":"https:\/\/weraso.com\/pt\/wp-json\/wp\/v2\/product"}],"about":[{"href":"https:\/\/weraso.com\/pt\/wp-json\/wp\/v2\/types\/product"}],"wp:featuredmedia":[{"embeddable":true,"href":"https:\/\/weraso.com\/pt\/wp-json\/wp\/v2\/media\/2628"}],"wp:attachment":[{"href":"https:\/\/weraso.com\/pt\/wp-json\/wp\/v2\/media?parent=4065"}],"wp:term":[{"taxonomy":"product_brand","embeddable":true,"href":"https:\/\/weraso.com\/pt\/wp-json\/wp\/v2\/product_brand?post=4065"},{"taxonomy":"product_cat","embeddable":true,"href":"https:\/\/weraso.com\/pt\/wp-json\/wp\/v2\/product_cat?post=4065"},{"taxonomy":"product_tag","embeddable":true,"href":"https:\/\/weraso.com\/pt\/wp-json\/wp\/v2\/product_tag?post=4065"}],"curies":[{"name":"wp","href":"https:\/\/api.w.org\/{rel}","templated":true}]}}