{"id":4047,"date":"2025-09-09T16:30:02","date_gmt":"2025-09-09T16:30:02","guid":{"rendered":"https:\/\/test.weraso.com\/product\/zaluna\/"},"modified":"2025-11-09T08:51:08","modified_gmt":"2025-11-09T08:51:08","slug":"zaluna","status":"publish","type":"product","link":"https:\/\/weraso.com\/pt\/produto\/zaluna\/","title":{"rendered":"Zaluna"},"content":{"rendered":"<p data-syno-attrs=\"{&quot;textMarks&quot;:[{&quot;_&quot;:&quot;font_size&quot;,&quot;value&quot;:12},{&quot;_&quot;:&quot;font_family&quot;,&quot;complexScript&quot;:&quot;Arial&quot;,&quot;eastAsia&quot;:&quot;Calibri&quot;,&quot;value&quot;:&quot;Calibri&quot;}]}\"><span data-syno-attrs=\"{&quot;value&quot;:&quot;Calibri&quot;,&quot;eastAsia&quot;:&quot;Calibri&quot;,&quot;complexScript&quot;:&quot;Arial&quot;,&quot;hint&quot;:&quot;default&quot;}\">As duas gavetas grandes s\u00e3o ideais para organizar objetos no quarto, sala de estar ou escrit\u00f3rio. As bordas arredondadas completam o aspeto moderno e agrad\u00e1vel, que se adapta facilmente a v\u00e1rios estilos de decora\u00e7\u00e3o.<\/span><\/p>\n<p data-syno-attrs=\"{&quot;textMarks&quot;:[{&quot;_&quot;:&quot;font_size&quot;,&quot;value&quot;:12},{&quot;_&quot;:&quot;font_family&quot;,&quot;complexScript&quot;:&quot;Arial&quot;,&quot;eastAsia&quot;:&quot;Calibri&quot;,&quot;value&quot;:&quot;Calibri&quot;}]}\"><span data-syno-attrs=\"{&quot;value&quot;:&quot;Calibri&quot;,&quot;eastAsia&quot;:&quot;Calibri&quot;,&quot;complexScript&quot;:&quot;Arial&quot;,&quot;hint&quot;:&quot;default&quot;}\">Cada pe\u00e7a \u00e9 feita de material natural e tem o seu pr\u00f3prio aspeto original &#8211; as diferen\u00e7as no padr\u00e3o e na tonalidade da madeira s\u00e3o parte natural do design.<\/span><\/p>\n","protected":false},"excerpt":{"rendered":"<p data-syno-attrs=\"{&quot;textMarks&quot;:[{&quot;_&quot;:&quot;font_size&quot;,&quot;value&quot;:12},{&quot;_&quot;:&quot;font_family&quot;,&quot;complexScript&quot;:&quot;Arial&quot;,&quot;eastAsia&quot;:&quot;Calibri&quot;,&quot;value&quot;:&quot;Calibri&quot;}]}\"><span data-syno-attrs=\"{&quot;value&quot;:&quot;Calibri&quot;,&quot;eastAsia&quot;:&quot;Calibri&quot;,&quot;complexScript&quot;:&quot;Arial&quot;,&quot;hint&quot;:&quot;default&quot;}\">A Zaluna \u00e9 uma c\u00f3moda suspensa moderna e funcional da cole\u00e7\u00e3o Lunera, concebida para oferecer uma solu\u00e7\u00e3o de arruma\u00e7\u00e3o elegante e pr\u00e1tica para a casa. A c\u00f3moda possui duas gavetas frontais espa\u00e7osas, lado a lado, que oferecem bastante espa\u00e7o para guardar pequenos objetos, livros ou artigos pessoais.<\/span><\/p>\n","protected":false},"featured_media":3109,"template":"","meta":{"inline_featured_image":false},"product_brand":[],"product_cat":[115],"product_tag":[],"class_list":{"0":"post-4047","1":"product","2":"type-product","3":"status-publish","4":"has-post-thumbnail","6":"product_cat-lunera-pt","8":"first","9":"instock","10":"taxable","11":"shipping-taxable","12":"purchasable","13":"product-type-simple"},"aioseo_notices":[],"meta_box":{"product-metabox-hero":[],"product-metabox-presentation-second":[{"width":150,"height":150,"file":"2025\/09\/C3_4-Photo-scaled.jpg","filesize":311875,"sizes":{"medium":{"file":"C3_4-Photo-300x300.jpg","width":300,"height":300,"mime-type":"image\/jpeg","filesize":3491,"url":"https:\/\/weraso.com\/wp-content\/uploads\/2025\/09\/C3_4-Photo-300x300.jpg"},"large":{"file":"C3_4-Photo-1024x1024.jpg","width":1024,"height":1024,"mime-type":"image\/jpeg","filesize":27792,"url":"https:\/\/weraso.com\/wp-content\/uploads\/2025\/09\/C3_4-Photo-1024x1024.jpg"},"thumbnail":{"file":"C3_4-Photo-150x150.jpg","width":150,"height":150,"mime-type":"image\/jpeg","filesize":1457,"url":"https:\/\/weraso.com\/wp-content\/uploads\/2025\/09\/C3_4-Photo-150x150.jpg"},"medium_large":{"file":"C3_4-Photo-768x768.jpg","width":768,"height":768,"mime-type":"image\/jpeg","filesize":15418,"url":"https:\/\/weraso.com\/wp-content\/uploads\/2025\/09\/C3_4-Photo-768x768.jpg"},"1536x1536":{"file":"C3_4-Photo-1536x1536.jpg","width":1536,"height":1536,"mime-type":"image\/jpeg","filesize":78266,"url":"https:\/\/weraso.com\/wp-content\/uploads\/2025\/09\/C3_4-Photo-1536x1536.jpg"},"2048x2048":{"file":"C3_4-Photo-2048x2048.jpg","width":2048,"height":2048,"mime-type":"image\/jpeg","filesize":173610,"url":"https:\/\/weraso.com\/wp-content\/uploads\/2025\/09\/C3_4-Photo-2048x2048.jpg"},"woocommerce_thumbnail":{"file":"C3_4-Photo-300x300.jpg","width":300,"height":300,"mime-type":"image\/jpeg","filesize":3491,"uncropped":false,"url":"https:\/\/weraso.com\/wp-content\/uploads\/2025\/09\/C3_4-Photo-300x300.jpg"},"woocommerce_single":{"file":"C3_4-Photo-600x600.jpg","width":600,"height":600,"mime-type":"image\/jpeg","filesize":10050,"url":"https:\/\/weraso.com\/wp-content\/uploads\/2025\/09\/C3_4-Photo-600x600.jpg"},"woocommerce_gallery_thumbnail":{"file":"C3_4-Photo-100x100.jpg","width":100,"height":100,"mime-type":"image\/jpeg","filesize":956,"url":"https:\/\/weraso.com\/wp-content\/uploads\/2025\/09\/C3_4-Photo-100x100.jpg"}},"image_meta":{"aperture":"0","credit":"","camera":"","caption":"","created_timestamp":"0","copyright":"","focal_length":"0","iso":"0","shutter_speed":"0","title":"","orientation":"0","keywords":[]},"original_image":"C3_4-Photo.jpg","ID":"3110","name":"C3_4-Photo-scaled.jpg","path":"\/data\/7\/5\/757d27e6-6549-4450-aa2b-08ca64892026\/weraso.com\/web\/wp-content\/uploads\/2025\/09\/C3_4-Photo-scaled.jpg","url":"https:\/\/weraso.com\/wp-content\/uploads\/2025\/09\/C3_4-Photo-150x150.jpg","full_url":"https:\/\/weraso.com\/wp-content\/uploads\/2025\/09\/C3_4-Photo-scaled.jpg","title":"C3_4 - Photo","caption":"","description":"","alt":"","srcset":"https:\/\/weraso.com\/wp-content\/uploads\/2025\/09\/C3_4-Photo-150x150.jpg 150w, https:\/\/weraso.com\/wp-content\/uploads\/2025\/09\/C3_4-Photo-300x300.jpg 300w, https:\/\/weraso.com\/wp-content\/uploads\/2025\/09\/C3_4-Photo-1024x1024.jpg 1024w, https:\/\/weraso.com\/wp-content\/uploads\/2025\/09\/C3_4-Photo-768x768.jpg 768w, https:\/\/weraso.com\/wp-content\/uploads\/2025\/09\/C3_4-Photo-1536x1536.jpg 1536w, https:\/\/weraso.com\/wp-content\/uploads\/2025\/09\/C3_4-Photo-2048x2048.jpg 2048w, https:\/\/weraso.com\/wp-content\/uploads\/2025\/09\/C3_4-Photo-600x600.jpg 600w, https:\/\/weraso.com\/wp-content\/uploads\/2025\/09\/C3_4-Photo-100x100.jpg 100w"}],"product-metabox-gallery-video":[],"product-metabox-materials":[{"label":"Pain\u00e9is frontais e gavetas","value":"folheado de carvalho"},{"label":"Tampo","value":"superf\u00edcie compacta branca"},{"label":"Divis\u00f3rias internas","value":"aglomerado laminado (DTDL)"},{"label":"Acabamento da superf\u00edcie","value":"\u00f3leo de cera dura natural"}],"product-metabox-color":"<p data-syno-attrs=\"{&quot;textMarks&quot;:[{&quot;_&quot;:&quot;font_size&quot;,&quot;value&quot;:11},{&quot;_&quot;:&quot;font_family&quot;,&quot;complexScript&quot;:&quot;Arial&quot;,&quot;eastAsia&quot;:&quot;Calibri&quot;,&quot;value&quot;:&quot;Calibri&quot;}]}\"><span data-syno-attrs=\"{&quot;value&quot;:&quot;Calibri&quot;,&quot;eastAsia&quot;:&quot;Calibri&quot;,&quot;complexScript&quot;:&quot;Arial&quot;,&quot;hint&quot;:&quot;default&quot;}\">Castanho claro com tampo branco mate<\/span><\/p>\n","product-metabox-instructions":"<p data-syno-attrs=\"{&quot;textMarks&quot;:[{&quot;_&quot;:&quot;font_size&quot;,&quot;value&quot;:12},{&quot;_&quot;:&quot;font_family&quot;,&quot;complexScript&quot;:&quot;Arial&quot;,&quot;eastAsia&quot;:&quot;Calibri&quot;,&quot;value&quot;:&quot;Calibri&quot;}]}\"><span data-syno-attrs=\"{&quot;value&quot;:&quot;Calibri&quot;,&quot;eastAsia&quot;:&quot;Calibri&quot;,&quot;complexScript&quot;:&quot;Arial&quot;,&quot;hint&quot;:&quot;default&quot;}\">A montagem \u00e9 feita na parede utilizando a estrutura de fixa\u00e7\u00e3o fornecida, que garante estabilidade e seguran\u00e7a. Siga o desenho de montagem inclu\u00eddo na embalagem.<\/span><\/p>\n<p data-syno-attrs=\"{&quot;textMarks&quot;:[{&quot;_&quot;:&quot;font_size&quot;,&quot;value&quot;:12},{&quot;_&quot;:&quot;font_family&quot;,&quot;complexScript&quot;:&quot;Arial&quot;,&quot;eastAsia&quot;:&quot;Calibri&quot;,&quot;value&quot;:&quot;Calibri&quot;}]}\"><span data-syno-attrs=\"{&quot;value&quot;:&quot;Calibri&quot;,&quot;eastAsia&quot;:&quot;Calibri&quot;,&quot;complexScript&quot;:&quot;Arial&quot;,&quot;hint&quot;:&quot;default&quot;}\">A embalagem n\u00e3o inclui parafusos ou buchas; recomendamos a utiliza\u00e7\u00e3o de ferragens adequadas ao material da sua parede.<\/span><\/p>\n","account-metabox-visibility":[]},"_links":{"self":[{"href":"https:\/\/weraso.com\/pt\/wp-json\/wp\/v2\/product\/4047","targetHints":{"allow":["GET"]}}],"collection":[{"href":"https:\/\/weraso.com\/pt\/wp-json\/wp\/v2\/product"}],"about":[{"href":"https:\/\/weraso.com\/pt\/wp-json\/wp\/v2\/types\/product"}],"wp:featuredmedia":[{"embeddable":true,"href":"https:\/\/weraso.com\/pt\/wp-json\/wp\/v2\/media\/3109"}],"wp:attachment":[{"href":"https:\/\/weraso.com\/pt\/wp-json\/wp\/v2\/media?parent=4047"}],"wp:term":[{"taxonomy":"product_brand","embeddable":true,"href":"https:\/\/weraso.com\/pt\/wp-json\/wp\/v2\/product_brand?post=4047"},{"taxonomy":"product_cat","embeddable":true,"href":"https:\/\/weraso.com\/pt\/wp-json\/wp\/v2\/product_cat?post=4047"},{"taxonomy":"product_tag","embeddable":true,"href":"https:\/\/weraso.com\/pt\/wp-json\/wp\/v2\/product_tag?post=4047"}],"curies":[{"name":"wp","href":"https:\/\/api.w.org\/{rel}","templated":true}]}}