{"id":4041,"date":"2025-09-09T17:36:29","date_gmt":"2025-09-09T17:36:29","guid":{"rendered":"https:\/\/test.weraso.com\/product\/petalon\/"},"modified":"2025-11-09T08:43:12","modified_gmt":"2025-11-09T08:43:12","slug":"petalon","status":"publish","type":"product","link":"https:\/\/weraso.com\/pt\/produto\/petalon\/","title":{"rendered":"Petalon"},"content":{"rendered":"<ul>\n<li data-syno-attrs=\"{&quot;textMarks&quot;:[{&quot;_&quot;:&quot;font_size&quot;,&quot;value&quot;:11},{&quot;_&quot;:&quot;font_family&quot;,&quot;complexScript&quot;:&quot;Arial&quot;,&quot;eastAsia&quot;:&quot;Calibri&quot;,&quot;value&quot;:&quot;Calibri&quot;}]}\"><span data-syno-attrs=\"{&quot;value&quot;:&quot;Calibri&quot;,&quot;eastAsia&quot;:&quot;Calibri&quot;,&quot;complexScript&quot;:&quot;Arial&quot;,&quot;hint&quot;:&quot;default&quot;}\">Gra\u00e7as \u00e0s suas dimens\u00f5es compactas e bordas arredondadas, parece visualmente leve e, ao mesmo tempo, est\u00e1vel. O seu formato clean permite a decora\u00e7\u00e3o com um vaso, livros ou velas, deixando sempre espa\u00e7o para respirar.<\/span><\/li>\n<li data-syno-attrs=\"{&quot;textMarks&quot;:[{&quot;_&quot;:&quot;font_size&quot;,&quot;value&quot;:11},{&quot;_&quot;:&quot;font_family&quot;,&quot;complexScript&quot;:&quot;Arial&quot;,&quot;eastAsia&quot;:&quot;Calibri&quot;,&quot;value&quot;:&quot;Calibri&quot;}]}\"><span data-syno-attrs=\"{&quot;value&quot;:&quot;Calibri&quot;,&quot;eastAsia&quot;:&quot;Calibri&quot;,&quot;complexScript&quot;:&quot;Arial&quot;,&quot;hint&quot;:&quot;default&quot;}\">Petalon demonstra que os m\u00f3veis podem transmitir energia feminina \u2014 delicada, atenciosa e confiante. Adapta-se tanto a ambientes abertos como a espa\u00e7os acolhedores, tornando-se um ponto focal natural.<\/span><\/li>\n<\/ul>\n","protected":false},"excerpt":{"rendered":"<p data-syno-attrs=\"{&quot;textMarks&quot;:[{&quot;_&quot;:&quot;font_size&quot;,&quot;value&quot;:12},{&quot;_&quot;:&quot;font_family&quot;,&quot;complexScript&quot;:&quot;Arial&quot;,&quot;eastAsia&quot;:&quot;Calibri&quot;,&quot;value&quot;:&quot;Calibri&quot;}]}\"><span data-syno-attrs=\"{&quot;value&quot;:&quot;Calibri&quot;,&quot;eastAsia&quot;:&quot;Calibri&quot;,&quot;complexScript&quot;:&quot;Arial&quot;,&quot;hint&quot;:&quot;default&quot;}\">A mesa de centro Petalon tem um formato quadrado e foi criada como um complemento natural \u00e0 cole\u00e7\u00e3o Flora &#8211; uma linha de mobili\u00e1rio desenhada por mulheres, com aten\u00e7\u00e3o ao detalhe, equil\u00edbrio e delicadeza.<\/span><\/p>\n<p data-syno-attrs=\"{&quot;textMarks&quot;:[{&quot;_&quot;:&quot;font_size&quot;,&quot;value&quot;:12},{&quot;_&quot;:&quot;font_family&quot;,&quot;complexScript&quot;:&quot;Arial&quot;,&quot;eastAsia&quot;:&quot;Calibri&quot;,&quot;value&quot;:&quot;Calibri&quot;}]}\"><span data-syno-attrs=\"{&quot;value&quot;:&quot;Calibri&quot;,&quot;eastAsia&quot;:&quot;Calibri&quot;,&quot;complexScript&quot;:&quot;Arial&quot;,&quot;hint&quot;:&quot;default&quot;}\">Oferece um pr\u00e1tico espa\u00e7o de arruma\u00e7\u00e3o com acesso por dois lados, o que permite guardar pequenos objetos ou revistas com facilidade. A porta abre com um ligeiro pux\u00e3o na borda.<\/span><\/p>\n","protected":false},"featured_media":3509,"template":"","meta":{"inline_featured_image":false},"product_brand":[],"product_cat":[114],"product_tag":[],"class_list":{"0":"post-4041","1":"product","2":"type-product","3":"status-publish","4":"has-post-thumbnail","6":"product_cat-flora-pt","8":"first","9":"instock","10":"taxable","11":"shipping-taxable","12":"purchasable","13":"product-type-simple"},"aioseo_notices":[],"meta_box":{"product-metabox-hero":[],"product-metabox-presentation-second":[{"width":150,"height":150,"file":"2025\/09\/B6_3-Photo-scaled.jpg","filesize":174794,"sizes":{"medium":{"file":"B6_3-Photo-300x300.jpg","width":300,"height":300,"mime-type":"image\/jpeg","filesize":3681,"url":"https:\/\/weraso.com\/wp-content\/uploads\/2025\/09\/B6_3-Photo-300x300.jpg"},"large":{"file":"B6_3-Photo-1024x1024.jpg","width":1024,"height":1024,"mime-type":"image\/jpeg","filesize":26645,"url":"https:\/\/weraso.com\/wp-content\/uploads\/2025\/09\/B6_3-Photo-1024x1024.jpg"},"thumbnail":{"file":"B6_3-Photo-150x150.jpg","width":150,"height":150,"mime-type":"image\/jpeg","filesize":1550,"url":"https:\/\/weraso.com\/wp-content\/uploads\/2025\/09\/B6_3-Photo-150x150.jpg"},"medium_large":{"file":"B6_3-Photo-768x768.jpg","width":768,"height":768,"mime-type":"image\/jpeg","filesize":15727,"url":"https:\/\/weraso.com\/wp-content\/uploads\/2025\/09\/B6_3-Photo-768x768.jpg"},"1536x1536":{"file":"B6_3-Photo-1536x1536.jpg","width":1536,"height":1536,"mime-type":"image\/jpeg","filesize":59382,"url":"https:\/\/weraso.com\/wp-content\/uploads\/2025\/09\/B6_3-Photo-1536x1536.jpg"},"2048x2048":{"file":"B6_3-Photo-2048x2048.jpg","width":2048,"height":2048,"mime-type":"image\/jpeg","filesize":109164,"url":"https:\/\/weraso.com\/wp-content\/uploads\/2025\/09\/B6_3-Photo-2048x2048.jpg"},"woocommerce_thumbnail":{"file":"B6_3-Photo-300x300.jpg","width":300,"height":300,"mime-type":"image\/jpeg","filesize":3681,"uncropped":false,"url":"https:\/\/weraso.com\/wp-content\/uploads\/2025\/09\/B6_3-Photo-300x300.jpg"},"woocommerce_single":{"file":"B6_3-Photo-600x600.jpg","width":600,"height":600,"mime-type":"image\/jpeg","filesize":10561,"url":"https:\/\/weraso.com\/wp-content\/uploads\/2025\/09\/B6_3-Photo-600x600.jpg"},"woocommerce_gallery_thumbnail":{"file":"B6_3-Photo-100x100.jpg","width":100,"height":100,"mime-type":"image\/jpeg","filesize":1039,"url":"https:\/\/weraso.com\/wp-content\/uploads\/2025\/09\/B6_3-Photo-100x100.jpg"}},"image_meta":{"aperture":"0","credit":"","camera":"","caption":"","created_timestamp":"0","copyright":"","focal_length":"0","iso":"0","shutter_speed":"0","title":"","orientation":"0","keywords":[]},"original_image":"B6_3-Photo.jpg","ID":"3510","name":"B6_3-Photo-scaled.jpg","path":"\/data\/7\/5\/757d27e6-6549-4450-aa2b-08ca64892026\/weraso.com\/web\/wp-content\/uploads\/2025\/09\/B6_3-Photo-scaled.jpg","url":"https:\/\/weraso.com\/wp-content\/uploads\/2025\/09\/B6_3-Photo-150x150.jpg","full_url":"https:\/\/weraso.com\/wp-content\/uploads\/2025\/09\/B6_3-Photo-scaled.jpg","title":"B6_3 - Photo","caption":"","description":"","alt":"","srcset":"https:\/\/weraso.com\/wp-content\/uploads\/2025\/09\/B6_3-Photo-150x150.jpg 150w, https:\/\/weraso.com\/wp-content\/uploads\/2025\/09\/B6_3-Photo-300x300.jpg 300w, https:\/\/weraso.com\/wp-content\/uploads\/2025\/09\/B6_3-Photo-1024x1024.jpg 1024w, https:\/\/weraso.com\/wp-content\/uploads\/2025\/09\/B6_3-Photo-768x768.jpg 768w, https:\/\/weraso.com\/wp-content\/uploads\/2025\/09\/B6_3-Photo-1536x1536.jpg 1536w, https:\/\/weraso.com\/wp-content\/uploads\/2025\/09\/B6_3-Photo-2048x2048.jpg 2048w, https:\/\/weraso.com\/wp-content\/uploads\/2025\/09\/B6_3-Photo-600x600.jpg 600w, https:\/\/weraso.com\/wp-content\/uploads\/2025\/09\/B6_3-Photo-100x100.jpg 100w"}],"product-metabox-gallery-video":[],"product-metabox-materials":[{"label":"Pain\u00e9is frontais e superf\u00edcies","value":"folheado de carvalho"},{"label":"Tampo","value":"superf\u00edcie compacta branca"},{"label":"Acabamento da superf\u00edcie","value":"\u00f3leo de cera dura natural"}],"product-metabox-color":"<p data-syno-attrs=\"{&quot;textMarks&quot;:[{&quot;_&quot;:&quot;font_size&quot;,&quot;value&quot;:11},{&quot;_&quot;:&quot;font_family&quot;,&quot;complexScript&quot;:&quot;Arial&quot;,&quot;eastAsia&quot;:&quot;Calibri&quot;,&quot;value&quot;:&quot;Calibri&quot;}]}\"><span data-syno-attrs=\"{&quot;value&quot;:&quot;Calibri&quot;,&quot;eastAsia&quot;:&quot;Calibri&quot;,&quot;complexScript&quot;:&quot;Arial&quot;,&quot;hint&quot;:&quot;default&quot;}\">Castanho claro com tampo branco mate<\/span><\/p>\n","product-metabox-instructions":"<p data-syno-attrs=\"{&quot;textMarks&quot;:[{&quot;_&quot;:&quot;font_size&quot;,&quot;value&quot;:12},{&quot;_&quot;:&quot;font_family&quot;,&quot;complexScript&quot;:&quot;Arial&quot;,&quot;eastAsia&quot;:&quot;Calibri&quot;,&quot;value&quot;:&quot;Calibri&quot;}]}\"><span data-syno-attrs=\"{&quot;value&quot;:&quot;Calibri&quot;,&quot;eastAsia&quot;:&quot;Calibri&quot;,&quot;complexScript&quot;:&quot;Arial&quot;,&quot;hint&quot;:&quot;default&quot;}\">Entregamos numa embalagem compacta.<\/span><\/p>\n","account-metabox-visibility":[]},"_links":{"self":[{"href":"https:\/\/weraso.com\/pt\/wp-json\/wp\/v2\/product\/4041","targetHints":{"allow":["GET"]}}],"collection":[{"href":"https:\/\/weraso.com\/pt\/wp-json\/wp\/v2\/product"}],"about":[{"href":"https:\/\/weraso.com\/pt\/wp-json\/wp\/v2\/types\/product"}],"wp:featuredmedia":[{"embeddable":true,"href":"https:\/\/weraso.com\/pt\/wp-json\/wp\/v2\/media\/3509"}],"wp:attachment":[{"href":"https:\/\/weraso.com\/pt\/wp-json\/wp\/v2\/media?parent=4041"}],"wp:term":[{"taxonomy":"product_brand","embeddable":true,"href":"https:\/\/weraso.com\/pt\/wp-json\/wp\/v2\/product_brand?post=4041"},{"taxonomy":"product_cat","embeddable":true,"href":"https:\/\/weraso.com\/pt\/wp-json\/wp\/v2\/product_cat?post=4041"},{"taxonomy":"product_tag","embeddable":true,"href":"https:\/\/weraso.com\/pt\/wp-json\/wp\/v2\/product_tag?post=4041"}],"curies":[{"name":"wp","href":"https:\/\/api.w.org\/{rel}","templated":true}]}}