{"id":4039,"date":"2025-09-09T17:31:56","date_gmt":"2025-09-09T17:31:56","guid":{"rendered":"https:\/\/test.weraso.com\/product\/rovian\/"},"modified":"2025-11-09T08:38:50","modified_gmt":"2025-11-09T08:38:50","slug":"rovian","status":"publish","type":"product","link":"https:\/\/weraso.com\/pt\/produto\/rovian\/","title":{"rendered":"Rovian"},"content":{"rendered":"<ul>\n<li><span data-syno-attrs=\"{&quot;value&quot;:&quot;Calibri&quot;,&quot;eastAsia&quot;:&quot;Calibri&quot;,&quot;complexScript&quot;:&quot;Arial&quot;,&quot;hint&quot;:&quot;default&quot;}\">As suas bordas arredondadas harmonizam-se com outras pe\u00e7as da cole\u00e7\u00e3o, criando uma liga\u00e7\u00e3o visual perfeita no ambiente.<\/span><\/li>\n<li><span data-syno-attrs=\"{&quot;value&quot;:&quot;Calibri&quot;,&quot;eastAsia&quot;:&quot;Calibri&quot;,&quot;complexScript&quot;:&quot;Arial&quot;,&quot;hint&quot;:&quot;default&quot;}\">A forma minimalista e o acabamento com materiais de alta qualidade fazem da Rovian uma companheira pr\u00e1tica e elegante para o uso di\u00e1rio.<\/span><\/li>\n<li><span data-syno-attrs=\"{&quot;value&quot;:&quot;Calibri&quot;,&quot;eastAsia&quot;:&quot;Calibri&quot;,&quot;complexScript&quot;:&quot;Arial&quot;,&quot;hint&quot;:&quot;default&quot;}\">Cada pe\u00e7a \u00e9 feita com materiais naturais, sendo a varia\u00e7\u00e3o na textura e na cor parte da sua singularidade.<\/span><\/li>\n<\/ul>\n","protected":false},"excerpt":{"rendered":"<p data-syno-attrs=\"{&quot;textMarks&quot;:[{&quot;_&quot;:&quot;font_size&quot;,&quot;value&quot;:12},{&quot;_&quot;:&quot;font_family&quot;,&quot;complexScript&quot;:&quot;Arial&quot;,&quot;eastAsia&quot;:&quot;Calibri&quot;,&quot;value&quot;:&quot;Calibri&quot;}]}\"><span data-syno-attrs=\"{&quot;value&quot;:&quot;Calibri&quot;,&quot;eastAsia&quot;:&quot;Calibri&quot;,&quot;complexScript&quot;:&quot;Arial&quot;,&quot;hint&quot;:&quot;default&quot;}\">A mesa suspensa Rovian tem a assinatura da cole\u00e7\u00e3o de linhas suaves e arredondadas e design intemporal. Parece flutuar acima do ch\u00e3o e traz leveza, eleg\u00e2ncia e praticidade ao ambiente sob a forma de duas extens\u00f5es. Ideal como mesa de TV ou como complemento discreto para o hall de entrada ou outra parte do espa\u00e7o.<\/span><\/p>\n","protected":false},"featured_media":3468,"template":"","meta":{"inline_featured_image":false},"product_brand":[],"product_cat":[114],"product_tag":[],"class_list":{"0":"post-4039","1":"product","2":"type-product","3":"status-publish","4":"has-post-thumbnail","6":"product_cat-flora-pt","8":"first","9":"instock","10":"taxable","11":"shipping-taxable","12":"purchasable","13":"product-type-simple"},"aioseo_notices":[],"meta_box":{"product-metabox-hero":[],"product-metabox-presentation-second":[{"width":150,"height":150,"file":"2025\/09\/B5_4-Photo-scaled.jpg","filesize":342499,"sizes":{"medium":{"file":"B5_4-Photo-300x300.jpg","width":300,"height":300,"mime-type":"image\/jpeg","filesize":3836,"url":"https:\/\/weraso.com\/wp-content\/uploads\/2025\/09\/B5_4-Photo-300x300.jpg"},"large":{"file":"B5_4-Photo-1024x1024.jpg","width":1024,"height":1024,"mime-type":"image\/jpeg","filesize":32063,"url":"https:\/\/weraso.com\/wp-content\/uploads\/2025\/09\/B5_4-Photo-1024x1024.jpg"},"thumbnail":{"file":"B5_4-Photo-150x150.jpg","width":150,"height":150,"mime-type":"image\/jpeg","filesize":1567,"url":"https:\/\/weraso.com\/wp-content\/uploads\/2025\/09\/B5_4-Photo-150x150.jpg"},"medium_large":{"file":"B5_4-Photo-768x768.jpg","width":768,"height":768,"mime-type":"image\/jpeg","filesize":17532,"url":"https:\/\/weraso.com\/wp-content\/uploads\/2025\/09\/B5_4-Photo-768x768.jpg"},"1536x1536":{"file":"B5_4-Photo-1536x1536.jpg","width":1536,"height":1536,"mime-type":"image\/jpeg","filesize":88516,"url":"https:\/\/weraso.com\/wp-content\/uploads\/2025\/09\/B5_4-Photo-1536x1536.jpg"},"2048x2048":{"file":"B5_4-Photo-2048x2048.jpg","width":2048,"height":2048,"mime-type":"image\/jpeg","filesize":193902,"url":"https:\/\/weraso.com\/wp-content\/uploads\/2025\/09\/B5_4-Photo-2048x2048.jpg"},"woocommerce_thumbnail":{"file":"B5_4-Photo-300x300.jpg","width":300,"height":300,"mime-type":"image\/jpeg","filesize":3836,"uncropped":false,"url":"https:\/\/weraso.com\/wp-content\/uploads\/2025\/09\/B5_4-Photo-300x300.jpg"},"woocommerce_single":{"file":"B5_4-Photo-600x600.jpg","width":600,"height":600,"mime-type":"image\/jpeg","filesize":11397,"url":"https:\/\/weraso.com\/wp-content\/uploads\/2025\/09\/B5_4-Photo-600x600.jpg"},"woocommerce_gallery_thumbnail":{"file":"B5_4-Photo-100x100.jpg","width":100,"height":100,"mime-type":"image\/jpeg","filesize":1039,"url":"https:\/\/weraso.com\/wp-content\/uploads\/2025\/09\/B5_4-Photo-100x100.jpg"}},"image_meta":{"aperture":"0","credit":"","camera":"","caption":"","created_timestamp":"0","copyright":"","focal_length":"0","iso":"0","shutter_speed":"0","title":"","orientation":"0","keywords":[]},"original_image":"B5_4-Photo.jpg","ID":"3469","name":"B5_4-Photo-scaled.jpg","path":"\/data\/7\/5\/757d27e6-6549-4450-aa2b-08ca64892026\/weraso.com\/web\/wp-content\/uploads\/2025\/09\/B5_4-Photo-scaled.jpg","url":"https:\/\/weraso.com\/wp-content\/uploads\/2025\/09\/B5_4-Photo-150x150.jpg","full_url":"https:\/\/weraso.com\/wp-content\/uploads\/2025\/09\/B5_4-Photo-scaled.jpg","title":"B5_4 - Photo","caption":"","description":"","alt":"","srcset":"https:\/\/weraso.com\/wp-content\/uploads\/2025\/09\/B5_4-Photo-150x150.jpg 150w, https:\/\/weraso.com\/wp-content\/uploads\/2025\/09\/B5_4-Photo-300x300.jpg 300w, https:\/\/weraso.com\/wp-content\/uploads\/2025\/09\/B5_4-Photo-1024x1024.jpg 1024w, https:\/\/weraso.com\/wp-content\/uploads\/2025\/09\/B5_4-Photo-768x768.jpg 768w, https:\/\/weraso.com\/wp-content\/uploads\/2025\/09\/B5_4-Photo-1536x1536.jpg 1536w, https:\/\/weraso.com\/wp-content\/uploads\/2025\/09\/B5_4-Photo-2048x2048.jpg 2048w, https:\/\/weraso.com\/wp-content\/uploads\/2025\/09\/B5_4-Photo-600x600.jpg 600w, https:\/\/weraso.com\/wp-content\/uploads\/2025\/09\/B5_4-Photo-100x100.jpg 100w"}],"product-metabox-gallery-video":[],"product-metabox-materials":[{"label":"Pain\u00e9is e superf\u00edcies","value":"folheado de carvalho"},{"label":"Tampo","value":"superf\u00edcie compacta branca"},{"label":"Divis\u00f3rias internas","value":"aglomerado laminado (DTDL)"},{"label":"Acabamento da superf\u00edcie","value":"\u00f3leo de cera dura natural"}],"product-metabox-color":"<p data-syno-attrs=\"{&quot;textMarks&quot;:[{&quot;_&quot;:&quot;font_size&quot;,&quot;value&quot;:11},{&quot;_&quot;:&quot;font_family&quot;,&quot;complexScript&quot;:&quot;Arial&quot;,&quot;eastAsia&quot;:&quot;Calibri&quot;,&quot;value&quot;:&quot;Calibri&quot;}]}\"><span data-syno-attrs=\"{&quot;value&quot;:&quot;Calibri&quot;,&quot;eastAsia&quot;:&quot;Calibri&quot;,&quot;complexScript&quot;:&quot;Arial&quot;,&quot;hint&quot;:&quot;default&quot;}\">Castanho claro com tampo branco mate<\/span><\/p>\n","product-metabox-instructions":"<p data-syno-attrs=\"{&quot;textMarks&quot;:[{&quot;_&quot;:&quot;font_size&quot;,&quot;value&quot;:12},{&quot;_&quot;:&quot;font_family&quot;,&quot;complexScript&quot;:&quot;Arial&quot;,&quot;eastAsia&quot;:&quot;Calibri&quot;,&quot;value&quot;:&quot;Calibri&quot;}]}\"><span data-syno-attrs=\"{&quot;value&quot;:&quot;Calibri&quot;,&quot;eastAsia&quot;:&quot;Calibri&quot;,&quot;complexScript&quot;:&quot;Arial&quot;,&quot;hint&quot;:&quot;default&quot;}\">A montagem \u00e9 feita na parede utilizando a estrutura de fixa\u00e7\u00e3o fornecida, que garante a estabilidade e fixa\u00e7\u00e3o adequadas. Siga o desenho de montagem inclu\u00eddo na embalagem.<\/span><\/p>\n<p data-syno-attrs=\"{&quot;textMarks&quot;:[{&quot;_&quot;:&quot;font_size&quot;,&quot;value&quot;:12},{&quot;_&quot;:&quot;font_family&quot;,&quot;complexScript&quot;:&quot;Arial&quot;,&quot;eastAsia&quot;:&quot;Calibri&quot;,&quot;value&quot;:&quot;Calibri&quot;}]}\"><span data-syno-attrs=\"{&quot;value&quot;:&quot;Calibri&quot;,&quot;eastAsia&quot;:&quot;Calibri&quot;,&quot;complexScript&quot;:&quot;Arial&quot;,&quot;hint&quot;:&quot;default&quot;}\">A embalagem n\u00e3o cont\u00e9m parafusos ou buchas; recomendamos a utiliza\u00e7\u00e3o de fixadores apropriados de acordo com o material da sua parede.<\/span><\/p>\n","account-metabox-visibility":[]},"_links":{"self":[{"href":"https:\/\/weraso.com\/pt\/wp-json\/wp\/v2\/product\/4039","targetHints":{"allow":["GET"]}}],"collection":[{"href":"https:\/\/weraso.com\/pt\/wp-json\/wp\/v2\/product"}],"about":[{"href":"https:\/\/weraso.com\/pt\/wp-json\/wp\/v2\/types\/product"}],"wp:featuredmedia":[{"embeddable":true,"href":"https:\/\/weraso.com\/pt\/wp-json\/wp\/v2\/media\/3468"}],"wp:attachment":[{"href":"https:\/\/weraso.com\/pt\/wp-json\/wp\/v2\/media?parent=4039"}],"wp:term":[{"taxonomy":"product_brand","embeddable":true,"href":"https:\/\/weraso.com\/pt\/wp-json\/wp\/v2\/product_brand?post=4039"},{"taxonomy":"product_cat","embeddable":true,"href":"https:\/\/weraso.com\/pt\/wp-json\/wp\/v2\/product_cat?post=4039"},{"taxonomy":"product_tag","embeddable":true,"href":"https:\/\/weraso.com\/pt\/wp-json\/wp\/v2\/product_tag?post=4039"}],"curies":[{"name":"wp","href":"https:\/\/api.w.org\/{rel}","templated":true}]}}