{"id":4037,"date":"2025-09-09T17:26:42","date_gmt":"2025-09-09T17:26:42","guid":{"rendered":"https:\/\/test.weraso.com\/product\/flos\/"},"modified":"2025-11-09T08:34:22","modified_gmt":"2025-11-09T08:34:22","slug":"flos","status":"publish","type":"product","link":"https:\/\/weraso.com\/pt\/produto\/flos\/","title":{"rendered":"Flos"},"content":{"rendered":"<p data-syno-attrs=\"{&quot;textMarks&quot;:[{&quot;_&quot;:&quot;font_size&quot;,&quot;value&quot;:12},{&quot;_&quot;:&quot;font_family&quot;,&quot;complexScript&quot;:&quot;Arial&quot;,&quot;eastAsia&quot;:&quot;Calibri&quot;,&quot;value&quot;:&quot;Calibri&quot;}]}\"><span data-syno-attrs=\"{&quot;value&quot;:&quot;Calibri&quot;,&quot;eastAsia&quot;:&quot;Calibri&quot;,&quot;complexScript&quot;:&quot;Arial&quot;,&quot;hint&quot;:&quot;default&quot;}\">A c\u00f3moda Basso oferece seis gavetas frontais com fecho suave, que garantem uma utiliza\u00e7\u00e3o confort\u00e1vel e silenciosa. As tr\u00eas gavetas inferiores abrem com um simples toque (empurrar), enquanto as tr\u00eas superiores abrem com o bordo do puxador. Gra\u00e7as \u00e0 sua altura reduzida e estrutura mais compacta, \u00e9 ideal para organizar pequenos objetos, jogos de tabuleiro ou itens do dia-a-dia.<\/span><\/p>\n<p data-syno-attrs=\"{&quot;textMarks&quot;:[{&quot;_&quot;:&quot;font_size&quot;,&quot;value&quot;:12},{&quot;_&quot;:&quot;font_family&quot;,&quot;complexScript&quot;:&quot;Arial&quot;,&quot;eastAsia&quot;:&quot;Calibri&quot;,&quot;value&quot;:&quot;Calibri&quot;}]}\"><span data-syno-attrs=\"{&quot;value&quot;:&quot;Calibri&quot;,&quot;eastAsia&quot;:&quot;Calibri&quot;,&quot;complexScript&quot;:&quot;Arial&quot;,&quot;hint&quot;:&quot;default&quot;}\">Cada pe\u00e7a \u00e9 feita de material natural e tem o seu pr\u00f3prio aspeto original \u2013 as diferen\u00e7as no padr\u00e3o e na tonalidade da madeira s\u00e3o parte natural do design.<\/span><\/p>\n","protected":false},"excerpt":{"rendered":"<p data-syno-attrs=\"{&quot;textMarks&quot;:[{&quot;_&quot;:&quot;font_size&quot;,&quot;value&quot;:11},{&quot;_&quot;:&quot;font_family&quot;,&quot;complexScript&quot;:&quot;Arial&quot;,&quot;eastAsia&quot;:&quot;Calibri&quot;,&quot;value&quot;:&quot;Calibri&quot;}]}\"><span data-syno-attrs=\"{&quot;value&quot;:&quot;Calibri&quot;,&quot;eastAsia&quot;:&quot;Calibri&quot;,&quot;complexScript&quot;:&quot;Arial&quot;,&quot;hint&quot;:&quot;default&quot;}\">O aparador Flos \u00e9 ideal para organizar pequenos objetos, jogos de tabuleiro ou artigos essenciais do dia a dia. Visualmente complementa o modelo Basso, mas o seu maior n\u00famero de gavetas oferece mais versatilidade e organiza\u00e7\u00e3o onde necess\u00e1rio.<\/span><\/p>\n","protected":false},"featured_media":3427,"template":"","meta":{"inline_featured_image":false},"product_brand":[],"product_cat":[114],"product_tag":[],"class_list":{"0":"post-4037","1":"product","2":"type-product","3":"status-publish","4":"has-post-thumbnail","6":"product_cat-flora-pt","8":"first","9":"instock","10":"taxable","11":"shipping-taxable","12":"purchasable","13":"product-type-simple"},"aioseo_notices":[],"meta_box":{"product-metabox-hero":[],"product-metabox-presentation-second":[{"width":150,"height":150,"file":"2025\/09\/B4_4-Photo-scaled.jpg","filesize":376801,"sizes":{"medium":{"file":"B4_4-Photo-300x300.jpg","width":300,"height":300,"mime-type":"image\/jpeg","filesize":4759,"url":"https:\/\/weraso.com\/wp-content\/uploads\/2025\/09\/B4_4-Photo-300x300.jpg"},"large":{"file":"B4_4-Photo-1024x1024.jpg","width":1024,"height":1024,"mime-type":"image\/jpeg","filesize":40006,"url":"https:\/\/weraso.com\/wp-content\/uploads\/2025\/09\/B4_4-Photo-1024x1024.jpg"},"thumbnail":{"file":"B4_4-Photo-150x150.jpg","width":150,"height":150,"mime-type":"image\/jpeg","filesize":1836,"url":"https:\/\/weraso.com\/wp-content\/uploads\/2025\/09\/B4_4-Photo-150x150.jpg"},"medium_large":{"file":"B4_4-Photo-768x768.jpg","width":768,"height":768,"mime-type":"image\/jpeg","filesize":22580,"url":"https:\/\/weraso.com\/wp-content\/uploads\/2025\/09\/B4_4-Photo-768x768.jpg"},"1536x1536":{"file":"B4_4-Photo-1536x1536.jpg","width":1536,"height":1536,"mime-type":"image\/jpeg","filesize":105871,"url":"https:\/\/weraso.com\/wp-content\/uploads\/2025\/09\/B4_4-Photo-1536x1536.jpg"},"2048x2048":{"file":"B4_4-Photo-2048x2048.jpg","width":2048,"height":2048,"mime-type":"image\/jpeg","filesize":218595,"url":"https:\/\/weraso.com\/wp-content\/uploads\/2025\/09\/B4_4-Photo-2048x2048.jpg"},"woocommerce_thumbnail":{"file":"B4_4-Photo-300x300.jpg","width":300,"height":300,"mime-type":"image\/jpeg","filesize":4759,"uncropped":false,"url":"https:\/\/weraso.com\/wp-content\/uploads\/2025\/09\/B4_4-Photo-300x300.jpg"},"woocommerce_single":{"file":"B4_4-Photo-600x600.jpg","width":600,"height":600,"mime-type":"image\/jpeg","filesize":14489,"url":"https:\/\/weraso.com\/wp-content\/uploads\/2025\/09\/B4_4-Photo-600x600.jpg"},"woocommerce_gallery_thumbnail":{"file":"B4_4-Photo-100x100.jpg","width":100,"height":100,"mime-type":"image\/jpeg","filesize":1126,"url":"https:\/\/weraso.com\/wp-content\/uploads\/2025\/09\/B4_4-Photo-100x100.jpg"}},"image_meta":{"aperture":"0","credit":"","camera":"","caption":"","created_timestamp":"0","copyright":"","focal_length":"0","iso":"0","shutter_speed":"0","title":"","orientation":"0","keywords":[]},"original_image":"B4_4-Photo.jpg","ID":"3428","name":"B4_4-Photo-scaled.jpg","path":"\/data\/7\/5\/757d27e6-6549-4450-aa2b-08ca64892026\/weraso.com\/web\/wp-content\/uploads\/2025\/09\/B4_4-Photo-scaled.jpg","url":"https:\/\/weraso.com\/wp-content\/uploads\/2025\/09\/B4_4-Photo-150x150.jpg","full_url":"https:\/\/weraso.com\/wp-content\/uploads\/2025\/09\/B4_4-Photo-scaled.jpg","title":"B4_4 - Photo","caption":"","description":"","alt":"","srcset":"https:\/\/weraso.com\/wp-content\/uploads\/2025\/09\/B4_4-Photo-150x150.jpg 150w, https:\/\/weraso.com\/wp-content\/uploads\/2025\/09\/B4_4-Photo-300x300.jpg 300w, https:\/\/weraso.com\/wp-content\/uploads\/2025\/09\/B4_4-Photo-1024x1024.jpg 1024w, https:\/\/weraso.com\/wp-content\/uploads\/2025\/09\/B4_4-Photo-768x768.jpg 768w, https:\/\/weraso.com\/wp-content\/uploads\/2025\/09\/B4_4-Photo-1536x1536.jpg 1536w, https:\/\/weraso.com\/wp-content\/uploads\/2025\/09\/B4_4-Photo-2048x2048.jpg 2048w, https:\/\/weraso.com\/wp-content\/uploads\/2025\/09\/B4_4-Photo-600x600.jpg 600w, https:\/\/weraso.com\/wp-content\/uploads\/2025\/09\/B4_4-Photo-100x100.jpg 100w"}],"product-metabox-gallery-video":[],"product-metabox-materials":[{"label":"Pain\u00e9is frontais e gavetas","value":"folheado de carvalho"},{"label":"Tampo","value":"superf\u00edcie compacta branca"},{"label":"P\u00e9s","value":"metal com pintura eletrost\u00e1tica preto mate"},{"label":"Divis\u00f3rias internas","value":"aglomerado laminado (DTDL)"},{"label":"Acabamento da superf\u00edcie","value":"\u00f3leo de cera dura natural"}],"product-metabox-color":"<p data-syno-attrs=\"{&quot;textMarks&quot;:[{&quot;_&quot;:&quot;font_size&quot;,&quot;value&quot;:11},{&quot;_&quot;:&quot;font_family&quot;,&quot;complexScript&quot;:&quot;Arial&quot;,&quot;eastAsia&quot;:&quot;Calibri&quot;,&quot;value&quot;:&quot;Calibri&quot;}]}\"><span data-syno-attrs=\"{&quot;value&quot;:&quot;Calibri&quot;,&quot;eastAsia&quot;:&quot;Calibri&quot;,&quot;complexScript&quot;:&quot;Arial&quot;,&quot;hint&quot;:&quot;default&quot;}\">Castanho claro com tampo branco mate<\/span><\/p>\n","product-metabox-instructions":"<p data-syno-attrs=\"{&quot;textMarks&quot;:[{&quot;_&quot;:&quot;font_size&quot;,&quot;value&quot;:11},{&quot;_&quot;:&quot;font_family&quot;,&quot;complexScript&quot;:&quot;Arial&quot;,&quot;eastAsia&quot;:&quot;Calibri&quot;,&quot;value&quot;:&quot;Calibri&quot;}]}\"><span data-syno-attrs=\"{&quot;value&quot;:&quot;Calibri&quot;,&quot;eastAsia&quot;:&quot;Calibri&quot;,&quot;complexScript&quot;:&quot;Arial&quot;,&quot;hint&quot;:&quot;default&quot;}\">Enviado desmontado, requer montagem dos p\u00e9s<\/span><\/p>\n","account-metabox-visibility":[]},"_links":{"self":[{"href":"https:\/\/weraso.com\/pt\/wp-json\/wp\/v2\/product\/4037","targetHints":{"allow":["GET"]}}],"collection":[{"href":"https:\/\/weraso.com\/pt\/wp-json\/wp\/v2\/product"}],"about":[{"href":"https:\/\/weraso.com\/pt\/wp-json\/wp\/v2\/types\/product"}],"wp:featuredmedia":[{"embeddable":true,"href":"https:\/\/weraso.com\/pt\/wp-json\/wp\/v2\/media\/3427"}],"wp:attachment":[{"href":"https:\/\/weraso.com\/pt\/wp-json\/wp\/v2\/media?parent=4037"}],"wp:term":[{"taxonomy":"product_brand","embeddable":true,"href":"https:\/\/weraso.com\/pt\/wp-json\/wp\/v2\/product_brand?post=4037"},{"taxonomy":"product_cat","embeddable":true,"href":"https:\/\/weraso.com\/pt\/wp-json\/wp\/v2\/product_cat?post=4037"},{"taxonomy":"product_tag","embeddable":true,"href":"https:\/\/weraso.com\/pt\/wp-json\/wp\/v2\/product_tag?post=4037"}],"curies":[{"name":"wp","href":"https:\/\/api.w.org\/{rel}","templated":true}]}}