{"id":4031,"date":"2025-09-09T17:04:57","date_gmt":"2025-09-09T17:04:57","guid":{"rendered":"https:\/\/test.weraso.com\/product\/linea\/"},"modified":"2025-11-08T13:26:28","modified_gmt":"2025-11-08T13:26:28","slug":"linea","status":"publish","type":"product","link":"https:\/\/weraso.com\/pt\/produto\/linea\/","title":{"rendered":"Linea"},"content":{"rendered":"<ul>\n<li><span data-syno-attrs=\"{&quot;value&quot;:&quot;Calibri&quot;,&quot;eastAsia&quot;:&quot;Calibri&quot;,&quot;complexScript&quot;:&quot;Arial&quot;,&quot;hint&quot;:&quot;default&quot;}\">Um aparador elegante e funcional com quatro portas, que combina um design minimalista com um pr\u00e1tico espa\u00e7o de arruma\u00e7\u00e3o.<\/span><\/li>\n<li><span data-syno-attrs=\"{&quot;value&quot;:&quot;Calibri&quot;,&quot;eastAsia&quot;:&quot;Calibri&quot;,&quot;complexScript&quot;:&quot;Arial&quot;,&quot;hint&quot;:&quot;default&quot;}\">As portas possuem mecanismos de fecho suave, garantindo um funcionamento confort\u00e1vel e silencioso.<\/span><\/li>\n<li data-syno-attrs=\"{&quot;textMarks&quot;:[{&quot;_&quot;:&quot;font_size&quot;,&quot;value&quot;:11},{&quot;_&quot;:&quot;font_family&quot;,&quot;complexScript&quot;:&quot;Arial&quot;,&quot;eastAsia&quot;:&quot;Calibri&quot;,&quot;value&quot;:&quot;Calibri&quot;}]}\"><span data-syno-attrs=\"{&quot;value&quot;:&quot;Calibri&quot;,&quot;eastAsia&quot;:&quot;Calibri&quot;,&quot;complexScript&quot;:&quot;Arial&quot;,&quot;hint&quot;:&quot;default&quot;}\"> Cada pe\u00e7a \u00e9 feita de materiais naturais e mant\u00e9m o seu aspeto \u00fanico \u2014 as varia\u00e7\u00f5es na textura e tonalidade da madeira fazem parte do design.<\/span><\/li>\n<\/ul>\n","protected":false},"excerpt":{"rendered":"<p data-syno-attrs=\"{&quot;textMarks&quot;:[{&quot;_&quot;:&quot;font_size&quot;,&quot;value&quot;:11},{&quot;_&quot;:&quot;font_family&quot;,&quot;complexScript&quot;:&quot;Arial&quot;,&quot;eastAsia&quot;:&quot;Calibri&quot;,&quot;value&quot;:&quot;Calibri&quot;}]}\"><span data-syno-attrs=\"{&quot;value&quot;:&quot;Calibri&quot;,&quot;eastAsia&quot;:&quot;Calibri&quot;,&quot;complexScript&quot;:&quot;Arial&quot;,&quot;hint&quot;:&quot;default&quot;}\">Bordas suavemente arredondadas com um raio subtil conferem aos m\u00f3veis um aspeto delicado e refinado, enquanto os p\u00e9s esguios reduzem o volume geral e facilitam a limpeza do pavimento.<\/span><\/p>\n<p data-syno-attrs=\"{&quot;textMarks&quot;:[{&quot;_&quot;:&quot;font_family&quot;,&quot;value&quot;:&quot;Times New Roman&quot;},{&quot;_&quot;:&quot;strong&quot;,&quot;value&quot;:true},{&quot;_&quot;:&quot;font_size&quot;,&quot;value&quot;:&quot;11pt&quot;}]}\"><span data-syno-inline=\"true\">\u00a0<\/span><\/p>\n","protected":false},"featured_media":3304,"template":"","meta":{"inline_featured_image":false},"product_brand":[],"product_cat":[114],"product_tag":[],"class_list":{"0":"post-4031","1":"product","2":"type-product","3":"status-publish","4":"has-post-thumbnail","6":"product_cat-flora-pt","8":"first","9":"instock","10":"taxable","11":"shipping-taxable","12":"purchasable","13":"product-type-simple"},"aioseo_notices":[],"meta_box":{"product-metabox-hero":[],"product-metabox-presentation-second":[{"width":150,"height":150,"file":"2025\/09\/B1_4-Photo-scaled.jpg","filesize":387126,"sizes":{"medium":{"file":"B1_4-Photo-300x300.jpg","width":300,"height":300,"mime-type":"image\/jpeg","filesize":4581,"url":"https:\/\/weraso.com\/wp-content\/uploads\/2025\/09\/B1_4-Photo-300x300.jpg"},"large":{"file":"B1_4-Photo-1024x1024.jpg","width":1024,"height":1024,"mime-type":"image\/jpeg","filesize":41986,"url":"https:\/\/weraso.com\/wp-content\/uploads\/2025\/09\/B1_4-Photo-1024x1024.jpg"},"thumbnail":{"file":"B1_4-Photo-150x150.jpg","width":150,"height":150,"mime-type":"image\/jpeg","filesize":1787,"url":"https:\/\/weraso.com\/wp-content\/uploads\/2025\/09\/B1_4-Photo-150x150.jpg"},"medium_large":{"file":"B1_4-Photo-768x768.jpg","width":768,"height":768,"mime-type":"image\/jpeg","filesize":23138,"url":"https:\/\/weraso.com\/wp-content\/uploads\/2025\/09\/B1_4-Photo-768x768.jpg"},"1536x1536":{"file":"B1_4-Photo-1536x1536.jpg","width":1536,"height":1536,"mime-type":"image\/jpeg","filesize":109598,"url":"https:\/\/weraso.com\/wp-content\/uploads\/2025\/09\/B1_4-Photo-1536x1536.jpg"},"2048x2048":{"file":"B1_4-Photo-2048x2048.jpg","width":2048,"height":2048,"mime-type":"image\/jpeg","filesize":226705,"url":"https:\/\/weraso.com\/wp-content\/uploads\/2025\/09\/B1_4-Photo-2048x2048.jpg"},"woocommerce_thumbnail":{"file":"B1_4-Photo-300x300.jpg","width":300,"height":300,"mime-type":"image\/jpeg","filesize":4581,"uncropped":false,"url":"https:\/\/weraso.com\/wp-content\/uploads\/2025\/09\/B1_4-Photo-300x300.jpg"},"woocommerce_single":{"file":"B1_4-Photo-600x600.jpg","width":600,"height":600,"mime-type":"image\/jpeg","filesize":14596,"url":"https:\/\/weraso.com\/wp-content\/uploads\/2025\/09\/B1_4-Photo-600x600.jpg"},"woocommerce_gallery_thumbnail":{"file":"B1_4-Photo-100x100.jpg","width":100,"height":100,"mime-type":"image\/jpeg","filesize":1135,"url":"https:\/\/weraso.com\/wp-content\/uploads\/2025\/09\/B1_4-Photo-100x100.jpg"}},"image_meta":{"aperture":"0","credit":"","camera":"","caption":"","created_timestamp":"0","copyright":"","focal_length":"0","iso":"0","shutter_speed":"0","title":"","orientation":"0","keywords":[]},"original_image":"B1_4-Photo.jpg","ID":"3305","name":"B1_4-Photo-scaled.jpg","path":"\/data\/7\/5\/757d27e6-6549-4450-aa2b-08ca64892026\/weraso.com\/web\/wp-content\/uploads\/2025\/09\/B1_4-Photo-scaled.jpg","url":"https:\/\/weraso.com\/wp-content\/uploads\/2025\/09\/B1_4-Photo-150x150.jpg","full_url":"https:\/\/weraso.com\/wp-content\/uploads\/2025\/09\/B1_4-Photo-scaled.jpg","title":"B1_4 - Photo","caption":"","description":"","alt":"","srcset":"https:\/\/weraso.com\/wp-content\/uploads\/2025\/09\/B1_4-Photo-150x150.jpg 150w, https:\/\/weraso.com\/wp-content\/uploads\/2025\/09\/B1_4-Photo-300x300.jpg 300w, https:\/\/weraso.com\/wp-content\/uploads\/2025\/09\/B1_4-Photo-1024x1024.jpg 1024w, https:\/\/weraso.com\/wp-content\/uploads\/2025\/09\/B1_4-Photo-768x768.jpg 768w, https:\/\/weraso.com\/wp-content\/uploads\/2025\/09\/B1_4-Photo-1536x1536.jpg 1536w, https:\/\/weraso.com\/wp-content\/uploads\/2025\/09\/B1_4-Photo-2048x2048.jpg 2048w, https:\/\/weraso.com\/wp-content\/uploads\/2025\/09\/B1_4-Photo-600x600.jpg 600w, https:\/\/weraso.com\/wp-content\/uploads\/2025\/09\/B1_4-Photo-100x100.jpg 100w"}],"product-metabox-gallery-video":[],"product-metabox-materials":[{"label":"Pain\u00e9is frontais e gavetas","value":"folheado de carvalho"},{"label":"Tampo","value":"superf\u00edcie compacta branca"},{"label":"P\u00e9s","value":"metal com pintura eletrost\u00e1tica preto mate"},{"label":"Divis\u00f3rias internas","value":"aglomerado laminado (DTDL)"},{"label":"Acabamento da superf\u00edcie","value":"\u00f3leo de cera dura natural para real\u00e7ar a textura e proteger a madeira"}],"product-metabox-color":"<p data-syno-attrs=\"{&quot;textMarks&quot;:[{&quot;_&quot;:&quot;font_size&quot;,&quot;value&quot;:11},{&quot;_&quot;:&quot;font_family&quot;,&quot;complexScript&quot;:&quot;Arial&quot;,&quot;eastAsia&quot;:&quot;Calibri&quot;,&quot;value&quot;:&quot;Calibri&quot;}]}\"><span data-syno-attrs=\"{&quot;value&quot;:&quot;Calibri&quot;,&quot;eastAsia&quot;:&quot;Calibri&quot;,&quot;complexScript&quot;:&quot;Arial&quot;,&quot;hint&quot;:&quot;default&quot;}\">Castanho claro com tampo branco mate<\/span><\/p>\n","product-metabox-instructions":"<p data-syno-attrs=\"{&quot;textMarks&quot;:[{&quot;_&quot;:&quot;font_size&quot;,&quot;value&quot;:11},{&quot;_&quot;:&quot;font_family&quot;,&quot;complexScript&quot;:&quot;Arial&quot;,&quot;eastAsia&quot;:&quot;Calibri&quot;,&quot;value&quot;:&quot;Calibri&quot;}]}\"><span data-syno-attrs=\"{&quot;value&quot;:&quot;Calibri&quot;,&quot;eastAsia&quot;:&quot;Calibri&quot;,&quot;complexScript&quot;:&quot;Arial&quot;,&quot;hint&quot;:&quot;default&quot;}\">Enviado em embalagem compacta, necess\u00e1ria montagem dos p\u00e9s<\/span><\/p>\n","account-metabox-visibility":[]},"_links":{"self":[{"href":"https:\/\/weraso.com\/pt\/wp-json\/wp\/v2\/product\/4031","targetHints":{"allow":["GET"]}}],"collection":[{"href":"https:\/\/weraso.com\/pt\/wp-json\/wp\/v2\/product"}],"about":[{"href":"https:\/\/weraso.com\/pt\/wp-json\/wp\/v2\/types\/product"}],"wp:featuredmedia":[{"embeddable":true,"href":"https:\/\/weraso.com\/pt\/wp-json\/wp\/v2\/media\/3304"}],"wp:attachment":[{"href":"https:\/\/weraso.com\/pt\/wp-json\/wp\/v2\/media?parent=4031"}],"wp:term":[{"taxonomy":"product_brand","embeddable":true,"href":"https:\/\/weraso.com\/pt\/wp-json\/wp\/v2\/product_brand?post=4031"},{"taxonomy":"product_cat","embeddable":true,"href":"https:\/\/weraso.com\/pt\/wp-json\/wp\/v2\/product_cat?post=4031"},{"taxonomy":"product_tag","embeddable":true,"href":"https:\/\/weraso.com\/pt\/wp-json\/wp\/v2\/product_tag?post=4031"}],"curies":[{"name":"wp","href":"https:\/\/api.w.org\/{rel}","templated":true}]}}