{"id":4029,"date":"2025-09-10T16:09:04","date_gmt":"2025-09-10T16:09:04","guid":{"rendered":"https:\/\/test.weraso.com\/product\/solune\/"},"modified":"2025-11-08T13:22:08","modified_gmt":"2025-11-08T13:22:08","slug":"solune","status":"publish","type":"product","link":"https:\/\/weraso.com\/pt\/produto\/solune\/","title":{"rendered":"Solune"},"content":{"rendered":"<ul>\n<li data-syno-attrs=\"{&quot;textMarks&quot;:[{&quot;_&quot;:&quot;font_size&quot;,&quot;value&quot;:11},{&quot;_&quot;:&quot;font_family&quot;,&quot;complexScript&quot;:&quot;Arial&quot;,&quot;eastAsia&quot;:&quot;Calibri&quot;,&quot;value&quot;:&quot;Calibri&quot;}]}\"><span data-syno-attrs=\"{&quot;value&quot;:&quot;Calibri&quot;,&quot;eastAsia&quot;:&quot;Calibri&quot;,&quot;complexScript&quot;:&quot;Arial&quot;,&quot;hint&quot;:&quot;default&quot;}\">Mesa de centro redonda em carvalho com design minimalista, ideal para interiores modernos \u2013 perfeita para salas de estar, espa\u00e7os abertos ou \u00e1reas de estar imponentes.<\/span><\/li>\n<li data-syno-attrs=\"{&quot;textMarks&quot;:[{&quot;_&quot;:&quot;font_size&quot;,&quot;value&quot;:11},{&quot;_&quot;:&quot;font_family&quot;,&quot;complexScript&quot;:&quot;Arial&quot;,&quot;eastAsia&quot;:&quot;Calibri&quot;,&quot;value&quot;:&quot;Calibri&quot;}]}\"><span data-syno-attrs=\"{&quot;value&quot;:&quot;Calibri&quot;,&quot;eastAsia&quot;:&quot;Calibri&quot;,&quot;complexScript&quot;:&quot;Arial&quot;,&quot;hint&quot;:&quot;default&quot;}\">Cada pe\u00e7a \u00e9 feita de materiais naturais e \u00e9 \u00fanica \u2013 as varia\u00e7\u00f5es de textura e tonalidade da madeira s\u00e3o uma caracter\u00edstica natural do design.<\/span><\/li>\n<\/ul>\n","protected":false},"excerpt":{"rendered":"<p data-syno-attrs=\"{&quot;textMarks&quot;:[{&quot;_&quot;:&quot;font_size&quot;,&quot;value&quot;:11},{&quot;_&quot;:&quot;font_family&quot;,&quot;complexScript&quot;:&quot;Arial&quot;,&quot;eastAsia&quot;:&quot;Calibri&quot;,&quot;value&quot;:&quot;Calibri&quot;}]}\"><span data-syno-attrs=\"{&quot;value&quot;:&quot;Calibri&quot;,&quot;eastAsia&quot;:&quot;Calibri&quot;,&quot;complexScript&quot;:&quot;Arial&quot;,&quot;hint&quot;:&quot;default&quot;}\">Minimalista na forma, marcante na presen\u00e7a. Esta mesa de centro redonda traz ritmo e equil\u00edbrio naturais ao ambiente. O formato circular promove a fluidez e facilita a movimenta\u00e7\u00e3o \u2013 perfeita para conversas e relaxamento. Solune foi criada para interiores que aspiram a uma sensa\u00e7\u00e3o de harmonia, limpeza e naturalidade.<\/span><\/p>\n","protected":false},"featured_media":3770,"template":"","meta":{"inline_featured_image":false},"product_brand":[],"product_cat":[113],"product_tag":[],"class_list":{"0":"post-4029","1":"product","2":"type-product","3":"status-publish","4":"has-post-thumbnail","6":"product_cat-boreala-pt","8":"first","9":"instock","10":"taxable","11":"shipping-taxable","12":"purchasable","13":"product-type-simple"},"aioseo_notices":[],"meta_box":{"product-metabox-hero":[],"product-metabox-presentation-second":[{"width":150,"height":150,"file":"2025\/09\/A6_3-Photo-scaled.jpg","filesize":158092,"sizes":{"medium":{"file":"A6_3-Photo-300x300.jpg","width":300,"height":300,"mime-type":"image\/jpeg","filesize":3153,"url":"https:\/\/weraso.com\/wp-content\/uploads\/2025\/09\/A6_3-Photo-300x300.jpg"},"large":{"file":"A6_3-Photo-1024x1024.jpg","width":1024,"height":1024,"mime-type":"image\/jpeg","filesize":22286,"url":"https:\/\/weraso.com\/wp-content\/uploads\/2025\/09\/A6_3-Photo-1024x1024.jpg"},"thumbnail":{"file":"A6_3-Photo-150x150.jpg","width":150,"height":150,"mime-type":"image\/jpeg","filesize":1363,"url":"https:\/\/weraso.com\/wp-content\/uploads\/2025\/09\/A6_3-Photo-150x150.jpg"},"medium_large":{"file":"A6_3-Photo-768x768.jpg","width":768,"height":768,"mime-type":"image\/jpeg","filesize":12970,"url":"https:\/\/weraso.com\/wp-content\/uploads\/2025\/09\/A6_3-Photo-768x768.jpg"},"1536x1536":{"file":"A6_3-Photo-1536x1536.jpg","width":1536,"height":1536,"mime-type":"image\/jpeg","filesize":50953,"url":"https:\/\/weraso.com\/wp-content\/uploads\/2025\/09\/A6_3-Photo-1536x1536.jpg"},"2048x2048":{"file":"A6_3-Photo-2048x2048.jpg","width":2048,"height":2048,"mime-type":"image\/jpeg","filesize":96519,"url":"https:\/\/weraso.com\/wp-content\/uploads\/2025\/09\/A6_3-Photo-2048x2048.jpg"},"woocommerce_thumbnail":{"file":"A6_3-Photo-300x300.jpg","width":300,"height":300,"mime-type":"image\/jpeg","filesize":3153,"uncropped":false,"url":"https:\/\/weraso.com\/wp-content\/uploads\/2025\/09\/A6_3-Photo-300x300.jpg"},"woocommerce_single":{"file":"A6_3-Photo-600x600.jpg","width":600,"height":600,"mime-type":"image\/jpeg","filesize":8723,"url":"https:\/\/weraso.com\/wp-content\/uploads\/2025\/09\/A6_3-Photo-600x600.jpg"},"woocommerce_gallery_thumbnail":{"file":"A6_3-Photo-100x100.jpg","width":100,"height":100,"mime-type":"image\/jpeg","filesize":943,"url":"https:\/\/weraso.com\/wp-content\/uploads\/2025\/09\/A6_3-Photo-100x100.jpg"}},"image_meta":{"aperture":"0","credit":"","camera":"","caption":"","created_timestamp":"0","copyright":"","focal_length":"0","iso":"0","shutter_speed":"0","title":"","orientation":"0","keywords":[]},"original_image":"A6_3-Photo.jpg","ID":"3771","name":"A6_3-Photo-scaled.jpg","path":"\/data\/7\/5\/757d27e6-6549-4450-aa2b-08ca64892026\/weraso.com\/web\/wp-content\/uploads\/2025\/09\/A6_3-Photo-scaled.jpg","url":"https:\/\/weraso.com\/wp-content\/uploads\/2025\/09\/A6_3-Photo-150x150.jpg","full_url":"https:\/\/weraso.com\/wp-content\/uploads\/2025\/09\/A6_3-Photo-scaled.jpg","title":"A6_3 - Photo","caption":"","description":"","alt":"","srcset":"https:\/\/weraso.com\/wp-content\/uploads\/2025\/09\/A6_3-Photo-150x150.jpg 150w, https:\/\/weraso.com\/wp-content\/uploads\/2025\/09\/A6_3-Photo-300x300.jpg 300w, https:\/\/weraso.com\/wp-content\/uploads\/2025\/09\/A6_3-Photo-1024x1024.jpg 1024w, https:\/\/weraso.com\/wp-content\/uploads\/2025\/09\/A6_3-Photo-768x768.jpg 768w, https:\/\/weraso.com\/wp-content\/uploads\/2025\/09\/A6_3-Photo-1536x1536.jpg 1536w, https:\/\/weraso.com\/wp-content\/uploads\/2025\/09\/A6_3-Photo-2048x2048.jpg 2048w, https:\/\/weraso.com\/wp-content\/uploads\/2025\/09\/A6_3-Photo-600x600.jpg 600w, https:\/\/weraso.com\/wp-content\/uploads\/2025\/09\/A6_3-Photo-100x100.jpg 100w"}],"product-metabox-gallery-video":[],"product-metabox-materials":[{"label":"Frente","value":"Folheado de carvalho"},{"label":"Tampo","value":"Superf\u00edcie compacta branca"},{"label":"Divis\u00f3rias internas","value":"Aglomerado laminado (DTDL)"},{"label":"Acabamento","value":"\u00d3leo de cera dura natural"}],"product-metabox-color":"<p data-syno-attrs=\"{&quot;textMarks&quot;:[{&quot;_&quot;:&quot;font_size&quot;,&quot;value&quot;:11},{&quot;_&quot;:&quot;font_family&quot;,&quot;complexScript&quot;:&quot;Arial&quot;,&quot;eastAsia&quot;:&quot;Calibri&quot;,&quot;value&quot;:&quot;Calibri&quot;}]}\"><span data-syno-attrs=\"{&quot;value&quot;:&quot;Calibri&quot;,&quot;eastAsia&quot;:&quot;Calibri&quot;,&quot;complexScript&quot;:&quot;Arial&quot;,&quot;hint&quot;:&quot;default&quot;}\">Castanho claro com tampo branco mate<\/span><\/p>\n","product-metabox-instructions":"<p data-syno-attrs=\"{&quot;textMarks&quot;:[{&quot;_&quot;:&quot;font_size&quot;,&quot;value&quot;:11},{&quot;_&quot;:&quot;font_family&quot;,&quot;complexScript&quot;:&quot;Arial&quot;,&quot;eastAsia&quot;:&quot;Calibri&quot;,&quot;value&quot;:&quot;Calibri&quot;}]}\"><span data-syno-attrs=\"{&quot;value&quot;:&quot;Calibri&quot;,&quot;eastAsia&quot;:&quot;Calibri&quot;,&quot;complexScript&quot;:&quot;Arial&quot;,&quot;hint&quot;:&quot;default&quot;}\">Enviada em embalagem compacta<\/span><\/p>\n","account-metabox-visibility":[]},"_links":{"self":[{"href":"https:\/\/weraso.com\/pt\/wp-json\/wp\/v2\/product\/4029","targetHints":{"allow":["GET"]}}],"collection":[{"href":"https:\/\/weraso.com\/pt\/wp-json\/wp\/v2\/product"}],"about":[{"href":"https:\/\/weraso.com\/pt\/wp-json\/wp\/v2\/types\/product"}],"wp:featuredmedia":[{"embeddable":true,"href":"https:\/\/weraso.com\/pt\/wp-json\/wp\/v2\/media\/3770"}],"wp:attachment":[{"href":"https:\/\/weraso.com\/pt\/wp-json\/wp\/v2\/media?parent=4029"}],"wp:term":[{"taxonomy":"product_brand","embeddable":true,"href":"https:\/\/weraso.com\/pt\/wp-json\/wp\/v2\/product_brand?post=4029"},{"taxonomy":"product_cat","embeddable":true,"href":"https:\/\/weraso.com\/pt\/wp-json\/wp\/v2\/product_cat?post=4029"},{"taxonomy":"product_tag","embeddable":true,"href":"https:\/\/weraso.com\/pt\/wp-json\/wp\/v2\/product_tag?post=4029"}],"curies":[{"name":"wp","href":"https:\/\/api.w.org\/{rel}","templated":true}]}}