{"id":4027,"date":"2025-09-10T16:04:32","date_gmt":"2025-09-10T16:04:32","guid":{"rendered":"https:\/\/test.weraso.com\/product\/nimora\/"},"modified":"2025-11-09T08:08:31","modified_gmt":"2025-11-09T08:08:31","slug":"nimora","status":"publish","type":"product","link":"https:\/\/weraso.com\/pt\/produto\/nimora\/","title":{"rendered":"Nimora"},"content":{"rendered":"<p data-syno-attrs=\"{&quot;textMarks&quot;:[{&quot;_&quot;:&quot;font_size&quot;,&quot;value&quot;:12},{&quot;_&quot;:&quot;font_family&quot;,&quot;complexScript&quot;:&quot;Arial&quot;,&quot;eastAsia&quot;:&quot;Calibri&quot;,&quot;value&quot;:&quot;Calibri&quot;}]}\"><span data-syno-attrs=\"{&quot;value&quot;:&quot;Calibri&quot;,&quot;eastAsia&quot;:&quot;Calibri&quot;,&quot;complexScript&quot;:&quot;Arial&quot;,&quot;hint&quot;:&quot;default&quot;}\">A c\u00f3moda possui duas pr\u00e1ticas gavetas com mecanismo de fecho suave, que garantem um fecho silencioso e silencioso. Cada gaveta oferece um espa\u00e7o de arruma\u00e7\u00e3o ideal para guardar cabos, acess\u00f3rios ou outros artigos dom\u00e9sticos.<\/span><\/p>\n<p data-syno-attrs=\"{&quot;textMarks&quot;:[{&quot;_&quot;:&quot;font_size&quot;,&quot;value&quot;:12},{&quot;_&quot;:&quot;font_family&quot;,&quot;complexScript&quot;:&quot;Arial&quot;,&quot;eastAsia&quot;:&quot;Calibri&quot;,&quot;value&quot;:&quot;Calibri&quot;}]}\"><span data-syno-attrs=\"{&quot;value&quot;:&quot;Calibri&quot;,&quot;eastAsia&quot;:&quot;Calibri&quot;,&quot;complexScript&quot;:&quot;Arial&quot;,&quot;hint&quot;:&quot;default&quot;}\">Cada pe\u00e7a \u00e9 feita de material natural e tem um aspeto original pr\u00f3prio \u2013 as diferen\u00e7as na textura e tonalidade da madeira s\u00e3o parte integrante do design.<\/span><\/p>\n","protected":false},"excerpt":{"rendered":"<p data-syno-attrs=\"{&quot;textMarks&quot;:[{&quot;_&quot;:&quot;font_size&quot;,&quot;value&quot;:11},{&quot;_&quot;:&quot;font_family&quot;,&quot;complexScript&quot;:&quot;Arial&quot;,&quot;eastAsia&quot;:&quot;Calibri&quot;,&quot;value&quot;:&quot;Calibri&quot;}]}\"><span data-syno-attrs=\"{&quot;value&quot;:&quot;Calibri&quot;,&quot;eastAsia&quot;:&quot;Calibri&quot;,&quot;complexScript&quot;:&quot;Arial&quot;,&quot;hint&quot;:&quot;default&quot;}\">A c\u00f3moda Nimora combina um design clean com uma arruma\u00e7\u00e3o pr\u00e1tica. Permite que a textura natural e o tom quente do material brilhem. A estrutura aberta facilita o acesso a artigos do dia a dia ou \u00e0 decora\u00e7\u00e3o, enquanto as sec\u00e7\u00f5es fechadas mant\u00eam a organiza\u00e7\u00e3o visual. Com as suas propor\u00e7\u00f5es equilibradas, funciona perfeitamente como suporte para TV, por baixo de uma obra de arte ou como m\u00f3vel de arruma\u00e7\u00e3o baixa em salas de estar ou escrit\u00f3rios dom\u00e9sticos.<\/span><\/p>\n","protected":false},"featured_media":3729,"template":"","meta":{"inline_featured_image":false},"product_brand":[],"product_cat":[113],"product_tag":[],"class_list":{"0":"post-4027","1":"product","2":"type-product","3":"status-publish","4":"has-post-thumbnail","6":"product_cat-boreala-pt","8":"first","9":"instock","10":"taxable","11":"shipping-taxable","12":"purchasable","13":"product-type-simple"},"aioseo_notices":[],"meta_box":{"product-metabox-hero":[],"product-metabox-presentation-second":[{"width":150,"height":150,"file":"2025\/09\/A5_4-Photo-scaled.jpg","filesize":320335,"sizes":{"medium":{"file":"A5_4-Photo-300x300.jpg","width":300,"height":300,"mime-type":"image\/jpeg","filesize":3882,"url":"https:\/\/weraso.com\/wp-content\/uploads\/2025\/09\/A5_4-Photo-300x300.jpg"},"large":{"file":"A5_4-Photo-1024x1024.jpg","width":1024,"height":1024,"mime-type":"image\/jpeg","filesize":30452,"url":"https:\/\/weraso.com\/wp-content\/uploads\/2025\/09\/A5_4-Photo-1024x1024.jpg"},"thumbnail":{"file":"A5_4-Photo-150x150.jpg","width":150,"height":150,"mime-type":"image\/jpeg","filesize":1538,"url":"https:\/\/weraso.com\/wp-content\/uploads\/2025\/09\/A5_4-Photo-150x150.jpg"},"medium_large":{"file":"A5_4-Photo-768x768.jpg","width":768,"height":768,"mime-type":"image\/jpeg","filesize":16989,"url":"https:\/\/weraso.com\/wp-content\/uploads\/2025\/09\/A5_4-Photo-768x768.jpg"},"1536x1536":{"file":"A5_4-Photo-1536x1536.jpg","width":1536,"height":1536,"mime-type":"image\/jpeg","filesize":82853,"url":"https:\/\/weraso.com\/wp-content\/uploads\/2025\/09\/A5_4-Photo-1536x1536.jpg"},"2048x2048":{"file":"A5_4-Photo-2048x2048.jpg","width":2048,"height":2048,"mime-type":"image\/jpeg","filesize":180100,"url":"https:\/\/weraso.com\/wp-content\/uploads\/2025\/09\/A5_4-Photo-2048x2048.jpg"},"woocommerce_thumbnail":{"file":"A5_4-Photo-300x300.jpg","width":300,"height":300,"mime-type":"image\/jpeg","filesize":3882,"uncropped":false,"url":"https:\/\/weraso.com\/wp-content\/uploads\/2025\/09\/A5_4-Photo-300x300.jpg"},"woocommerce_single":{"file":"A5_4-Photo-600x600.jpg","width":600,"height":600,"mime-type":"image\/jpeg","filesize":11144,"url":"https:\/\/weraso.com\/wp-content\/uploads\/2025\/09\/A5_4-Photo-600x600.jpg"},"woocommerce_gallery_thumbnail":{"file":"A5_4-Photo-100x100.jpg","width":100,"height":100,"mime-type":"image\/jpeg","filesize":1045,"url":"https:\/\/weraso.com\/wp-content\/uploads\/2025\/09\/A5_4-Photo-100x100.jpg"}},"image_meta":{"aperture":"0","credit":"","camera":"","caption":"","created_timestamp":"0","copyright":"","focal_length":"0","iso":"0","shutter_speed":"0","title":"","orientation":"0","keywords":[]},"original_image":"A5_4-Photo.jpg","ID":"3730","name":"A5_4-Photo-scaled.jpg","path":"\/data\/7\/5\/757d27e6-6549-4450-aa2b-08ca64892026\/weraso.com\/web\/wp-content\/uploads\/2025\/09\/A5_4-Photo-scaled.jpg","url":"https:\/\/weraso.com\/wp-content\/uploads\/2025\/09\/A5_4-Photo-150x150.jpg","full_url":"https:\/\/weraso.com\/wp-content\/uploads\/2025\/09\/A5_4-Photo-scaled.jpg","title":"A5_4 - Photo","caption":"","description":"","alt":"","srcset":"https:\/\/weraso.com\/wp-content\/uploads\/2025\/09\/A5_4-Photo-150x150.jpg 150w, https:\/\/weraso.com\/wp-content\/uploads\/2025\/09\/A5_4-Photo-300x300.jpg 300w, https:\/\/weraso.com\/wp-content\/uploads\/2025\/09\/A5_4-Photo-1024x1024.jpg 1024w, https:\/\/weraso.com\/wp-content\/uploads\/2025\/09\/A5_4-Photo-768x768.jpg 768w, https:\/\/weraso.com\/wp-content\/uploads\/2025\/09\/A5_4-Photo-1536x1536.jpg 1536w, https:\/\/weraso.com\/wp-content\/uploads\/2025\/09\/A5_4-Photo-2048x2048.jpg 2048w, https:\/\/weraso.com\/wp-content\/uploads\/2025\/09\/A5_4-Photo-600x600.jpg 600w, https:\/\/weraso.com\/wp-content\/uploads\/2025\/09\/A5_4-Photo-100x100.jpg 100w"}],"product-metabox-gallery-video":[],"product-metabox-materials":[{"label":"Frentes e portas","value":"Folheado de carvalho"},{"label":"Tampo","value":"Superf\u00edcie compacta branca"},{"label":"P\u00e9s","value":"Metal com pintura eletrost\u00e1tica preto mate"},{"label":"Divis\u00f3rias internas","value":"Aglomerado laminado (DTDL)"},{"label":"Acabamento","value":"\u00d3leo de cera dura natural"}],"product-metabox-color":"<p data-syno-attrs=\"{&quot;textMarks&quot;:[{&quot;_&quot;:&quot;font_size&quot;,&quot;value&quot;:11},{&quot;_&quot;:&quot;font_family&quot;,&quot;complexScript&quot;:&quot;Arial&quot;,&quot;eastAsia&quot;:&quot;Calibri&quot;,&quot;value&quot;:&quot;Calibri&quot;}]}\"><span data-syno-attrs=\"{&quot;value&quot;:&quot;Calibri&quot;,&quot;eastAsia&quot;:&quot;Calibri&quot;,&quot;complexScript&quot;:&quot;Arial&quot;,&quot;hint&quot;:&quot;default&quot;}\">Castanho claro com tampo branco mate<\/span><\/p>\n","product-metabox-instructions":"<p data-syno-attrs=\"{&quot;textMarks&quot;:[{&quot;_&quot;:&quot;font_size&quot;,&quot;value&quot;:11},{&quot;_&quot;:&quot;font_family&quot;,&quot;complexScript&quot;:&quot;Arial&quot;,&quot;eastAsia&quot;:&quot;Calibri&quot;,&quot;value&quot;:&quot;Calibri&quot;}]}\"><span data-syno-attrs=\"{&quot;value&quot;:&quot;Calibri&quot;,&quot;eastAsia&quot;:&quot;Calibri&quot;,&quot;complexScript&quot;:&quot;Arial&quot;,&quot;hint&quot;:&quot;default&quot;}\">Enviado em embalagem compacta, requer montagem dos p\u00e9s<\/span><\/p>\n","account-metabox-visibility":[]},"_links":{"self":[{"href":"https:\/\/weraso.com\/pt\/wp-json\/wp\/v2\/product\/4027","targetHints":{"allow":["GET"]}}],"collection":[{"href":"https:\/\/weraso.com\/pt\/wp-json\/wp\/v2\/product"}],"about":[{"href":"https:\/\/weraso.com\/pt\/wp-json\/wp\/v2\/types\/product"}],"wp:featuredmedia":[{"embeddable":true,"href":"https:\/\/weraso.com\/pt\/wp-json\/wp\/v2\/media\/3729"}],"wp:attachment":[{"href":"https:\/\/weraso.com\/pt\/wp-json\/wp\/v2\/media?parent=4027"}],"wp:term":[{"taxonomy":"product_brand","embeddable":true,"href":"https:\/\/weraso.com\/pt\/wp-json\/wp\/v2\/product_brand?post=4027"},{"taxonomy":"product_cat","embeddable":true,"href":"https:\/\/weraso.com\/pt\/wp-json\/wp\/v2\/product_cat?post=4027"},{"taxonomy":"product_tag","embeddable":true,"href":"https:\/\/weraso.com\/pt\/wp-json\/wp\/v2\/product_tag?post=4027"}],"curies":[{"name":"wp","href":"https:\/\/api.w.org\/{rel}","templated":true}]}}