{"id":4023,"date":"2025-09-10T15:54:52","date_gmt":"2025-09-10T15:54:52","guid":{"rendered":"https:\/\/test.weraso.com\/product\/klar\/"},"modified":"2025-11-08T13:14:47","modified_gmt":"2025-11-08T13:14:47","slug":"klar","status":"publish","type":"product","link":"https:\/\/weraso.com\/pt\/produto\/klar\/","title":{"rendered":"Klar"},"content":{"rendered":"<ul>\n<li><span data-syno-attrs=\"{&quot;value&quot;:&quot;Calibri&quot;,&quot;eastAsia&quot;:&quot;Calibri&quot;,&quot;complexScript&quot;:&quot;Arial&quot;,&quot;hint&quot;:&quot;default&quot;}\">Equipado com duas portas de fecho suave, garantindo um fecho silencioso e delicado.<\/span><\/li>\n<li><span data-syno-attrs=\"{&quot;value&quot;:&quot;Calibri&quot;,&quot;eastAsia&quot;:&quot;Calibri&quot;,&quot;complexScript&quot;:&quot;Arial&quot;,&quot;hint&quot;:&quot;default&quot;}\">Atr\u00e1s de cada porta, existe um pr\u00e1tico espa\u00e7o de arruma\u00e7\u00e3o, ideal para lou\u00e7as, vestu\u00e1rio ou acess\u00f3rios para a casa.<\/span><\/li>\n<li><span data-syno-attrs=\"{&quot;value&quot;:&quot;Calibri&quot;,&quot;eastAsia&quot;:&quot;Calibri&quot;,&quot;complexScript&quot;:&quot;Arial&quot;,&quot;hint&quot;:&quot;default&quot;}\">Os cantos arredondados suavizam o aspeto geral e reduzem o risco de impacto \u2013 uma caracter\u00edstica apreciada nas casas familiares.<\/span><\/li>\n<li><span data-syno-attrs=\"{&quot;value&quot;:&quot;Calibri&quot;,&quot;eastAsia&quot;:&quot;Calibri&quot;,&quot;complexScript&quot;:&quot;Arial&quot;,&quot;hint&quot;:&quot;default&quot;}\">Cada pe\u00e7a \u00e9 fabricada com materiais naturais e tem um aspeto \u00fanico \u2013 as diferen\u00e7as na textura e tonalidade da madeira fazem parte do design.<\/span><\/li>\n<\/ul>\n","protected":false},"excerpt":{"rendered":"<p data-syno-attrs=\"{&quot;textMarks&quot;:[{&quot;_&quot;:&quot;font_size&quot;,&quot;value&quot;:11},{&quot;_&quot;:&quot;font_family&quot;,&quot;complexScript&quot;:&quot;Arial&quot;,&quot;eastAsia&quot;:&quot;Calibri&quot;,&quot;value&quot;:&quot;Calibri&quot;}]}\"><span data-syno-attrs=\"{&quot;value&quot;:&quot;Calibri&quot;,&quot;eastAsia&quot;:&quot;Calibri&quot;,&quot;complexScript&quot;:&quot;Arial&quot;,&quot;hint&quot;:&quot;default&quot;}\">O folheado de carvalho traz o aconchego e a autenticidade da madeira maci\u00e7a, mantendo uma eleg\u00e2ncia requintada. As linhas arredondadas conferem paz e fluidez ao interior.<\/span><\/p>\n","protected":false},"featured_media":3647,"template":"","meta":{"inline_featured_image":false},"product_brand":[],"product_cat":[113],"product_tag":[],"class_list":{"0":"post-4023","1":"product","2":"type-product","3":"status-publish","4":"has-post-thumbnail","6":"product_cat-boreala-pt","8":"first","9":"instock","10":"taxable","11":"shipping-taxable","12":"purchasable","13":"product-type-simple"},"aioseo_notices":[],"meta_box":{"product-metabox-hero":[],"product-metabox-presentation-second":[{"width":150,"height":150,"file":"2025\/09\/A3_4-Photo-scaled.jpg","filesize":344930,"sizes":{"medium":{"file":"A3_4-Photo-300x300.jpg","width":300,"height":300,"mime-type":"image\/jpeg","filesize":3952,"url":"https:\/\/weraso.com\/wp-content\/uploads\/2025\/09\/A3_4-Photo-300x300.jpg"},"large":{"file":"A3_4-Photo-1024x1024.jpg","width":1024,"height":1024,"mime-type":"image\/jpeg","filesize":34088,"url":"https:\/\/weraso.com\/wp-content\/uploads\/2025\/09\/A3_4-Photo-1024x1024.jpg"},"thumbnail":{"file":"A3_4-Photo-150x150.jpg","width":150,"height":150,"mime-type":"image\/jpeg","filesize":1558,"url":"https:\/\/weraso.com\/wp-content\/uploads\/2025\/09\/A3_4-Photo-150x150.jpg"},"medium_large":{"file":"A3_4-Photo-768x768.jpg","width":768,"height":768,"mime-type":"image\/jpeg","filesize":18694,"url":"https:\/\/weraso.com\/wp-content\/uploads\/2025\/09\/A3_4-Photo-768x768.jpg"},"1536x1536":{"file":"A3_4-Photo-1536x1536.jpg","width":1536,"height":1536,"mime-type":"image\/jpeg","filesize":92326,"url":"https:\/\/weraso.com\/wp-content\/uploads\/2025\/09\/A3_4-Photo-1536x1536.jpg"},"2048x2048":{"file":"A3_4-Photo-2048x2048.jpg","width":2048,"height":2048,"mime-type":"image\/jpeg","filesize":197465,"url":"https:\/\/weraso.com\/wp-content\/uploads\/2025\/09\/A3_4-Photo-2048x2048.jpg"},"woocommerce_thumbnail":{"file":"A3_4-Photo-300x300.jpg","width":300,"height":300,"mime-type":"image\/jpeg","filesize":3952,"uncropped":false,"url":"https:\/\/weraso.com\/wp-content\/uploads\/2025\/09\/A3_4-Photo-300x300.jpg"},"woocommerce_single":{"file":"A3_4-Photo-600x600.jpg","width":600,"height":600,"mime-type":"image\/jpeg","filesize":11998,"url":"https:\/\/weraso.com\/wp-content\/uploads\/2025\/09\/A3_4-Photo-600x600.jpg"},"woocommerce_gallery_thumbnail":{"file":"A3_4-Photo-100x100.jpg","width":100,"height":100,"mime-type":"image\/jpeg","filesize":1023,"url":"https:\/\/weraso.com\/wp-content\/uploads\/2025\/09\/A3_4-Photo-100x100.jpg"}},"image_meta":{"aperture":"0","credit":"","camera":"","caption":"","created_timestamp":"0","copyright":"","focal_length":"0","iso":"0","shutter_speed":"0","title":"","orientation":"0","keywords":[]},"original_image":"A3_4-Photo.jpg","ID":"3648","name":"A3_4-Photo-scaled.jpg","path":"\/data\/7\/5\/757d27e6-6549-4450-aa2b-08ca64892026\/weraso.com\/web\/wp-content\/uploads\/2025\/09\/A3_4-Photo-scaled.jpg","url":"https:\/\/weraso.com\/wp-content\/uploads\/2025\/09\/A3_4-Photo-150x150.jpg","full_url":"https:\/\/weraso.com\/wp-content\/uploads\/2025\/09\/A3_4-Photo-scaled.jpg","title":"A3_4 - Photo","caption":"","description":"","alt":"","srcset":"https:\/\/weraso.com\/wp-content\/uploads\/2025\/09\/A3_4-Photo-150x150.jpg 150w, https:\/\/weraso.com\/wp-content\/uploads\/2025\/09\/A3_4-Photo-300x300.jpg 300w, https:\/\/weraso.com\/wp-content\/uploads\/2025\/09\/A3_4-Photo-1024x1024.jpg 1024w, https:\/\/weraso.com\/wp-content\/uploads\/2025\/09\/A3_4-Photo-768x768.jpg 768w, https:\/\/weraso.com\/wp-content\/uploads\/2025\/09\/A3_4-Photo-1536x1536.jpg 1536w, https:\/\/weraso.com\/wp-content\/uploads\/2025\/09\/A3_4-Photo-2048x2048.jpg 2048w, https:\/\/weraso.com\/wp-content\/uploads\/2025\/09\/A3_4-Photo-600x600.jpg 600w, https:\/\/weraso.com\/wp-content\/uploads\/2025\/09\/A3_4-Photo-100x100.jpg 100w"}],"product-metabox-gallery-video":[],"product-metabox-materials":[{"label":"Frentes e portas","value":"Folheado de carvalho"},{"label":"Tampo","value":"Superf\u00edcie compacta branca"},{"label":"P\u00e9s","value":"Metal com pintura eletrost\u00e1tica preto mate"},{"label":"Divis\u00f3rias internas","value":"Aglomerado laminado (DTDL)"},{"label":"Acabamento","value":"\u00d3leo de cera dura natural"}],"product-metabox-color":"<p data-syno-attrs=\"{&quot;textMarks&quot;:[{&quot;_&quot;:&quot;font_size&quot;,&quot;value&quot;:11},{&quot;_&quot;:&quot;font_family&quot;,&quot;complexScript&quot;:&quot;Arial&quot;,&quot;eastAsia&quot;:&quot;Calibri&quot;,&quot;value&quot;:&quot;Calibri&quot;}]}\"><span data-syno-attrs=\"{&quot;value&quot;:&quot;Calibri&quot;,&quot;eastAsia&quot;:&quot;Calibri&quot;,&quot;complexScript&quot;:&quot;Arial&quot;,&quot;hint&quot;:&quot;default&quot;}\">Castanho claro com tampo branco mate<\/span><\/p>\n","product-metabox-instructions":"<p data-syno-attrs=\"{&quot;textMarks&quot;:[{&quot;_&quot;:&quot;font_size&quot;,&quot;value&quot;:11},{&quot;_&quot;:&quot;font_family&quot;,&quot;complexScript&quot;:&quot;Arial&quot;,&quot;eastAsia&quot;:&quot;Calibri&quot;,&quot;value&quot;:&quot;Calibri&quot;}]}\"><span data-syno-attrs=\"{&quot;value&quot;:&quot;Calibri&quot;,&quot;eastAsia&quot;:&quot;Calibri&quot;,&quot;complexScript&quot;:&quot;Arial&quot;,&quot;hint&quot;:&quot;default&quot;}\">Enviado em embalagem compacta, requer montagem dos p\u00e9s<\/span><\/p>\n","account-metabox-visibility":[]},"_links":{"self":[{"href":"https:\/\/weraso.com\/pt\/wp-json\/wp\/v2\/product\/4023","targetHints":{"allow":["GET"]}}],"collection":[{"href":"https:\/\/weraso.com\/pt\/wp-json\/wp\/v2\/product"}],"about":[{"href":"https:\/\/weraso.com\/pt\/wp-json\/wp\/v2\/types\/product"}],"wp:featuredmedia":[{"embeddable":true,"href":"https:\/\/weraso.com\/pt\/wp-json\/wp\/v2\/media\/3647"}],"wp:attachment":[{"href":"https:\/\/weraso.com\/pt\/wp-json\/wp\/v2\/media?parent=4023"}],"wp:term":[{"taxonomy":"product_brand","embeddable":true,"href":"https:\/\/weraso.com\/pt\/wp-json\/wp\/v2\/product_brand?post=4023"},{"taxonomy":"product_cat","embeddable":true,"href":"https:\/\/weraso.com\/pt\/wp-json\/wp\/v2\/product_cat?post=4023"},{"taxonomy":"product_tag","embeddable":true,"href":"https:\/\/weraso.com\/pt\/wp-json\/wp\/v2\/product_tag?post=4023"}],"curies":[{"name":"wp","href":"https:\/\/api.w.org\/{rel}","templated":true}]}}