{"id":1495,"date":"2024-08-15T04:39:13","date_gmt":"2024-08-15T04:39:13","guid":{"rendered":"https:\/\/test.weraso.com\/cookies\/"},"modified":"2025-11-21T11:06:52","modified_gmt":"2025-11-21T11:06:52","slug":"cookies","status":"publish","type":"page","link":"https:\/\/weraso.com\/en\/cookies\/","title":{"rendered":"Cookies"},"content":{"rendered":"<section id=\"section69ed5b6cbad0d\" class=\"section section section-padding-normal\" style=\"background: #FDF8F2; --vs-button-background: #FDF8F2;\">\n    <div class=\"container\">\n      \n\n<div id=\"heading69ed5b6cb7849\" class=\"heading heading-align-center\">\n  <h1 class=\"h1 h1-t h1-m heading-title\" style=\"color: #2A4C48\">\n    Z\u00e1sady sprac\u00favania s\u00faborov cookie  <\/h1>\n  <\/div>\n\n\n\n<div id=\"text-block69ed5b6cb7d18\" class=\"text-block text-block-columns-1\" style=\"margin-top: 0px; margin-bottom: 15px;\">\n  <p>Tieto inform\u00e1cie sa vz\u0165ahuj\u00fa na \u00fadaje, ktor\u00e9 s\u00fa sprac\u00favan\u00e9 prostredn\u00edctvom webovej str\u00e1nky wwww.weraso.sk (\u010falej len webov\u00e1 str\u00e1nka).<\/p>\n<p>Prev\u00e1dzkovate\u013eom webovej str\u00e1nky je spolo\u010dnos\u0165 <strong>Trido trade, s.r.o.<\/strong> so s\u00eddlom Ru\u017eov\u00e1 dolina 16008\/25, 821 09 Bratislava &#8211; mestsk\u00e1 \u010das\u0165 Ru\u017einov, I\u010cO: 54 514 002, zap\u00edsan\u00e1 v Obchodnom registri Mestsk\u00e9ho s\u00fadu Bratislava III oddiel: Sro, vlo\u017eka \u010d. 160478\/B (\u010falej len ako <strong>,,prev\u00e1dzkovate\u013e\u201c).<\/strong><\/p>\n<\/div>\n\n\n<div id=\"heading69ed5b6cb807f\" class=\"heading heading-align-left\">\n  <h2 class=\"h3 h3-t h3-m heading-title\" style=\"color: #2A4C48\">\n    \u010co s\u00fa s\u00fabory cookie ?  <\/h2>\n  <\/div>\n\n\n\n<div id=\"text-block69ed5b6cb82f7\" class=\"text-block text-block-columns-1\" style=\"margin-top: 0px; margin-bottom: 0px;\">\n  <p>S\u00fabor cookie je mal\u00fd textov\u00fd s\u00fabor, ktor\u00fd webov\u00e9 s\u00eddlo uklad\u00e1 vo va\u0161om po\u010d\u00edta\u010di alebo mobilnom zariaden\u00ed v momente, ke\u010f dan\u00e9 s\u00eddlo nav\u0161t\u00edvite.<\/p>\n<p>Pri ka\u017edej n\u00e1v\u0161teve webovej str\u00e1nky sa zobraz\u00ed v\u00fdzva, aby ste prijali alebo odmietli s\u00fabory cookie. \u00da\u010delom je umo\u017eni\u0165, aby si webov\u00e1 str\u00e1nka na ur\u010dit\u00fd \u010das uchovala inform\u00e1cie o va\u0161ich nastaveniach. V\u010faka tomu ich pri prehliadan\u00ed webovej str\u00e1nky nemus\u00edte op\u00e4tovne zad\u00e1va\u0165.<\/p>\n<\/div>\n\n\n<div id=\"heading69ed5b6cb85e1\" class=\"heading heading-align-left\">\n  <h2 class=\"h3 h3-t h3-m heading-title\" style=\"color: #2A4C48\">\n    AK\u00c9 S\u00daBORY COOKIES SPRAC\u00daVAME ?  <\/h2>\n  <\/div>\n\n\n\n<div id=\"heading69ed5b6cb897c\" class=\"heading heading-align-left\">\n  <h4 class=\"h4 h4-t h4-m heading-title\" style=\"color: #2A4C48\">\n    Technick\u00e9 cookies  <\/h4>\n  <\/div>\n\n\n\n<div id=\"text-block69ed5b6cb8be9\" class=\"text-block text-block-columns-1\" style=\"margin-top: 0px; margin-bottom: 0px;\">\n  <p>Niektor\u00e9 s\u00fabory cookies mus\u00edme pou\u017e\u00edva\u0165 preto, aby sme zabezpe\u010dili fungovanie prev\u00e1dzky na\u0161ej webovej str\u00e1nky. V s\u00favislosti so sprac\u00favan\u00edm t\u00fdchto cookies sa preto <u>nevy\u017eaduje<\/u> V\u00e1\u0161 s\u00fahlas so sprac\u00favan\u00edm osobn\u00fdch \u00fadajov.<\/p>\n<\/div>\n\n\n<div id=\"key-value69ed5b6cb8e91\" class=\"key-value\" style=\"margin-top: 0px; margin-bottom: 40px;\">\n      <div class=\"key-value-row\">\n      <p class=\"p key-value-key\">1. \u00da\u010del sprac\u00favania<\/p>\n      <div class=\"p key-value-value\">sprac\u00favanie nevyhnutn\u00fdch s\u00faborov cookies, za \u00fa\u010delom zabezpe\u010denia fungovania prev\u00e1dzky webovej str\u00e1nky<\/div>\n    <\/div>\n        <div class=\"key-value-row\">\n      <p class=\"p key-value-key\">Pr\u00e1vny z\u00e1klad<\/p>\n      <div class=\"p key-value-value\">opr\u00e1vnen\u00fd z\u00e1ujem v zmysle \u010dl. 6 ods. 1 p\u00edsm. f) Nariadenia GDPR. Hlavn\u00fdm opr\u00e1vnen\u00fdm z\u00e1ujmom je zabezpe\u010denie riadnej a bezchybnej prev\u00e1dzky webovej str\u00e1nky.<\/div>\n    <\/div>\n        <div class=\"key-value-row\">\n      <p class=\"p key-value-key\">Kateg\u00f3ria dotknut\u00fdch os\u00f4b<\/p>\n      <div class=\"p key-value-value\">n\u00e1v\u0161tevn\u00edci webovej str\u00e1nky<\/div>\n    <\/div>\n        <div class=\"key-value-row\">\n      <p class=\"p key-value-key\">Kateg\u00f3ria osobn\u00fdch \u00fadajov<\/p>\n      <div class=\"p key-value-value\">jedine\u010dn\u00fd identifik\u00e1tor, ktor\u00fd je s\u00fa\u010das\u0165ou cookies<\/div>\n    <\/div>\n        <div class=\"key-value-row\">\n      <p class=\"p key-value-key\">Kateg\u00f3rie pr\u00edjemcov<\/p>\n      <div class=\"p key-value-value\">poveren\u00e9 osoby v zmluvnom vz\u0165ahu s prev\u00e1dzkovate\u013eom, spr\u00e1vca webovej str\u00e1nky, subjekty ktor\u00fdm je prev\u00e1dzkovate\u013e povinn\u00fd poskytn\u00fa\u0165 osobn\u00e9 \u00fadaje na z\u00e1klade z\u00e1konnej povinnosti<\/div>\n    <\/div>\n        <div class=\"key-value-row\">\n      <p class=\"p key-value-key\">Lehota na v\u00fdmaz osobn\u00fdch \u00fadajov<\/p>\n      <div class=\"p key-value-value\">\u00fadaje bud\u00fa sprac\u00favan\u00e9 po dobu nevyhnutn\u00fa pre splnenie po\u017eiadaviek, t. j. po dobu trvania spojenia pri prehliadan\u00ed webovej str\u00e1nky. Exspir\u00e1cia cookies je uveden\u00e1 sekci\u00ed \u201enastavenia cookies\u201c<\/div>\n    <\/div>\n        <div class=\"key-value-row\">\n      <p class=\"p key-value-key\">Prenos osobn\u00fdch \u00fadajov do tret\u00edch  kraj\u00edn alebo medzin\u00e1rodn\u00fdm  organiz\u00e1ci\u00e1m<\/p>\n      <div class=\"p key-value-value\">neuskuto\u010d\u0148uje sa<\/div>\n    <\/div>\n    <\/div>\n\n\n<div id=\"heading69ed5b6cb92b8\" class=\"heading heading-align-left\">\n  <h4 class=\"h4 h4-t h4-m heading-title\" style=\"color: #2A4C48\">\n    AK\u00c9 \u010eAL\u0160IE S\u00daBORY COOKIES SPRAC\u00daVAME ?  <\/h4>\n  <\/div>\n\n\n\n<div id=\"text-block69ed5b6cb9571\" class=\"text-block text-block-columns-1\" style=\"margin-top: 0px; margin-bottom: 0px;\">\n  <p>Inform\u00e1cia o tom, ak\u00e9 \u010fal\u0161ie s\u00fabory cookies sprac\u00favame je dostupn\u00e1 v nastaveniach cookie li\u0161ty. Pr\u00e1vnym z\u00e1kladom sprac\u00favania t\u00fdchto cookies s\u00faborov je \u010dl. 6 ods. 1 p\u00edsm. a) Nariadenia GDPR, \u010do znamen\u00e1, \u017ee tieto s\u00fabory cookies budeme sprac\u00fava\u0165 za predpokladu, \u017ee n\u00e1m k tak\u00e9muto sprac\u00favaniu udel\u00edte v\u00e1\u0161 slobodn\u00fd s\u00fahlas. S\u00fahlas so sprac\u00favan\u00edm m\u00f4\u017eete udeli\u0165 \u201ekliknut\u00edm\u201c v paneli so s\u00fabormi cookies v z\u00e1vislosti od v\u00e1\u0161ho preferovan\u00e9ho nastavenia. S\u00fahlas m\u00f4\u017eete odvola\u0165 op\u00e4tovn\u00fdm \u201ekliknut\u00edm\u201c v paneli so s\u00fabormi cookies v z\u00e1vislosti od va\u0161ej preferencie t\u00fdkaj\u00facej sa zastavenia sprac\u00favania vybran\u00fdch cookies s\u00faborov. T\u00e1to informa\u010dn\u00e1 povinnos\u0165 priamo nadv\u00e4zuje na inform\u00e1cie uveden\u00e9 v cookies li\u0161te nach\u00e1dzaj\u00facej sa v p\u00e4te webovej str\u00e1nky. Uveden\u00e1 cookies li\u0161ta obsahuje dopl\u0148uj\u00face inform\u00e1cie pre zabezpe\u010denie transparentn\u00e9ho plnenia informa\u010dnej povinnosti.<\/p>\n<p>V uvedenom pr\u00edpade m\u00f4\u017eu by\u0165 pr\u00edjemcami osobn\u00fdch \u00fadajov:<\/p>\n<ul>\n<li style=\"list-style-type: none;\">\n<ul>\n<li>Poveren\u00e9 osoby v zmluvnom vz\u0165ahu s prev\u00e1dzkovate\u013eom<\/li>\n<li>Spr\u00e1vca webovej str\u00e1nky<\/li>\n<\/ul>\n<\/li>\n<\/ul>\n<p>Odstr\u00e1nenie s\u00faborov cookie zo zariadenia<\/p>\n<p>Vymazan\u00edm hist\u00f3rie prehliadania vo svojom prehliada\u010di m\u00f4\u017eete odstr\u00e1ni\u0165 v\u0161etky s\u00fabory cookie, ktor\u00e9 sa vo va\u0161om zariaden\u00ed nach\u00e1dzaj\u00fa. V takomto pr\u00edpade v\u0161ak m\u00f4\u017eete pr\u00eds\u0165 o niektor\u00e9 ulo\u017een\u00e9 inform\u00e1cie.<\/p>\n<p>Blokovanie s\u00faborov cookie<\/p>\n<p>V\u00e4\u010d\u0161inu modern\u00fdch prehliada\u010dov m\u00f4\u017eete nastavi\u0165 tak, aby zabr\u00e1nili ukladaniu v\u0161etk\u00fdch s\u00faborov cookie do v\u00e1\u0161ho zariadenia, v takom pr\u00edpade v\u0161ak niektor\u00e9 preferencie mo\u017eno budete musie\u0165 upravova\u0165 manu\u00e1lne pri ka\u017edej n\u00e1v\u0161teve webovej str\u00e1nky. Niektor\u00e9 slu\u017eby a funkcie navy\u0161e v\u00f4bec nemusia fungova\u0165 spr\u00e1vne.<\/p>\n<p>Viac inform\u00e1cii o tom, ako je mo\u017en\u00e9 spravova\u0165 cookies policy najviac pou\u017e\u00edvan\u00fdmi prehliada\u010dmi sa dozviete:<\/p>\n<\/div>\n\n\n<div id=\"key-value69ed5b6cb97f0\" class=\"key-value\" style=\"margin-top: 0px; margin-bottom: 40px;\">\n      <div class=\"key-value-row\">\n      <p class=\"p key-value-key\">Google chrome<\/p>\n      <div class=\"p key-value-value\"><ahref=\"https:\/\/www.jakpsatweb.cz\/\">Odkaz na hlavn\u00ed str\u00e1nku<\/a><\/div>\n    <\/div>\n        <div class=\"key-value-row\">\n      <p class=\"p key-value-key\">Microsoft Edge<\/p>\n      <div class=\"p key-value-value\">https:\/\/support.microsoft.com\/sk-sk\/help\/4468242\/microsoft-edge-browsing-data-and-privacy-microsoft-privacy<\/div>\n    <\/div>\n    <\/div>\n\n\n<div id=\"key-value69ed5b6cb9a7e\" class=\"key-value\" style=\"margin-top: 0px; margin-bottom: 40px;\">\n      <div class=\"key-value-row\">\n      <p class=\"p key-value-key\">Google chrome<\/p>\n      <div class=\"p key-value-value\"><a href=\"https:\/\/support.google.com\/accounts\/answer\/61416?co=GENIE. Platform%3DDesktop&#038;hl=en\">Google chrome<\/a><\/div>\n    <\/div>\n        <div class=\"key-value-row\">\n      <p class=\"p key-value-key\">Microsoft Edge<\/p>\n      <div class=\"p key-value-value\"><a href=\"https:\/\/support.microsoft.com\/sk-sk\/help\/4468242\/microsoft-edge-browsing-data-and-privacy-microsoft-privacy\">Microsoft Edge<\/a><\/div>\n    <\/div>\n        <div class=\"key-value-row\">\n      <p class=\"p key-value-key\">Mozilla Firefox<\/p>\n      <div class=\"p key-value-value\"><a href=\"https:https:\/\/support.mozilla.org\/en-US\/kb\/enable-and-disable-cookies-website-preferences\">Mozilla Firefox<\/a><\/div>\n    <\/div>\n        <div class=\"key-value-row\">\n      <p class=\"p key-value-key\">Microsoft Internet Explorer<\/p>\n      <div class=\"p key-value-value\"><a href=\"https:https:\/\/support.microsoft.com\/en-gb\/help\/17442\/windows-internet-explorer-delete-manage-cookies\">Microsoft Internet Explorer<\/a><\/div>\n    <\/div>\n        <div class=\"key-value-row\">\n      <p class=\"p key-value-key\">Opera<\/p>\n      <div class=\"p key-value-value\"><a href=\"https:https:\/\/help.opera.com\/cs\/latest\/\">Opera<\/a><\/div>\n    <\/div>\n        <div class=\"key-value-row\">\n      <p class=\"p key-value-key\">Apple Safari<\/p>\n      <div class=\"p key-value-value\"><a href=\"https:\/\/support.apple.com\/en-gb\/safari\">Apple Safari<\/a><\/div>\n    <\/div>\n    <\/div>\n\n\n<div id=\"heading69ed5b6cb9f00\" class=\"heading heading-align-left\">\n  <h4 class=\"h4 h4-t h4-m heading-title\" style=\"color: #2A4C48\">\n    Ak\u00fdmi pr\u00e1vami disponujete v postaven\u00ed dotknutej osoby ?  <\/h4>\n  <\/div>\n\n\n\n<div id=\"text-block69ed5b6cba2aa\" class=\"text-block text-block-columns-1\" style=\"margin-top: 0px; margin-bottom: 0px;\">\n  <ul>\n<li><strong>Pr\u00e1vo na pr\u00edstup<\/strong> &#8211; m\u00e1te pr\u00e1vo na poskytnutie inform\u00e1cie o tom, ako va\u0161e osobn\u00e9 \u00fadaje pou\u017e\u00edvame (bli\u017e\u0161ie \u010dl. 15 Nariadenia GDPR).<\/li>\n<li><strong>Pr\u00e1vo na opravu<\/strong> \u2013 ak si mysl\u00edte \u017ee \u00fadaje, ktor\u00fdmi disponujeme s\u00fa nepresn\u00e9, ne\u00fapln\u00e9 alebo neaktu\u00e1lne, pros\u00edm nev\u00e1hajte n\u00e1s po\u017eiada\u0165, aby sme tieto inform\u00e1cie upravili, aktualizovali alebo doplnili (bli\u017e\u0161ie \u010dl. 16 Nariadenia GDPR).<\/li>\n<li><strong>Pr\u00e1vo na v\u00fdmaz<\/strong> (na zabudnutie) \u2013 m\u00e1te pr\u00e1vo n\u00e1s po\u017eiada\u0165 o vymazanie va\u0161ich osobn\u00fdch \u00fadajov (bli\u017e\u0161ie \u010dl. 17 Nariadenia GDPR).<\/li>\n<li><strong>Odvola\u0165 s\u00fahlas<\/strong> \u2013 v pr\u00edpadoch , kedy va\u0161e osobn\u00e9 \u00fadaje sprac\u00favame na z\u00e1klade v\u00e1\u0161ho s\u00fahlasu, m\u00e1te pr\u00e1vo tento s\u00fahlas kedyko\u013evek odvola\u0165. Odvolanie s\u00fahlasu nem\u00e1 vplyv na z\u00e1konnos\u0165 sprac\u00favania osobn\u00fdch \u00fadajov, ktor\u00e9 sme na jeho z\u00e1klade o v\u00e1s sprac\u00favali (bli\u017e\u0161ie \u010dl. 7 Nariadenia GDPR).<\/li>\n<li><strong>Pr\u00e1vo na obmedzenie sprac\u00favania<\/strong> \u2013 za ur\u010dit\u00fdch okolnost\u00ed ste opr\u00e1vnen\u00fd n\u00e1s po\u017eiada\u0165, aby sme prestali pou\u017e\u00edva\u0165 va\u0161e osobn\u00e9 \u00fadaje (bli\u017e\u0161ie \u010dl. 18 Nariadenia GDPR).<\/li>\n<li><strong>Pr\u00e1vo na prenosnos\u0165 \u00fadajov<\/strong> \u2013 za ur\u010dit\u00fdch okolnost\u00ed m\u00e1te pr\u00e1vo po\u017eiada\u0165 n\u00e1s o prenos osobn\u00fdch \u00fadajov, ktor\u00e9 ste n\u00e1m poskytli, na in\u00fa tretiu stranu pod\u013ea v\u00e1\u0161ho v\u00fdberu (bli\u017e\u0161ie \u010dl. 20 Nariadenia GDPR).<\/li>\n<li><strong>Pr\u00e1vo namieta\u0165<\/strong> \u2013 m\u00e1te pr\u00e1vo namieta\u0165 vo\u010di sprac\u00favaniu osobn\u00fdch \u00fadajov, ktor\u00e9 je zalo\u017een\u00e9 na na\u0161ich legit\u00edmnych opr\u00e1vnen\u00fdch z\u00e1ujmoch (bli\u017e\u0161ie \u010dl. 21 Nariadenia GDPR).<\/li>\n<li><strong>Pr\u00e1vo<\/strong> na to, aby sa na V\u00e1s nevz\u0165ahovalo <strong>automatizovan\u00e9 individu\u00e1lne rozhodovanie<\/strong> vr\u00e1tane <strong>profilovania<\/strong> (bli\u017e\u0161ie \u010dl. 22 Nariadenia GDPR).<\/li>\n<li><strong>Pr\u00e1vo poda\u0165 n\u00e1vrh na za\u010datie konania o ochrane osobn\u00fdch \u00fadajov<\/strong> \u2013 ak sa domnievate, \u017ee va\u0161e osobn\u00e9 \u00fadaje sprac\u00favame nespravodlivo alebo nez\u00e1konne, m\u00f4\u017eete poda\u0165 s\u0165a\u017enos\u0165 na dozorn\u00fd org\u00e1n, ktor\u00fdm je \u00darad na ochranu osobn\u00fdch \u00fadajov Slovenskej republiky.<\/li>\n<\/ul>\n<p>V pr\u00edpade podania n\u00e1mietky t\u00fdkaj\u00facej sa sprac\u00favania va\u0161ich osobn\u00fdch \u00fadajov, m\u00e1te pr\u00e1vo<\/p>\n<p>poda\u0165 podnet alebo \u017eiados\u0165 p\u00edsomne na adresu prev\u00e1dzkovate\u013ea: Ru\u017eov\u00e1 dolina 16008\/25, 821 09 Bratislava &#8211; mestsk\u00e1 \u010das\u0165 Ru\u017einov, alebo e-mailom na <a href=\"mailto:legal@weraso.com,\">legal@weraso.com<\/a>,<\/p>\n<p>Prev\u00e1dzkovate\u013e <strong>nebude<\/strong> vykon\u00e1va\u0165 automatizovan\u00e9 individu\u00e1lne rozhodovanie, pri\u010dom v osobitn\u00fdch pr\u00edpadoch m\u00f4\u017ee v s\u00favislosti so zabezpe\u010dovan\u00edm marketingovej \u010dinnosti vykon\u00e1va\u0165 profilovanie.<\/p>\n<\/div>\n\n\n<div id=\"heading69ed5b6cba6c3\" class=\"heading heading-align-left\">\n  <h4 class=\"h4 h4-t h4-m heading-title\" style=\"color: #2A4C48\">\n    Profilovanie  <\/h4>\n  <\/div>\n\n\n\n<div id=\"text-block69ed5b6cba9ce\" class=\"text-block text-block-columns-1\" style=\"margin-top: 0px; margin-bottom: 0px;\">\n  <p>Pri sprac\u00favan\u00edm osobn\u00fdch \u00fadajov v s\u00favislosti so zabezpe\u010dovan\u00edm marketingovej \u010dinnosti prev\u00e1dzkovate\u013ea m\u00f4\u017ee doch\u00e1dza\u0165 k profilovaniu. Profilovanie je ak\u00e1ko\u013evek forma automatizovan\u00e9ho sprac\u00favania osobn\u00fdch \u00fadajov, ktor\u00e9 pozost\u00e1va z pou\u017eitia t\u00fdchto osobn\u00fdch \u00fadajov na vyhodnotenie ur\u010dit\u00fdch osobn\u00fdch aspektov t\u00fdkaj\u00facich sa fyzickej osoby.<\/p>\n<p>Cie\u013eom profilovania je v tomto pr\u00edpade lep\u0161ie rozpoznanie va\u0161ich z\u00e1ujmov. K profilovaniu bude doch\u00e1dza\u0165 za \u00fa\u010delom poskytovania individu\u00e1lne upraven\u00fdch pon\u00fak produktov a slu\u017eieb prev\u00e1dzkovate\u013ea, av\u0161ak iba v pr\u00edpade, ak n\u00e1m k tak\u00e9muto sprac\u00favaniu udel\u00edte v\u00e1\u0161 slobodn\u00fd s\u00fahlas pod\u013ea podmienok stanoven\u00fdch vy\u0161\u0161ie. Profilovanie je vyu\u017e\u00edvan\u00e9 v s\u00favislosti so sprac\u00favan\u00edm \u201emarketingov\u00fdch cookie\u201c.<\/p>\n<p>Po vykonan\u00ed profilovania dok\u00e1\u017ee prev\u00e1dzkovate\u013e na z\u00e1klade z\u00edskan\u00fdch \u00fadajov poskytn\u00fa\u0165 dotknutej osobe individu\u00e1lnu ponuku produktov alebo slu\u017eieb poskytovan\u00fdch prev\u00e1dzkovate\u013eom. Profilovanie m\u00f4\u017ee ma\u0165 preto vplyv na konkr\u00e9tny druh a typ poskytnutej ponuky zo strany prev\u00e1dzkovate\u013ea.<\/p>\n<p>V pr\u00edpade, \u017ee pri spracovan\u00ed \u00fadajov bude doch\u00e1dza\u0165 k profilovaniu m\u00e1 okrem in\u00e9ho dotknut\u00e1 osoba pr\u00e1vo vznies\u0165 n\u00e1mietky vo\u010di profilovaniu, ako aj pr\u00e1vo na pr\u00edstup k \u00fadajom, ktor\u00e9 s\u00fa predmetom profilovania. Svoje pr\u00e1va m\u00f4\u017ee dotknut\u00e1 osoba uplatni\u0165 e-mailom na adrese <a href=\"mailto:legal@weraso.com,\">legal@weraso.com<\/a>, pr\u00edpadne p\u00edsomne na adrese prev\u00e1dzkovate\u013ea: Ru\u017eov\u00e1 dolina 16008\/25, 821 09 Bratislava &#8211; mestsk\u00e1 \u010das\u0165 Ru\u017einov.<\/p>\n<\/div>\n\n\n<div id=\"ppms_cm_privacy_settings\" class=\"ppms_cm_privacy_settings_widget\" data-editor-centralize=\"true\" data-main-container=\"true\" data-root=\"true\"><div class=\"ppms_cm_privacy_settings_widget_content\" data-disable-select=\"true\" id=\"ppms-b2f51fa7-7ef8-44cd-8ff8-95abe62ccf25\"><h1 class=\"ppms_cm_privacy_settings_form_link_header\" id=\"ppms_cm_privacy_settings_form_link_header_id\">Nastavenia s\u00faborov cookie<\/h1><p class=\"ppms_cm_privacy_settings_form_link_text\" id=\"ppms_cm_privacy_settings_form_link_text_id\">Na tejto str\u00e1nke zhroma\u017e\u010fujeme a sprac\u00favame va\u0161e \u00fadaje, aby sme lep\u0161ie pochopili, ako sa pou\u017e\u00edvaj\u00fa. V\u017edy v\u00e1s \u017eiadame o s\u00fahlas s t\u00fdm. Tu m\u00f4\u017eete zmeni\u0165 Va\u0161e preferencie.<\/p><button class=\"ppms_cm_privacy_settings_button_show\" id=\"ppms_cm_privacy_settings_button\">Spravova\u0165 nastavenia<\/button><\/div><\/div>\n\n\n    <\/div>\n<\/section>\n<style>\n  #prefooter69ed5b6cbb1e0 {\n    background: linear-gradient(180deg, #FDF8F2 0%, #FDF8F2 192px, #FDF8F2 192px, #FDF8F2 100%) !important;\n    color: white;\n  }\n<\/style>\n\n<section id=\"prefooter69ed5b6cbb1e0\" class=\"section section-padding-none prefooter\">\n  <div class=\"container\">\n    <div class=\"prefooter-boxes\">\n            <div class=\"prefooter-box prefooter-box-meeting\">\n        \n<div id=\"heading69ed5b6cbb5f8\" class=\"heading heading-has-text heading-descpos-bottom\">\n  <h2 class=\"h2 h2-t h2-m heading-title\" style=\"color: \">\n    Book an appointment  <\/h2>\n  <div class=\"heading-content\">    <div class=\"heading-description p\">\n      Allocate our time and arrange an exact meeting date.    <\/div>\n    <\/div><\/div>\n        <a href=\"https:\/\/calendly.com\/weraso-info\/30min\" target=\"_blank\" class=\"button button-primary\">Book an appointment<\/a>\n        <svg class=\"prefooter-box-icon\" xmlns=\"http:\/\/www.w3.org\/2000\/svg\" width=\"130\" height=\"130\" viewBox=\"0 0 130 130\" fill=\"none\">\n          <path d=\"M111.565 54.0432V12.9561H89.6523\" stroke=\"#2A4C48\" stroke-width=\"4\" stroke-linecap=\"square\" stroke-linejoin=\"bevel\"\/>\n          <path d=\"M23.9131 12.9561H2V100.609H51.3045\" stroke=\"#2A4C48\" stroke-width=\"4\" stroke-linecap=\"square\" stroke-linejoin=\"bevel\"\/>\n          <path d=\"M40.3489 2H23.9141V23.9131H40.3489V2Z\" stroke=\"#2A4C48\" stroke-width=\"4\" stroke-linecap=\"square\" stroke-linejoin=\"bevel\"\/>\n          <path d=\"M89.6516 2H73.2168V23.9131H89.6516V2Z\" stroke=\"#2A4C48\" stroke-width=\"4\" stroke-linecap=\"square\" stroke-linejoin=\"bevel\"\/>\n          <path d=\"M40.3477 12.9561H73.2173\" stroke=\"#2A4C48\" stroke-width=\"4\" stroke-linecap=\"square\" stroke-linejoin=\"bevel\"\/>\n          <path d=\"M2 40.3484H111.566\" stroke=\"#2A4C48\" stroke-width=\"4\" stroke-linecap=\"square\" stroke-linejoin=\"bevel\"\/>\n          <path d=\"M95.1314 128C113.285 128 128.001 113.284 128.001 95.1303C128.001 76.9769 113.285 62.2607 95.1314 62.2607C76.978 62.2607 62.2617 76.9769 62.2617 95.1303C62.2617 113.284 76.978 128 95.1314 128Z\" stroke=\"#2A4C48\" stroke-width=\"4\" stroke-linecap=\"square\" stroke-linejoin=\"bevel\"\/>\n          <path d=\"M108.827 100.609H95.1309V81.4354\" stroke=\"#2A4C48\" stroke-width=\"4\" stroke-linecap=\"square\" stroke-linejoin=\"bevel\"\/>\n        <\/svg>\n      <\/div>\n      <div class=\"prefooter-box prefooter-box-customer\">\n        \n<div id=\"heading69ed5b6cbba40\" class=\"heading heading-align-left\">\n  <h2 class=\"h2 h2-t h2-m heading-title\" style=\"color: \">\n    Are you a customer <br>and need advice?  <\/h2>\n  <\/div>\n        <button class=\"button button-primary modal-form-trigger\" data-content=\"contact-b2c\" type=\"button\">Contact<\/button>\n        <svg class=\"prefooter-box-icon\" xmlns=\"http:\/\/www.w3.org\/2000\/svg\" width=\"137\" height=\"115\" viewBox=\"0 0 137 115\" fill=\"none\">\n          <path d=\"M3.375 112.045H134\" stroke=\"#B6A66D\" stroke-width=\"4\" stroke-linecap=\"square\" stroke-linejoin=\"bevel\"\/>\n          <path d=\"M3.375 66.1312L60.1685 43.1746\" stroke=\"#B6A66D\" stroke-width=\"4\" stroke-linecap=\"square\" stroke-linejoin=\"bevel\"\/>\n          <path d=\"M14.7344 61.6542V112.044\" stroke=\"#B6A66D\" stroke-width=\"4\" stroke-linecap=\"square\" stroke-linejoin=\"bevel\"\/>\n          <path d=\"M51.6504 3L134.001 54.6522\" stroke=\"#B6A66D\" stroke-width=\"4\" stroke-linecap=\"square\" stroke-linejoin=\"bevel\"\/>\n          <path d=\"M122.641 47.6512V112.044\" stroke=\"#B6A66D\" stroke-width=\"4\" stroke-linecap=\"square\" stroke-linejoin=\"bevel\"\/>\n          <path d=\"M105.604 36.919V14.479H116.962V43.9781\" stroke=\"#B6A66D\" stroke-width=\"4\" stroke-linecap=\"square\" stroke-linejoin=\"bevel\"\/>\n          <path d=\"M111.283 89.087H71.5273V112.044H111.283V89.087Z\" stroke=\"#B6A66D\" stroke-width=\"4\" stroke-linecap=\"square\" stroke-linejoin=\"bevel\"\/>\n          <path d=\"M94.2441 89.087V112.044\" stroke=\"#B6A66D\" stroke-width=\"4\" stroke-linecap=\"square\" stroke-linejoin=\"bevel\"\/>\n          <path d=\"M80.0464 57.5232C84.7513 57.5232 88.5654 53.6689 88.5654 48.9145C88.5654 44.16 84.7513 40.3058 80.0464 40.3058C75.3414 40.3058 71.5273 44.16 71.5273 48.9145C71.5273 53.6689 75.3414 57.5232 80.0464 57.5232Z\" stroke=\"#B6A66D\" stroke-width=\"4\" stroke-linecap=\"square\" stroke-linejoin=\"bevel\"\/>\n          <path d=\"M48.8092 83.3493H26.0918V112.045H48.8092V83.3493Z\" stroke=\"#B6A66D\" stroke-width=\"4\" stroke-linecap=\"square\" stroke-linejoin=\"bevel\"\/>\n          <path d=\"M26.0918 71.8703H48.8092\" stroke=\"#B6A66D\" stroke-width=\"4\" stroke-linecap=\"square\" stroke-linejoin=\"bevel\"\/>\n          <path d=\"M60.168 8.45224V112.044\" stroke=\"#B6A66D\" stroke-width=\"4\" stroke-linecap=\"square\" stroke-linejoin=\"bevel\"\/>\n        <\/svg>\n      <\/div>\n      <div class=\"prefooter-box prefooter-box-client\">\n        \n<div id=\"heading69ed5b6cbd443\" class=\"heading heading-align-left\">\n  <h2 class=\"h2 h2-t h2-m heading-title\" style=\"color: \">\n    Are you a company <br>and need advice?   <\/h2>\n  <\/div>\n        <button class=\"button button-primary modal-form-trigger\" data-content=\"contact-b2b\" type=\"button\">Contact<\/button>\n        <svg class=\"prefooter-box-icon\" xmlns=\"http:\/\/www.w3.org\/2000\/svg\" width=\"90\" height=\"115\" viewBox=\"0 0 90 115\" fill=\"none\">\n          <path d=\"M49.7778 40.5836H2V112.25H49.7778V40.5836Z\" stroke=\"#D9D2BB\" stroke-width=\"4\" stroke-linecap=\"square\" stroke-linejoin=\"bevel\"\/>\n          <path d=\"M88.0004 112.25H49.7782V40.5835H40.2227V2.36133H88.0004V112.25Z\" stroke=\"#D9D2BB\" stroke-width=\"4\" stroke-linecap=\"square\" stroke-linejoin=\"bevel\"\/>\n          <path d=\"M78.4447 97.9169H64.1113V112.25H78.4447V97.9169Z\" stroke=\"#D9D2BB\" stroke-width=\"4\" stroke-linecap=\"square\" stroke-linejoin=\"bevel\"\/>\n          <path d=\"M25.888 97.9169H11.5547V112.25H25.888V97.9169Z\" stroke=\"#D9D2BB\" stroke-width=\"4\" stroke-linecap=\"square\" stroke-linejoin=\"bevel\"\/>\n          <path d=\"M2 50.1391H21.1111\" stroke=\"#D9D2BB\" stroke-width=\"4\" stroke-linecap=\"square\" stroke-linejoin=\"bevel\"\/>\n          <path d=\"M2 59.6947H16.3333\" stroke=\"#D9D2BB\" stroke-width=\"4\" stroke-linecap=\"square\" stroke-linejoin=\"bevel\"\/>\n          <path d=\"M40.2227 21.4724H59.3338\" stroke=\"#D9D2BB\" stroke-width=\"4\" stroke-linecap=\"square\" stroke-linejoin=\"bevel\"\/>\n          <path d=\"M40.2227 11.9169H68.8893\" stroke=\"#D9D2BB\" stroke-width=\"4\" stroke-linecap=\"square\" stroke-linejoin=\"bevel\"\/>\n          <path d=\"M40.2227 31.028H54.556\" stroke=\"#D9D2BB\" stroke-width=\"4\" stroke-linecap=\"square\" stroke-linejoin=\"bevel\"\/>\n          <path d=\"M2 69.2502H11.5556\" stroke=\"#D9D2BB\" stroke-width=\"4\" stroke-linecap=\"square\" stroke-linejoin=\"bevel\"\/>\n        <\/svg>\n      <\/div>\n    <\/div>\n  <\/div>\n<\/section>","protected":false},"excerpt":{"rendered":"","protected":false},"author":1,"featured_media":0,"parent":0,"menu_order":0,"comment_status":"closed","ping_status":"closed","template":"","meta":{"inline_featured_image":false,"footnotes":""},"class_list":["post-1495","page","type-page","status-publish","hentry"],"aioseo_notices":[],"meta_box":{"section-padding":false,"section-color":false,"section-has-color-second":false,"section-color-second":false},"_links":{"self":[{"href":"https:\/\/weraso.com\/en\/wp-json\/wp\/v2\/pages\/1495","targetHints":{"allow":["GET"]}}],"collection":[{"href":"https:\/\/weraso.com\/en\/wp-json\/wp\/v2\/pages"}],"about":[{"href":"https:\/\/weraso.com\/en\/wp-json\/wp\/v2\/types\/page"}],"author":[{"embeddable":true,"href":"https:\/\/weraso.com\/en\/wp-json\/wp\/v2\/users\/1"}],"replies":[{"embeddable":true,"href":"https:\/\/weraso.com\/en\/wp-json\/wp\/v2\/comments?post=1495"}],"version-history":[{"count":7,"href":"https:\/\/weraso.com\/en\/wp-json\/wp\/v2\/pages\/1495\/revisions"}],"predecessor-version":[{"id":4641,"href":"https:\/\/weraso.com\/en\/wp-json\/wp\/v2\/pages\/1495\/revisions\/4641"}],"wp:attachment":[{"href":"https:\/\/weraso.com\/en\/wp-json\/wp\/v2\/media?parent=1495"}],"curies":[{"name":"wp","href":"https:\/\/api.w.org\/{rel}","templated":true}]}}