{"id":3955,"date":"2025-09-08T16:40:17","date_gmt":"2025-09-08T16:40:17","guid":{"rendered":"https:\/\/test.weraso.com\/product\/kanuri\/"},"modified":"2025-11-09T09:22:21","modified_gmt":"2025-11-09T09:22:21","slug":"kanuri","status":"publish","type":"product","link":"https:\/\/weraso.com\/de\/produkt\/kanuri\/","title":{"rendered":"Kanuri"},"content":{"rendered":"<p data-syno-attrs=\"{&quot;textMarks&quot;:[{&quot;_&quot;:&quot;font_size&quot;,&quot;value&quot;:12},{&quot;_&quot;:&quot;font_family&quot;,&quot;complexScript&quot;:&quot;Arial&quot;,&quot;eastAsia&quot;:&quot;Calibri&quot;,&quot;value&quot;:&quot;Calibri&quot;}]}\"><span data-syno-attrs=\"{&quot;value&quot;:&quot;Calibri&quot;,&quot;eastAsia&quot;:&quot;Calibri&quot;,&quot;complexScript&quot;:&quot;Arial&quot;,&quot;hint&quot;:&quot;default&quot;}\">Eine kompakte Kommode mit Schubladen ist die ideale L\u00f6sung f\u00fcr kleinere R\u00e4ume und dient als funktionales und \u00e4sthetisches Aufbewahrungsm\u00f6bel.<\/span><\/p>\n<p data-syno-attrs=\"{&quot;textMarks&quot;:[{&quot;_&quot;:&quot;font_size&quot;,&quot;value&quot;:12},{&quot;_&quot;:&quot;font_family&quot;,&quot;complexScript&quot;:&quot;Arial&quot;,&quot;eastAsia&quot;:&quot;Calibri&quot;,&quot;value&quot;:&quot;Calibri&quot;}]}\"><span data-syno-attrs=\"{&quot;value&quot;:&quot;Calibri&quot;,&quot;eastAsia&quot;:&quot;Calibri&quot;,&quot;complexScript&quot;:&quot;Arial&quot;,&quot;hint&quot;:&quot;default&quot;}\">Jedes St\u00fcck ist aus Naturmaterial gefertigt und hat sein eigenes, individuelles Aussehen \u2013 Unterschiede in Maserung und Farbton des Holzes sind ein nat\u00fcrlicher Bestandteil des Designs.<\/span><\/p>\n","protected":false},"excerpt":{"rendered":"<p data-syno-attrs=\"{&quot;textMarks&quot;:[{&quot;_&quot;:&quot;font_size&quot;,&quot;value&quot;:12},{&quot;_&quot;:&quot;font_family&quot;,&quot;complexScript&quot;:&quot;Arial&quot;,&quot;eastAsia&quot;:&quot;Calibri&quot;,&quot;value&quot;:&quot;Calibri&quot;}]}\"><span data-syno-attrs=\"{&quot;value&quot;:&quot;Calibri&quot;,&quot;eastAsia&quot;:&quot;Calibri&quot;,&quot;complexScript&quot;:&quot;Arial&quot;,&quot;hint&quot;:&quot;default&quot;}\">Allgemeiner Text: Die Kommode Kanuri verk\u00f6rpert ruhige und funktionale \u00c4sthetik im Geiste japanischen Designs. Ihre niedrige, horizontale Silhouette kommt unter einem Fernseher besonders gut zur Geltung, f\u00fcgt sich aber auch harmonisch in ein minimalistisches Schlafzimmer oder einen offenen Wohnbereich ein. Die klaren Eichenfronten mit gefr\u00e4sten Griffen geben den Blick auf die sch\u00f6ne Holzmaserung frei, w\u00e4hrend praktische Ausz\u00fcge ein praktisches Aufbewahrungssystem schaffen. Die leicht erh\u00f6hte Oberseite bietet Platz f\u00fcr Dekorationen, eine Vase, Kerzen oder B\u00fccher und tr\u00e4gt so zu einem harmonischen <\/span><span data-syno-attrs=\"{&quot;value&quot;:&quot;Calibri&quot;,&quot;eastAsia&quot;:&quot;Calibri&quot;,&quot;complexScript&quot;:&quot;Arial&quot;,&quot;hint&quot;:&quot;default&quot;}\">Gleichgewicht zwischen Funktionalit\u00e4t und \u00c4sthetik bei. Kanuri ist eine Kommode, die nicht durch unn\u00f6tige Prahlerei auff\u00e4llt \u2013 ihre Pr\u00e4senz pr\u00e4gt den Charakter des gesamten Raumes auf unaufdringliche Weise.<\/span><\/p>\n","protected":false},"featured_media":2776,"template":"","meta":{"inline_featured_image":false},"product_brand":[],"product_cat":[107],"product_tag":[],"class_list":{"0":"post-3955","1":"product","2":"type-product","3":"status-publish","4":"has-post-thumbnail","6":"product_cat-satori-de","8":"first","9":"instock","10":"taxable","11":"shipping-taxable","12":"purchasable","13":"product-type-simple"},"aioseo_notices":[],"meta_box":{"product-metabox-hero":[],"product-metabox-presentation-second":[{"width":150,"height":150,"file":"2025\/09\/E6_4-Photo-scaled.jpg","filesize":354026,"sizes":{"medium":{"file":"E6_4-Photo-300x300.jpg","width":300,"height":300,"mime-type":"image\/jpeg","filesize":4650,"url":"https:\/\/weraso.com\/wp-content\/uploads\/2025\/09\/E6_4-Photo-300x300.jpg"},"large":{"file":"E6_4-Photo-1024x1024.jpg","width":1024,"height":1024,"mime-type":"image\/jpeg","filesize":37700,"url":"https:\/\/weraso.com\/wp-content\/uploads\/2025\/09\/E6_4-Photo-1024x1024.jpg"},"thumbnail":{"file":"E6_4-Photo-150x150.jpg","width":150,"height":150,"mime-type":"image\/jpeg","filesize":1743,"url":"https:\/\/weraso.com\/wp-content\/uploads\/2025\/09\/E6_4-Photo-150x150.jpg"},"medium_large":{"file":"E6_4-Photo-768x768.jpg","width":768,"height":768,"mime-type":"image\/jpeg","filesize":21218,"url":"https:\/\/weraso.com\/wp-content\/uploads\/2025\/09\/E6_4-Photo-768x768.jpg"},"1536x1536":{"file":"E6_4-Photo-1536x1536.jpg","width":1536,"height":1536,"mime-type":"image\/jpeg","filesize":98825,"url":"https:\/\/weraso.com\/wp-content\/uploads\/2025\/09\/E6_4-Photo-1536x1536.jpg"},"2048x2048":{"file":"E6_4-Photo-2048x2048.jpg","width":2048,"height":2048,"mime-type":"image\/jpeg","filesize":206097,"url":"https:\/\/weraso.com\/wp-content\/uploads\/2025\/09\/E6_4-Photo-2048x2048.jpg"},"woocommerce_thumbnail":{"file":"E6_4-Photo-300x300.jpg","width":300,"height":300,"mime-type":"image\/jpeg","filesize":4650,"uncropped":false,"url":"https:\/\/weraso.com\/wp-content\/uploads\/2025\/09\/E6_4-Photo-300x300.jpg"},"woocommerce_single":{"file":"E6_4-Photo-600x600.jpg","width":600,"height":600,"mime-type":"image\/jpeg","filesize":14043,"url":"https:\/\/weraso.com\/wp-content\/uploads\/2025\/09\/E6_4-Photo-600x600.jpg"},"woocommerce_gallery_thumbnail":{"file":"E6_4-Photo-100x100.jpg","width":100,"height":100,"mime-type":"image\/jpeg","filesize":1095,"url":"https:\/\/weraso.com\/wp-content\/uploads\/2025\/09\/E6_4-Photo-100x100.jpg"}},"image_meta":{"aperture":"0","credit":"","camera":"","caption":"","created_timestamp":"0","copyright":"","focal_length":"0","iso":"0","shutter_speed":"0","title":"","orientation":"0","keywords":[]},"original_image":"E6_4-Photo.jpg","ID":"2778","name":"E6_4-Photo-scaled.jpg","path":"\/data\/7\/5\/757d27e6-6549-4450-aa2b-08ca64892026\/weraso.com\/web\/wp-content\/uploads\/2025\/09\/E6_4-Photo-scaled.jpg","url":"https:\/\/weraso.com\/wp-content\/uploads\/2025\/09\/E6_4-Photo-150x150.jpg","full_url":"https:\/\/weraso.com\/wp-content\/uploads\/2025\/09\/E6_4-Photo-scaled.jpg","title":"E6_4 - Photo","caption":"","description":"","alt":"","srcset":"https:\/\/weraso.com\/wp-content\/uploads\/2025\/09\/E6_4-Photo-150x150.jpg 150w, https:\/\/weraso.com\/wp-content\/uploads\/2025\/09\/E6_4-Photo-300x300.jpg 300w, https:\/\/weraso.com\/wp-content\/uploads\/2025\/09\/E6_4-Photo-1024x1024.jpg 1024w, https:\/\/weraso.com\/wp-content\/uploads\/2025\/09\/E6_4-Photo-768x768.jpg 768w, https:\/\/weraso.com\/wp-content\/uploads\/2025\/09\/E6_4-Photo-1536x1536.jpg 1536w, https:\/\/weraso.com\/wp-content\/uploads\/2025\/09\/E6_4-Photo-2048x2048.jpg 2048w, https:\/\/weraso.com\/wp-content\/uploads\/2025\/09\/E6_4-Photo-600x600.jpg 600w, https:\/\/weraso.com\/wp-content\/uploads\/2025\/09\/E6_4-Photo-100x100.jpg 100w"}],"product-metabox-gallery-video":[],"product-metabox-materials":[{"label":"Fronten","value":"Eichenfurnier"},{"label":"Oberplatte","value":"Wei\u00dfe Kompaktplatte"},{"label":"Beine","value":"Metall, schwarz matt pulverbeschichtet"},{"label":"Oberfl\u00e4che","value":"\u00d6l und nat\u00fcrliches Hartwachs\u00f6l"}],"product-metabox-color":"<p data-syno-attrs=\"{&quot;textMarks&quot;:[{&quot;_&quot;:&quot;font_family&quot;,&quot;complexScript&quot;:&quot;Times New Roman&quot;,&quot;eastAsia&quot;:&quot;Times New Roman&quot;,&quot;value&quot;:&quot;Times New Roman&quot;},{&quot;_&quot;:&quot;font_size&quot;,&quot;value&quot;:11}]}\"><span data-syno-attrs=\"{&quot;value&quot;:&quot;Times New Roman&quot;,&quot;eastAsia&quot;:&quot;Times New Roman&quot;,&quot;complexScript&quot;:&quot;Times New Roman&quot;,&quot;hint&quot;:&quot;default&quot;}\">Hellbraun mit matter wei\u00dfer Platte<\/span><\/p>\n","product-metabox-instructions":"<p data-syno-attrs=\"{&quot;textMarks&quot;:[{&quot;_&quot;:&quot;font_size&quot;,&quot;value&quot;:12},{&quot;_&quot;:&quot;font_family&quot;,&quot;complexScript&quot;:&quot;Arial&quot;,&quot;eastAsia&quot;:&quot;Calibri&quot;,&quot;value&quot;:&quot;Calibri&quot;}]}\"><span data-syno-attrs=\"{&quot;value&quot;:&quot;Calibri&quot;,&quot;eastAsia&quot;:&quot;Calibri&quot;,&quot;complexScript&quot;:&quot;Arial&quot;,&quot;hint&quot;:&quot;default&quot;}\">Wir liefern die Kommode kompakt verpackt. Die Beine m\u00fcssen montiert werden.<\/span><\/p>\n","account-metabox-visibility":[]},"_links":{"self":[{"href":"https:\/\/weraso.com\/de\/wp-json\/wp\/v2\/product\/3955","targetHints":{"allow":["GET"]}}],"collection":[{"href":"https:\/\/weraso.com\/de\/wp-json\/wp\/v2\/product"}],"about":[{"href":"https:\/\/weraso.com\/de\/wp-json\/wp\/v2\/types\/product"}],"wp:featuredmedia":[{"embeddable":true,"href":"https:\/\/weraso.com\/de\/wp-json\/wp\/v2\/media\/2776"}],"wp:attachment":[{"href":"https:\/\/weraso.com\/de\/wp-json\/wp\/v2\/media?parent=3955"}],"wp:term":[{"taxonomy":"product_brand","embeddable":true,"href":"https:\/\/weraso.com\/de\/wp-json\/wp\/v2\/product_brand?post=3955"},{"taxonomy":"product_cat","embeddable":true,"href":"https:\/\/weraso.com\/de\/wp-json\/wp\/v2\/product_cat?post=3955"},{"taxonomy":"product_tag","embeddable":true,"href":"https:\/\/weraso.com\/de\/wp-json\/wp\/v2\/product_tag?post=3955"}],"curies":[{"name":"wp","href":"https:\/\/api.w.org\/{rel}","templated":true}]}}