{"id":3935,"date":"2025-09-09T16:55:33","date_gmt":"2025-09-09T16:55:33","guid":{"rendered":"https:\/\/test.weraso.com\/product\/dravan\/"},"modified":"2025-11-12T14:34:55","modified_gmt":"2025-11-12T14:34:55","slug":"dravan","status":"publish","type":"product","link":"https:\/\/weraso.com\/de\/produkt\/dravan\/","title":{"rendered":"Dravan"},"content":{"rendered":"<ul>\n<li data-syno-attrs=\"{&quot;textMarks&quot;:[{&quot;_&quot;:&quot;font_size&quot;,&quot;value&quot;:11},{&quot;_&quot;:&quot;font_family&quot;,&quot;complexScript&quot;:&quot;Arial&quot;,&quot;eastAsia&quot;:&quot;Arial&quot;,&quot;value&quot;:&quot;Arial&quot;}]}\"><span data-syno-attrs=\"{&quot;value&quot;:&quot;Times New Roman&quot;,&quot;eastAsia&quot;:&quot;Times New Roman&quot;,&quot;complexScript&quot;:&quot;Times New Roman&quot;,&quot;hint&quot;:&quot;default&quot;}\">Eine <\/span><strong>raffinierte Erg\u00e4nzung moderner Wohnr\u00e4ume<\/strong><span data-syno-attrs=\"{&quot;value&quot;:&quot;Times New Roman&quot;,&quot;eastAsia&quot;:&quot;Times New Roman&quot;,&quot;complexScript&quot;:&quot;Times New Roman&quot;,&quot;hint&quot;:&quot;default&quot;}\"><strong>,<\/strong> die Leichtigkeit mit versteckter Funktionalit\u00e4t kombiniert.<\/span><\/li>\n<li data-syno-attrs=\"{&quot;textMarks&quot;:[{&quot;_&quot;:&quot;font_family&quot;,&quot;complexScript&quot;:&quot;Times New Roman&quot;,&quot;eastAsia&quot;:&quot;Times New Roman&quot;,&quot;value&quot;:&quot;Times New Roman&quot;},{&quot;_&quot;:&quot;font_size&quot;,&quot;value&quot;:11}]}\"><span data-syno-attrs=\"{&quot;value&quot;:&quot;Times New Roman&quot;,&quot;eastAsia&quot;:&quot;Times New Roman&quot;,&quot;complexScript&quot;:&quot;Times New Roman&quot;,&quot;hint&quot;:&quot;default&quot;}\">Gleiche Designbasis wie der Corvian-Tisch, jedoch mit zus\u00e4tzlichem offenen Fach \u2013 ideal f\u00fcr Fernbedienungen, B\u00fccher oder Notizen.<\/span><\/li>\n<li data-syno-attrs=\"{&quot;textMarks&quot;:[{&quot;_&quot;:&quot;font_size&quot;,&quot;value&quot;:11},{&quot;_&quot;:&quot;font_family&quot;,&quot;complexScript&quot;:&quot;Arial&quot;,&quot;eastAsia&quot;:&quot;Arial&quot;,&quot;value&quot;:&quot;Arial&quot;}]}\"><span data-syno-attrs=\"{&quot;value&quot;:&quot;Times New Roman&quot;,&quot;eastAsia&quot;:&quot;Times New Roman&quot;,&quot;complexScript&quot;:&quot;Times New Roman&quot;,&quot;hint&quot;:&quot;default&quot;}\">Jede Ausf\u00fchrung ist ein <\/span><strong>Unikat aus Naturmaterialien.<\/strong><\/li>\n<\/ul>\n","protected":false},"excerpt":{"rendered":"<p data-syno-attrs=\"{&quot;textMarks&quot;:[{&quot;_&quot;:&quot;font_family&quot;,&quot;complexScript&quot;:&quot;Times New Roman&quot;,&quot;eastAsia&quot;:&quot;Times New Roman&quot;,&quot;value&quot;:&quot;Times New Roman&quot;},{&quot;_&quot;:&quot;font_size&quot;,&quot;value&quot;:11}]}\"><span data-syno-attrs=\"{&quot;value&quot;:&quot;Times New Roman&quot;,&quot;eastAsia&quot;:&quot;Times New Roman&quot;,&quot;complexScript&quot;:&quot;Times New Roman&quot;,&quot;hint&quot;:&quot;default&quot;}\">Der <\/span><strong>Dravan Tisch<\/strong><span data-syno-attrs=\"{&quot;value&quot;:&quot;Times New Roman&quot;,&quot;eastAsia&quot;:&quot;Times New Roman&quot;,&quot;complexScript&quot;:&quot;Times New Roman&quot;,&quot;hint&quot;:&quot;default&quot;}\"> besitzt ebenfalls eine quadratische Form mit sanft abgerundeten Ecken, die ihm ein harmonisches und sicheres Erscheinungsbild verleihen. Im unteren Bereich befindet sich ein offenes Fach \u2013 eine dezente Ablagefl\u00e4che, um die Tischplatte ordentlich zu halten.<\/span><\/p>\n","protected":false},"featured_media":3267,"template":"","meta":{"inline_featured_image":false},"product_brand":[],"product_cat":[105],"product_tag":[],"class_list":{"0":"post-3935","1":"product","2":"type-product","3":"status-publish","4":"has-post-thumbnail","6":"product_cat-lunera-de","8":"first","9":"instock","10":"taxable","11":"shipping-taxable","12":"purchasable","13":"product-type-simple"},"aioseo_notices":[],"meta_box":{"product-metabox-hero":[],"product-metabox-presentation-second":[{"width":150,"height":150,"file":"2025\/09\/C7_3-Photo-scaled.jpg","filesize":146353,"sizes":{"medium":{"file":"C7_3-Photo-300x300.jpg","width":300,"height":300,"mime-type":"image\/jpeg","filesize":3332,"url":"https:\/\/weraso.com\/wp-content\/uploads\/2025\/09\/C7_3-Photo-300x300.jpg"},"large":{"file":"C7_3-Photo-1024x1024.jpg","width":1024,"height":1024,"mime-type":"image\/jpeg","filesize":21634,"url":"https:\/\/weraso.com\/wp-content\/uploads\/2025\/09\/C7_3-Photo-1024x1024.jpg"},"thumbnail":{"file":"C7_3-Photo-150x150.jpg","width":150,"height":150,"mime-type":"image\/jpeg","filesize":1455,"url":"https:\/\/weraso.com\/wp-content\/uploads\/2025\/09\/C7_3-Photo-150x150.jpg"},"medium_large":{"file":"C7_3-Photo-768x768.jpg","width":768,"height":768,"mime-type":"image\/jpeg","filesize":12961,"url":"https:\/\/weraso.com\/wp-content\/uploads\/2025\/09\/C7_3-Photo-768x768.jpg"},"1536x1536":{"file":"C7_3-Photo-1536x1536.jpg","width":1536,"height":1536,"mime-type":"image\/jpeg","filesize":47926,"url":"https:\/\/weraso.com\/wp-content\/uploads\/2025\/09\/C7_3-Photo-1536x1536.jpg"},"2048x2048":{"file":"C7_3-Photo-2048x2048.jpg","width":2048,"height":2048,"mime-type":"image\/jpeg","filesize":89859,"url":"https:\/\/weraso.com\/wp-content\/uploads\/2025\/09\/C7_3-Photo-2048x2048.jpg"},"woocommerce_thumbnail":{"file":"C7_3-Photo-300x300.jpg","width":300,"height":300,"mime-type":"image\/jpeg","filesize":3332,"uncropped":false,"url":"https:\/\/weraso.com\/wp-content\/uploads\/2025\/09\/C7_3-Photo-300x300.jpg"},"woocommerce_single":{"file":"C7_3-Photo-600x600.jpg","width":600,"height":600,"mime-type":"image\/jpeg","filesize":8937,"url":"https:\/\/weraso.com\/wp-content\/uploads\/2025\/09\/C7_3-Photo-600x600.jpg"},"woocommerce_gallery_thumbnail":{"file":"C7_3-Photo-100x100.jpg","width":100,"height":100,"mime-type":"image\/jpeg","filesize":987,"url":"https:\/\/weraso.com\/wp-content\/uploads\/2025\/09\/C7_3-Photo-100x100.jpg"}},"image_meta":{"aperture":"0","credit":"","camera":"","caption":"","created_timestamp":"0","copyright":"","focal_length":"0","iso":"0","shutter_speed":"0","title":"","orientation":"0","keywords":[]},"original_image":"C7_3-Photo.jpg","ID":"3269","name":"C7_3-Photo-scaled.jpg","path":"\/data\/7\/5\/757d27e6-6549-4450-aa2b-08ca64892026\/weraso.com\/web\/wp-content\/uploads\/2025\/09\/C7_3-Photo-scaled.jpg","url":"https:\/\/weraso.com\/wp-content\/uploads\/2025\/09\/C7_3-Photo-150x150.jpg","full_url":"https:\/\/weraso.com\/wp-content\/uploads\/2025\/09\/C7_3-Photo-scaled.jpg","title":"C7_3 - Photo","caption":"","description":"","alt":"","srcset":"https:\/\/weraso.com\/wp-content\/uploads\/2025\/09\/C7_3-Photo-150x150.jpg 150w, https:\/\/weraso.com\/wp-content\/uploads\/2025\/09\/C7_3-Photo-300x300.jpg 300w, https:\/\/weraso.com\/wp-content\/uploads\/2025\/09\/C7_3-Photo-1024x1024.jpg 1024w, https:\/\/weraso.com\/wp-content\/uploads\/2025\/09\/C7_3-Photo-768x768.jpg 768w, https:\/\/weraso.com\/wp-content\/uploads\/2025\/09\/C7_3-Photo-1536x1536.jpg 1536w, https:\/\/weraso.com\/wp-content\/uploads\/2025\/09\/C7_3-Photo-2048x2048.jpg 2048w, https:\/\/weraso.com\/wp-content\/uploads\/2025\/09\/C7_3-Photo-600x600.jpg 600w, https:\/\/weraso.com\/wp-content\/uploads\/2025\/09\/C7_3-Photo-100x100.jpg 100w"}],"product-metabox-gallery-video":[],"product-metabox-materials":[{"label":"Fronten & Oberfl\u00e4che","value":"Eichenfurnier"},{"label":"Oberplatte","value":"Wei\u00dfe Kompaktplatte"},{"label":"Oberfl\u00e4che","value":"Nat\u00fcrliches Hartwachs\u00f6l"}],"product-metabox-color":"<p data-syno-attrs=\"{&quot;textMarks&quot;:[{&quot;_&quot;:&quot;font_family&quot;,&quot;complexScript&quot;:&quot;Times New Roman&quot;,&quot;eastAsia&quot;:&quot;Times New Roman&quot;,&quot;value&quot;:&quot;Times New Roman&quot;},{&quot;_&quot;:&quot;font_size&quot;,&quot;value&quot;:11}]}\"><span data-syno-attrs=\"{&quot;value&quot;:&quot;Times New Roman&quot;,&quot;eastAsia&quot;:&quot;Times New Roman&quot;,&quot;complexScript&quot;:&quot;Times New Roman&quot;,&quot;hint&quot;:&quot;default&quot;}\">Hellbraun mit matter wei\u00dfer Platte<\/span><\/p>\n","product-metabox-instructions":"<p data-syno-attrs=\"{&quot;textMarks&quot;:[{&quot;_&quot;:&quot;font_family&quot;,&quot;complexScript&quot;:&quot;Times New Roman&quot;,&quot;eastAsia&quot;:&quot;Times New Roman&quot;,&quot;value&quot;:&quot;Times New Roman&quot;},{&quot;_&quot;:&quot;font_size&quot;,&quot;value&quot;:11}]}\"><span data-syno-attrs=\"{&quot;value&quot;:&quot;Times New Roman&quot;,&quot;eastAsia&quot;:&quot;Times New Roman&quot;,&quot;complexScript&quot;:&quot;Times New Roman&quot;,&quot;hint&quot;:&quot;default&quot;}\">Lieferung in kompakter Verpackung<\/span><\/p>\n","account-metabox-visibility":[]},"_links":{"self":[{"href":"https:\/\/weraso.com\/de\/wp-json\/wp\/v2\/product\/3935","targetHints":{"allow":["GET"]}}],"collection":[{"href":"https:\/\/weraso.com\/de\/wp-json\/wp\/v2\/product"}],"about":[{"href":"https:\/\/weraso.com\/de\/wp-json\/wp\/v2\/types\/product"}],"wp:featuredmedia":[{"embeddable":true,"href":"https:\/\/weraso.com\/de\/wp-json\/wp\/v2\/media\/3267"}],"wp:attachment":[{"href":"https:\/\/weraso.com\/de\/wp-json\/wp\/v2\/media?parent=3935"}],"wp:term":[{"taxonomy":"product_brand","embeddable":true,"href":"https:\/\/weraso.com\/de\/wp-json\/wp\/v2\/product_brand?post=3935"},{"taxonomy":"product_cat","embeddable":true,"href":"https:\/\/weraso.com\/de\/wp-json\/wp\/v2\/product_cat?post=3935"},{"taxonomy":"product_tag","embeddable":true,"href":"https:\/\/weraso.com\/de\/wp-json\/wp\/v2\/product_tag?post=3935"}],"curies":[{"name":"wp","href":"https:\/\/api.w.org\/{rel}","templated":true}]}}