{"id":3927,"date":"2025-09-09T16:30:02","date_gmt":"2025-09-09T16:30:02","guid":{"rendered":"https:\/\/test.weraso.com\/product\/zaluna\/"},"modified":"2025-11-09T08:52:43","modified_gmt":"2025-11-09T08:52:43","slug":"zaluna","status":"publish","type":"product","link":"https:\/\/weraso.com\/de\/produkt\/zaluna\/","title":{"rendered":"Zaluna"},"content":{"rendered":"<p data-syno-attrs=\"{&quot;textMarks&quot;:[{&quot;_&quot;:&quot;font_size&quot;,&quot;value&quot;:12},{&quot;_&quot;:&quot;font_family&quot;,&quot;complexScript&quot;:&quot;Arial&quot;,&quot;eastAsia&quot;:&quot;Calibri&quot;,&quot;value&quot;:&quot;Calibri&quot;}]}\"><span data-syno-attrs=\"{&quot;value&quot;:&quot;Calibri&quot;,&quot;eastAsia&quot;:&quot;Calibri&quot;,&quot;complexScript&quot;:&quot;Arial&quot;,&quot;hint&quot;:&quot;default&quot;}\">Zwei gro\u00dfe Schubladen eignen sich ideal zum Organisieren von Schlafzimmer, Wohnzimmer oder B\u00fcro. Sanft abgerundete Kanten runden das moderne und ansprechende Design ab, das sich harmonisch in verschiedene Einrichtungsstile einf\u00fcgt.<\/span><\/p>\n<p data-syno-attrs=\"{&quot;textMarks&quot;:[{&quot;_&quot;:&quot;font_size&quot;,&quot;value&quot;:12},{&quot;_&quot;:&quot;font_family&quot;,&quot;complexScript&quot;:&quot;Arial&quot;,&quot;eastAsia&quot;:&quot;Calibri&quot;,&quot;value&quot;:&quot;Calibri&quot;}]}\"><span data-syno-attrs=\"{&quot;value&quot;:&quot;Calibri&quot;,&quot;eastAsia&quot;:&quot;Calibri&quot;,&quot;complexScript&quot;:&quot;Arial&quot;,&quot;hint&quot;:&quot;default&quot;}\">Jedes St\u00fcck ist aus Naturmaterial gefertigt und hat ein individuelles Erscheinungsbild \u2013 Unterschiede in Maserung und Farbton des Holzes sind ein nat\u00fcrlicher Bestandteil des Designs.<\/span><\/p>\n","protected":false},"excerpt":{"rendered":"<p data-syno-attrs=\"{&quot;textMarks&quot;:[{&quot;_&quot;:&quot;font_size&quot;,&quot;value&quot;:12},{&quot;_&quot;:&quot;font_family&quot;,&quot;complexScript&quot;:&quot;Arial&quot;,&quot;eastAsia&quot;:&quot;Calibri&quot;,&quot;value&quot;:&quot;Calibri&quot;}]}\"><span data-syno-attrs=\"{&quot;value&quot;:&quot;Calibri&quot;,&quot;eastAsia&quot;:&quot;Calibri&quot;,&quot;complexScript&quot;:&quot;Arial&quot;,&quot;hint&quot;:&quot;default&quot;}\">Zaluna ist eine moderne und funktionale H\u00e4ngekommode aus der Lunera-Kollektion, die als stilvolle und praktische Aufbewahrungsl\u00f6sung f\u00fcr Ihr Zuhause dient. Die Kommode verf\u00fcgt \u00fcber zwei ger\u00e4umige, nebeneinanderliegende Schubladen, die viel Stauraum f\u00fcr Kleinigkeiten, B\u00fccher oder pers\u00f6nliche Gegenst\u00e4nde bieten.<\/span><\/p>\n","protected":false},"featured_media":3108,"template":"","meta":{"inline_featured_image":false},"product_brand":[],"product_cat":[105],"product_tag":[],"class_list":{"0":"post-3927","1":"product","2":"type-product","3":"status-publish","4":"has-post-thumbnail","6":"product_cat-lunera-de","8":"first","9":"instock","10":"taxable","11":"shipping-taxable","12":"purchasable","13":"product-type-simple"},"aioseo_notices":[],"meta_box":{"product-metabox-hero":[],"product-metabox-presentation-second":[{"width":150,"height":150,"file":"2025\/09\/C3_4-Photo-scaled.jpg","filesize":311875,"sizes":{"medium":{"file":"C3_4-Photo-300x300.jpg","width":300,"height":300,"mime-type":"image\/jpeg","filesize":3491,"url":"https:\/\/weraso.com\/wp-content\/uploads\/2025\/09\/C3_4-Photo-300x300.jpg"},"large":{"file":"C3_4-Photo-1024x1024.jpg","width":1024,"height":1024,"mime-type":"image\/jpeg","filesize":27792,"url":"https:\/\/weraso.com\/wp-content\/uploads\/2025\/09\/C3_4-Photo-1024x1024.jpg"},"thumbnail":{"file":"C3_4-Photo-150x150.jpg","width":150,"height":150,"mime-type":"image\/jpeg","filesize":1457,"url":"https:\/\/weraso.com\/wp-content\/uploads\/2025\/09\/C3_4-Photo-150x150.jpg"},"medium_large":{"file":"C3_4-Photo-768x768.jpg","width":768,"height":768,"mime-type":"image\/jpeg","filesize":15418,"url":"https:\/\/weraso.com\/wp-content\/uploads\/2025\/09\/C3_4-Photo-768x768.jpg"},"1536x1536":{"file":"C3_4-Photo-1536x1536.jpg","width":1536,"height":1536,"mime-type":"image\/jpeg","filesize":78266,"url":"https:\/\/weraso.com\/wp-content\/uploads\/2025\/09\/C3_4-Photo-1536x1536.jpg"},"2048x2048":{"file":"C3_4-Photo-2048x2048.jpg","width":2048,"height":2048,"mime-type":"image\/jpeg","filesize":173610,"url":"https:\/\/weraso.com\/wp-content\/uploads\/2025\/09\/C3_4-Photo-2048x2048.jpg"},"woocommerce_thumbnail":{"file":"C3_4-Photo-300x300.jpg","width":300,"height":300,"mime-type":"image\/jpeg","filesize":3491,"uncropped":false,"url":"https:\/\/weraso.com\/wp-content\/uploads\/2025\/09\/C3_4-Photo-300x300.jpg"},"woocommerce_single":{"file":"C3_4-Photo-600x600.jpg","width":600,"height":600,"mime-type":"image\/jpeg","filesize":10050,"url":"https:\/\/weraso.com\/wp-content\/uploads\/2025\/09\/C3_4-Photo-600x600.jpg"},"woocommerce_gallery_thumbnail":{"file":"C3_4-Photo-100x100.jpg","width":100,"height":100,"mime-type":"image\/jpeg","filesize":956,"url":"https:\/\/weraso.com\/wp-content\/uploads\/2025\/09\/C3_4-Photo-100x100.jpg"}},"image_meta":{"aperture":"0","credit":"","camera":"","caption":"","created_timestamp":"0","copyright":"","focal_length":"0","iso":"0","shutter_speed":"0","title":"","orientation":"0","keywords":[]},"original_image":"C3_4-Photo.jpg","ID":"3110","name":"C3_4-Photo-scaled.jpg","path":"\/data\/7\/5\/757d27e6-6549-4450-aa2b-08ca64892026\/weraso.com\/web\/wp-content\/uploads\/2025\/09\/C3_4-Photo-scaled.jpg","url":"https:\/\/weraso.com\/wp-content\/uploads\/2025\/09\/C3_4-Photo-150x150.jpg","full_url":"https:\/\/weraso.com\/wp-content\/uploads\/2025\/09\/C3_4-Photo-scaled.jpg","title":"C3_4 - Photo","caption":"","description":"","alt":"","srcset":"https:\/\/weraso.com\/wp-content\/uploads\/2025\/09\/C3_4-Photo-150x150.jpg 150w, https:\/\/weraso.com\/wp-content\/uploads\/2025\/09\/C3_4-Photo-300x300.jpg 300w, https:\/\/weraso.com\/wp-content\/uploads\/2025\/09\/C3_4-Photo-1024x1024.jpg 1024w, https:\/\/weraso.com\/wp-content\/uploads\/2025\/09\/C3_4-Photo-768x768.jpg 768w, https:\/\/weraso.com\/wp-content\/uploads\/2025\/09\/C3_4-Photo-1536x1536.jpg 1536w, https:\/\/weraso.com\/wp-content\/uploads\/2025\/09\/C3_4-Photo-2048x2048.jpg 2048w, https:\/\/weraso.com\/wp-content\/uploads\/2025\/09\/C3_4-Photo-600x600.jpg 600w, https:\/\/weraso.com\/wp-content\/uploads\/2025\/09\/C3_4-Photo-100x100.jpg 100w"}],"product-metabox-gallery-video":[],"product-metabox-materials":[{"label":"Fronten & Schubladen","value":"Eichenfurnier"},{"label":"Oberplatte","value":"Wei\u00dfe Kompaktplatte"},{"label":"Innenw\u00e4nde","value":"Laminierte Spanplatte (DTDL)"},{"label":"Oberfl\u00e4che","value":"Nat\u00fcrliches Hartwachs\u00f6l"}],"product-metabox-color":"<p data-syno-attrs=\"{&quot;textMarks&quot;:[{&quot;_&quot;:&quot;font_family&quot;,&quot;complexScript&quot;:&quot;Times New Roman&quot;,&quot;eastAsia&quot;:&quot;Times New Roman&quot;,&quot;value&quot;:&quot;Times New Roman&quot;},{&quot;_&quot;:&quot;font_size&quot;,&quot;value&quot;:11}]}\"><span data-syno-attrs=\"{&quot;value&quot;:&quot;Times New Roman&quot;,&quot;eastAsia&quot;:&quot;Times New Roman&quot;,&quot;complexScript&quot;:&quot;Times New Roman&quot;,&quot;hint&quot;:&quot;default&quot;}\"> Hellbraun mit matter wei\u00dfer Platte<\/span><\/p>\n","product-metabox-instructions":"<p data-syno-attrs=\"{&quot;textMarks&quot;:[{&quot;_&quot;:&quot;font_size&quot;,&quot;value&quot;:12},{&quot;_&quot;:&quot;font_family&quot;,&quot;complexScript&quot;:&quot;Arial&quot;,&quot;eastAsia&quot;:&quot;Calibri&quot;,&quot;value&quot;:&quot;Calibri&quot;}]}\"><span data-syno-attrs=\"{&quot;value&quot;:&quot;Calibri&quot;,&quot;eastAsia&quot;:&quot;Calibri&quot;,&quot;complexScript&quot;:&quot;Arial&quot;,&quot;hint&quot;:&quot;default&quot;}\">Die Montage erfolgt an der Wand mithilfe der mitgelieferten Wandhalterung, die f\u00fcr Stabilit\u00e4t und sicheren Halt sorgt. Bitte beachten Sie die beiliegende Montageanleitung.<\/span><\/p>\n<p data-syno-attrs=\"{&quot;textMarks&quot;:[{&quot;_&quot;:&quot;font_size&quot;,&quot;value&quot;:12},{&quot;_&quot;:&quot;font_family&quot;,&quot;complexScript&quot;:&quot;Arial&quot;,&quot;eastAsia&quot;:&quot;Calibri&quot;,&quot;value&quot;:&quot;Calibri&quot;}]}\"><span data-syno-attrs=\"{&quot;value&quot;:&quot;Calibri&quot;,&quot;eastAsia&quot;:&quot;Calibri&quot;,&quot;complexScript&quot;:&quot;Arial&quot;,&quot;hint&quot;:&quot;default&quot;}\">Schrauben und D\u00fcbel sind nicht im Lieferumfang enthalten. Wir empfehlen, die f\u00fcr Ihre Wand geeigneten Befestigungsmaterialien zu verwenden.<\/span><\/p>\n","account-metabox-visibility":[]},"_links":{"self":[{"href":"https:\/\/weraso.com\/de\/wp-json\/wp\/v2\/product\/3927","targetHints":{"allow":["GET"]}}],"collection":[{"href":"https:\/\/weraso.com\/de\/wp-json\/wp\/v2\/product"}],"about":[{"href":"https:\/\/weraso.com\/de\/wp-json\/wp\/v2\/types\/product"}],"wp:featuredmedia":[{"embeddable":true,"href":"https:\/\/weraso.com\/de\/wp-json\/wp\/v2\/media\/3108"}],"wp:attachment":[{"href":"https:\/\/weraso.com\/de\/wp-json\/wp\/v2\/media?parent=3927"}],"wp:term":[{"taxonomy":"product_brand","embeddable":true,"href":"https:\/\/weraso.com\/de\/wp-json\/wp\/v2\/product_brand?post=3927"},{"taxonomy":"product_cat","embeddable":true,"href":"https:\/\/weraso.com\/de\/wp-json\/wp\/v2\/product_cat?post=3927"},{"taxonomy":"product_tag","embeddable":true,"href":"https:\/\/weraso.com\/de\/wp-json\/wp\/v2\/product_tag?post=3927"}],"curies":[{"name":"wp","href":"https:\/\/api.w.org\/{rel}","templated":true}]}}