{"id":3921,"date":"2025-09-09T17:36:29","date_gmt":"2025-09-09T17:36:29","guid":{"rendered":"https:\/\/test.weraso.com\/product\/petalon\/"},"modified":"2025-11-09T08:44:21","modified_gmt":"2025-11-09T08:44:21","slug":"petalon","status":"publish","type":"product","link":"https:\/\/weraso.com\/de\/produkt\/petalon\/","title":{"rendered":"Petalon"},"content":{"rendered":"<ul>\n<li data-syno-attrs=\"{&quot;textMarks&quot;:[{&quot;_&quot;:&quot;font_family&quot;,&quot;complexScript&quot;:&quot;Times New Roman&quot;,&quot;eastAsia&quot;:&quot;Times New Roman&quot;,&quot;value&quot;:&quot;Times New Roman&quot;},{&quot;_&quot;:&quot;font_size&quot;,&quot;value&quot;:11}]}\"><span data-syno-attrs=\"{&quot;value&quot;:&quot;Times New Roman&quot;,&quot;eastAsia&quot;:&quot;Times New Roman&quot;,&quot;complexScript&quot;:&quot;Times New Roman&quot;,&quot;hint&quot;:&quot;default&quot;}\">Kompakte Ma\u00dfe und abgerundete Ecken sorgen f\u00fcr ein leichtes, aber stabiles Erscheinungsbild.<\/span><\/li>\n<li data-syno-attrs=\"{&quot;textMarks&quot;:[{&quot;_&quot;:&quot;font_family&quot;,&quot;complexScript&quot;:&quot;Times New Roman&quot;,&quot;eastAsia&quot;:&quot;Times New Roman&quot;,&quot;value&quot;:&quot;Times New Roman&quot;},{&quot;_&quot;:&quot;font_size&quot;,&quot;value&quot;:11}]}\"><span data-syno-attrs=\"{&quot;value&quot;:&quot;Times New Roman&quot;,&quot;eastAsia&quot;:&quot;Times New Roman&quot;,&quot;complexScript&quot;:&quot;Times New Roman&quot;,&quot;hint&quot;:&quot;default&quot;}\">Die klare Form bietet Platz f\u00fcr eine Vase, B\u00fccher oder Kerzen \u2013 immer mit Raum zum Atmen.<\/span><\/li>\n<li data-syno-attrs=\"{&quot;textMarks&quot;:[{&quot;_&quot;:&quot;font_size&quot;,&quot;value&quot;:11},{&quot;_&quot;:&quot;font_family&quot;,&quot;complexScript&quot;:&quot;Arial&quot;,&quot;eastAsia&quot;:&quot;Arial&quot;,&quot;value&quot;:&quot;Arial&quot;}]}\"><strong>Petalon<\/strong><span data-syno-attrs=\"{&quot;value&quot;:&quot;Times New Roman&quot;,&quot;eastAsia&quot;:&quot;Times New Roman&quot;,&quot;complexScript&quot;:&quot;Times New Roman&quot;,&quot;hint&quot;:&quot;default&quot;}\"> zeigt, dass M\u00f6bel weibliche Energie ausstrahlen k\u00f6nnen \u2013 sanft, bedacht und selbstbewusst.<\/span><\/li>\n<li data-syno-attrs=\"{&quot;textMarks&quot;:[{&quot;_&quot;:&quot;font_family&quot;,&quot;complexScript&quot;:&quot;Times New Roman&quot;,&quot;eastAsia&quot;:&quot;Times New Roman&quot;,&quot;value&quot;:&quot;Times New Roman&quot;},{&quot;_&quot;:&quot;font_size&quot;,&quot;value&quot;:11}]}\"><span data-syno-attrs=\"{&quot;value&quot;:&quot;Times New Roman&quot;,&quot;eastAsia&quot;:&quot;Times New Roman&quot;,&quot;complexScript&quot;:&quot;Times New Roman&quot;,&quot;hint&quot;:&quot;default&quot;}\">Ideal f\u00fcr offene Wohnbereiche sowie gem\u00fctliche R\u00e4ume \u2013 ein nat\u00fcrlicher Blickfang.<\/span><\/li>\n<\/ul>\n","protected":false},"excerpt":{"rendered":"<p data-syno-attrs=\"{&quot;textMarks&quot;:[{&quot;_&quot;:&quot;font_size&quot;,&quot;value&quot;:12},{&quot;_&quot;:&quot;font_family&quot;,&quot;complexScript&quot;:&quot;Arial&quot;,&quot;eastAsia&quot;:&quot;Calibri&quot;,&quot;value&quot;:&quot;Calibri&quot;}]}\"><span data-syno-attrs=\"{&quot;value&quot;:&quot;Calibri&quot;,&quot;eastAsia&quot;:&quot;Calibri&quot;,&quot;complexScript&quot;:&quot;Arial&quot;,&quot;hint&quot;:&quot;default&quot;}\">Der quadratische Couchtisch Petalon erg\u00e4nzt die Flora-Kollektion \u2013 eine von Frauen entworfene M\u00f6belserie mit Sinn f\u00fcr Details, Ausgewogenheit und Eleganz.<\/span><\/p>\n<p data-syno-attrs=\"{&quot;textMarks&quot;:[{&quot;_&quot;:&quot;font_size&quot;,&quot;value&quot;:12},{&quot;_&quot;:&quot;font_family&quot;,&quot;complexScript&quot;:&quot;Arial&quot;,&quot;eastAsia&quot;:&quot;Calibri&quot;,&quot;value&quot;:&quot;Calibri&quot;}]}\"><span data-syno-attrs=\"{&quot;value&quot;:&quot;Calibri&quot;,&quot;eastAsia&quot;:&quot;Calibri&quot;,&quot;complexScript&quot;:&quot;Arial&quot;,&quot;hint&quot;:&quot;default&quot;}\">Er bietet praktischen Stauraum mit Zugriff von zwei Seiten, ideal f\u00fcr die Aufbewahrung von Kleinigkeiten oder Zeitschriften. Die T\u00fcr l\u00e4sst sich durch leichtes Ziehen an der Kante \u00f6ffnen.<\/span><\/p>\n","protected":false},"featured_media":3508,"template":"","meta":{"inline_featured_image":false},"product_brand":[],"product_cat":[104],"product_tag":[],"class_list":{"0":"post-3921","1":"product","2":"type-product","3":"status-publish","4":"has-post-thumbnail","6":"product_cat-flora-de","8":"first","9":"instock","10":"taxable","11":"shipping-taxable","12":"purchasable","13":"product-type-simple"},"aioseo_notices":[],"meta_box":{"product-metabox-hero":[],"product-metabox-presentation-second":[{"width":150,"height":150,"file":"2025\/09\/B6_3-Photo-scaled.jpg","filesize":174794,"sizes":{"medium":{"file":"B6_3-Photo-300x300.jpg","width":300,"height":300,"mime-type":"image\/jpeg","filesize":3681,"url":"https:\/\/weraso.com\/wp-content\/uploads\/2025\/09\/B6_3-Photo-300x300.jpg"},"large":{"file":"B6_3-Photo-1024x1024.jpg","width":1024,"height":1024,"mime-type":"image\/jpeg","filesize":26645,"url":"https:\/\/weraso.com\/wp-content\/uploads\/2025\/09\/B6_3-Photo-1024x1024.jpg"},"thumbnail":{"file":"B6_3-Photo-150x150.jpg","width":150,"height":150,"mime-type":"image\/jpeg","filesize":1550,"url":"https:\/\/weraso.com\/wp-content\/uploads\/2025\/09\/B6_3-Photo-150x150.jpg"},"medium_large":{"file":"B6_3-Photo-768x768.jpg","width":768,"height":768,"mime-type":"image\/jpeg","filesize":15727,"url":"https:\/\/weraso.com\/wp-content\/uploads\/2025\/09\/B6_3-Photo-768x768.jpg"},"1536x1536":{"file":"B6_3-Photo-1536x1536.jpg","width":1536,"height":1536,"mime-type":"image\/jpeg","filesize":59382,"url":"https:\/\/weraso.com\/wp-content\/uploads\/2025\/09\/B6_3-Photo-1536x1536.jpg"},"2048x2048":{"file":"B6_3-Photo-2048x2048.jpg","width":2048,"height":2048,"mime-type":"image\/jpeg","filesize":109164,"url":"https:\/\/weraso.com\/wp-content\/uploads\/2025\/09\/B6_3-Photo-2048x2048.jpg"},"woocommerce_thumbnail":{"file":"B6_3-Photo-300x300.jpg","width":300,"height":300,"mime-type":"image\/jpeg","filesize":3681,"uncropped":false,"url":"https:\/\/weraso.com\/wp-content\/uploads\/2025\/09\/B6_3-Photo-300x300.jpg"},"woocommerce_single":{"file":"B6_3-Photo-600x600.jpg","width":600,"height":600,"mime-type":"image\/jpeg","filesize":10561,"url":"https:\/\/weraso.com\/wp-content\/uploads\/2025\/09\/B6_3-Photo-600x600.jpg"},"woocommerce_gallery_thumbnail":{"file":"B6_3-Photo-100x100.jpg","width":100,"height":100,"mime-type":"image\/jpeg","filesize":1039,"url":"https:\/\/weraso.com\/wp-content\/uploads\/2025\/09\/B6_3-Photo-100x100.jpg"}},"image_meta":{"aperture":"0","credit":"","camera":"","caption":"","created_timestamp":"0","copyright":"","focal_length":"0","iso":"0","shutter_speed":"0","title":"","orientation":"0","keywords":[]},"original_image":"B6_3-Photo.jpg","ID":"3510","name":"B6_3-Photo-scaled.jpg","path":"\/data\/7\/5\/757d27e6-6549-4450-aa2b-08ca64892026\/weraso.com\/web\/wp-content\/uploads\/2025\/09\/B6_3-Photo-scaled.jpg","url":"https:\/\/weraso.com\/wp-content\/uploads\/2025\/09\/B6_3-Photo-150x150.jpg","full_url":"https:\/\/weraso.com\/wp-content\/uploads\/2025\/09\/B6_3-Photo-scaled.jpg","title":"B6_3 - Photo","caption":"","description":"","alt":"","srcset":"https:\/\/weraso.com\/wp-content\/uploads\/2025\/09\/B6_3-Photo-150x150.jpg 150w, https:\/\/weraso.com\/wp-content\/uploads\/2025\/09\/B6_3-Photo-300x300.jpg 300w, https:\/\/weraso.com\/wp-content\/uploads\/2025\/09\/B6_3-Photo-1024x1024.jpg 1024w, https:\/\/weraso.com\/wp-content\/uploads\/2025\/09\/B6_3-Photo-768x768.jpg 768w, https:\/\/weraso.com\/wp-content\/uploads\/2025\/09\/B6_3-Photo-1536x1536.jpg 1536w, https:\/\/weraso.com\/wp-content\/uploads\/2025\/09\/B6_3-Photo-2048x2048.jpg 2048w, https:\/\/weraso.com\/wp-content\/uploads\/2025\/09\/B6_3-Photo-600x600.jpg 600w, https:\/\/weraso.com\/wp-content\/uploads\/2025\/09\/B6_3-Photo-100x100.jpg 100w"}],"product-metabox-gallery-video":[],"product-metabox-materials":[{"label":"Fronten und Fl\u00e4chen","value":"Eichenfurnier"},{"label":"Oberplatte","value":"Wei\u00dfe Kompaktplatte"},{"label":"Oberfl\u00e4chenbehandlung","value":"Naturharter Wachs\u00f6l"}],"product-metabox-color":"<p data-syno-attrs=\"{&quot;textMarks&quot;:[{&quot;_&quot;:&quot;font_family&quot;,&quot;complexScript&quot;:&quot;Times New Roman&quot;,&quot;eastAsia&quot;:&quot;Times New Roman&quot;,&quot;value&quot;:&quot;Times New Roman&quot;},{&quot;_&quot;:&quot;font_size&quot;,&quot;value&quot;:11}]}\"><span data-syno-attrs=\"{&quot;value&quot;:&quot;Times New Roman&quot;,&quot;eastAsia&quot;:&quot;Times New Roman&quot;,&quot;complexScript&quot;:&quot;Times New Roman&quot;,&quot;hint&quot;:&quot;default&quot;}\">Hellbraun mit matter wei\u00dfer Platte<\/span><\/p>\n","product-metabox-instructions":"<p data-syno-attrs=\"{&quot;textMarks&quot;:[{&quot;_&quot;:&quot;font_size&quot;,&quot;value&quot;:12},{&quot;_&quot;:&quot;font_family&quot;,&quot;complexScript&quot;:&quot;Arial&quot;,&quot;eastAsia&quot;:&quot;Calibri&quot;,&quot;value&quot;:&quot;Calibri&quot;}]}\"><span data-syno-attrs=\"{&quot;value&quot;:&quot;Calibri&quot;,&quot;eastAsia&quot;:&quot;Calibri&quot;,&quot;complexScript&quot;:&quot;Arial&quot;,&quot;hint&quot;:&quot;default&quot;}\">Wir liefern in einer kompakten Verpackung.<\/span><\/p>\n","account-metabox-visibility":[]},"_links":{"self":[{"href":"https:\/\/weraso.com\/de\/wp-json\/wp\/v2\/product\/3921","targetHints":{"allow":["GET"]}}],"collection":[{"href":"https:\/\/weraso.com\/de\/wp-json\/wp\/v2\/product"}],"about":[{"href":"https:\/\/weraso.com\/de\/wp-json\/wp\/v2\/types\/product"}],"wp:featuredmedia":[{"embeddable":true,"href":"https:\/\/weraso.com\/de\/wp-json\/wp\/v2\/media\/3508"}],"wp:attachment":[{"href":"https:\/\/weraso.com\/de\/wp-json\/wp\/v2\/media?parent=3921"}],"wp:term":[{"taxonomy":"product_brand","embeddable":true,"href":"https:\/\/weraso.com\/de\/wp-json\/wp\/v2\/product_brand?post=3921"},{"taxonomy":"product_cat","embeddable":true,"href":"https:\/\/weraso.com\/de\/wp-json\/wp\/v2\/product_cat?post=3921"},{"taxonomy":"product_tag","embeddable":true,"href":"https:\/\/weraso.com\/de\/wp-json\/wp\/v2\/product_tag?post=3921"}],"curies":[{"name":"wp","href":"https:\/\/api.w.org\/{rel}","templated":true}]}}