{"id":3917,"date":"2025-09-09T17:26:42","date_gmt":"2025-09-09T17:26:42","guid":{"rendered":"https:\/\/test.weraso.com\/product\/flos\/"},"modified":"2025-11-09T08:35:28","modified_gmt":"2025-11-09T08:35:28","slug":"flos","status":"publish","type":"product","link":"https:\/\/weraso.com\/de\/produkt\/flos\/","title":{"rendered":"Flos"},"content":{"rendered":"<p data-syno-attrs=\"{&quot;textMarks&quot;:[{&quot;_&quot;:&quot;font_size&quot;,&quot;value&quot;:12},{&quot;_&quot;:&quot;font_family&quot;,&quot;complexScript&quot;:&quot;Arial&quot;,&quot;eastAsia&quot;:&quot;Calibri&quot;,&quot;value&quot;:&quot;Calibri&quot;}]}\"><span data-syno-attrs=\"{&quot;value&quot;:&quot;Calibri&quot;,&quot;eastAsia&quot;:&quot;Calibri&quot;,&quot;complexScript&quot;:&quot;Arial&quot;,&quot;hint&quot;:&quot;default&quot;}\">Die Kommode bietet sechs Ausz\u00fcge mit Soft-Close-Funktion, die ein komfortables und leises \u00d6ffnen und Schlie\u00dfen gew\u00e4hrleisten. Die unteren drei Ausz\u00fcge lassen sich durch Dr\u00fccken \u00f6ffnen, die oberen drei durch Ber\u00fchren der Griffkante. Dank ihrer geringeren H\u00f6he und der strukturierteren Form eignet sie sich ideal zum \u00fcbersichtlichen Verstauen von Kleinteilen, Brettspielen oder Alltagsgegenst\u00e4nden.<\/span><\/p>\n<p data-syno-attrs=\"{&quot;textMarks&quot;:[{&quot;_&quot;:&quot;font_size&quot;,&quot;value&quot;:12},{&quot;_&quot;:&quot;font_family&quot;,&quot;complexScript&quot;:&quot;Arial&quot;,&quot;eastAsia&quot;:&quot;Calibri&quot;,&quot;value&quot;:&quot;Calibri&quot;}]}\"><span data-syno-attrs=\"{&quot;value&quot;:&quot;Calibri&quot;,&quot;eastAsia&quot;:&quot;Calibri&quot;,&quot;complexScript&quot;:&quot;Arial&quot;,&quot;hint&quot;:&quot;default&quot;}\">FLOS Jedes St\u00fcck ist aus Naturmaterial gefertigt und hat ein individuelles Erscheinungsbild \u2013 Unterschiede in Maserung und Farbton des Holzes sind ein nat\u00fcrlicher Bestandteil des Designs.<\/span><\/p>\n","protected":false},"excerpt":{"rendered":"<p data-syno-attrs=\"{&quot;textMarks&quot;:[{&quot;_&quot;:&quot;font_family&quot;,&quot;complexScript&quot;:&quot;Times New Roman&quot;,&quot;eastAsia&quot;:&quot;Times New Roman&quot;,&quot;value&quot;:&quot;Times New Roman&quot;},{&quot;_&quot;:&quot;font_size&quot;,&quot;value&quot;:11}]}\"><span data-syno-attrs=\"{&quot;value&quot;:&quot;Times New Roman&quot;,&quot;eastAsia&quot;:&quot;Times New Roman&quot;,&quot;complexScript&quot;:&quot;Times New Roman&quot;,&quot;hint&quot;:&quot;default&quot;}\">Die <\/span><span data-syno-attrs=\"{&quot;value&quot;:&quot;Times New Roman&quot;,&quot;eastAsia&quot;:&quot;Times New Roman&quot;,&quot;complexScript&quot;:&quot;Times New Roman&quot;,&quot;hint&quot;:&quot;default&quot;}\">Flos-<strong>Anrichte<\/strong><\/span><span data-syno-attrs=\"{&quot;value&quot;:&quot;Times New Roman&quot;,&quot;eastAsia&quot;:&quot;Times New Roman&quot;,&quot;complexScript&quot;:&quot;Times New Roman&quot;,&quot;hint&quot;:&quot;default&quot;}\"> eignet sich ideal zur organisierten Aufbewahrung von Kleinteilen, Brettspielen oder Alltagsgegenst\u00e4nden. Sie erg\u00e4nzt das <\/span><strong>Basso-Modell<\/strong><span data-syno-attrs=\"{&quot;value&quot;:&quot;Times New Roman&quot;,&quot;eastAsia&quot;:&quot;Times New Roman&quot;,&quot;complexScript&quot;:&quot;Times New Roman&quot;,&quot;hint&quot;:&quot;default&quot;}\"> visuell, bietet jedoch durch ihre <\/span><strong>sechs Schubladen<\/strong><span data-syno-attrs=\"{&quot;value&quot;:&quot;Times New Roman&quot;,&quot;eastAsia&quot;:&quot;Times New Roman&quot;,&quot;complexScript&quot;:&quot;Times New Roman&quot;,&quot;hint&quot;:&quot;default&quot;}\"> noch mehr Struktur und Ordnung.<\/span><\/p>\n","protected":false},"featured_media":3426,"template":"","meta":{"inline_featured_image":false},"product_brand":[],"product_cat":[104],"product_tag":[],"class_list":{"0":"post-3917","1":"product","2":"type-product","3":"status-publish","4":"has-post-thumbnail","6":"product_cat-flora-de","8":"first","9":"instock","10":"taxable","11":"shipping-taxable","12":"purchasable","13":"product-type-simple"},"aioseo_notices":[],"meta_box":{"product-metabox-hero":[],"product-metabox-presentation-second":[{"width":150,"height":150,"file":"2025\/09\/B4_4-Photo-scaled.jpg","filesize":376801,"sizes":{"medium":{"file":"B4_4-Photo-300x300.jpg","width":300,"height":300,"mime-type":"image\/jpeg","filesize":4759,"url":"https:\/\/weraso.com\/wp-content\/uploads\/2025\/09\/B4_4-Photo-300x300.jpg"},"large":{"file":"B4_4-Photo-1024x1024.jpg","width":1024,"height":1024,"mime-type":"image\/jpeg","filesize":40006,"url":"https:\/\/weraso.com\/wp-content\/uploads\/2025\/09\/B4_4-Photo-1024x1024.jpg"},"thumbnail":{"file":"B4_4-Photo-150x150.jpg","width":150,"height":150,"mime-type":"image\/jpeg","filesize":1836,"url":"https:\/\/weraso.com\/wp-content\/uploads\/2025\/09\/B4_4-Photo-150x150.jpg"},"medium_large":{"file":"B4_4-Photo-768x768.jpg","width":768,"height":768,"mime-type":"image\/jpeg","filesize":22580,"url":"https:\/\/weraso.com\/wp-content\/uploads\/2025\/09\/B4_4-Photo-768x768.jpg"},"1536x1536":{"file":"B4_4-Photo-1536x1536.jpg","width":1536,"height":1536,"mime-type":"image\/jpeg","filesize":105871,"url":"https:\/\/weraso.com\/wp-content\/uploads\/2025\/09\/B4_4-Photo-1536x1536.jpg"},"2048x2048":{"file":"B4_4-Photo-2048x2048.jpg","width":2048,"height":2048,"mime-type":"image\/jpeg","filesize":218595,"url":"https:\/\/weraso.com\/wp-content\/uploads\/2025\/09\/B4_4-Photo-2048x2048.jpg"},"woocommerce_thumbnail":{"file":"B4_4-Photo-300x300.jpg","width":300,"height":300,"mime-type":"image\/jpeg","filesize":4759,"uncropped":false,"url":"https:\/\/weraso.com\/wp-content\/uploads\/2025\/09\/B4_4-Photo-300x300.jpg"},"woocommerce_single":{"file":"B4_4-Photo-600x600.jpg","width":600,"height":600,"mime-type":"image\/jpeg","filesize":14489,"url":"https:\/\/weraso.com\/wp-content\/uploads\/2025\/09\/B4_4-Photo-600x600.jpg"},"woocommerce_gallery_thumbnail":{"file":"B4_4-Photo-100x100.jpg","width":100,"height":100,"mime-type":"image\/jpeg","filesize":1126,"url":"https:\/\/weraso.com\/wp-content\/uploads\/2025\/09\/B4_4-Photo-100x100.jpg"}},"image_meta":{"aperture":"0","credit":"","camera":"","caption":"","created_timestamp":"0","copyright":"","focal_length":"0","iso":"0","shutter_speed":"0","title":"","orientation":"0","keywords":[]},"original_image":"B4_4-Photo.jpg","ID":"3428","name":"B4_4-Photo-scaled.jpg","path":"\/data\/7\/5\/757d27e6-6549-4450-aa2b-08ca64892026\/weraso.com\/web\/wp-content\/uploads\/2025\/09\/B4_4-Photo-scaled.jpg","url":"https:\/\/weraso.com\/wp-content\/uploads\/2025\/09\/B4_4-Photo-150x150.jpg","full_url":"https:\/\/weraso.com\/wp-content\/uploads\/2025\/09\/B4_4-Photo-scaled.jpg","title":"B4_4 - Photo","caption":"","description":"","alt":"","srcset":"https:\/\/weraso.com\/wp-content\/uploads\/2025\/09\/B4_4-Photo-150x150.jpg 150w, https:\/\/weraso.com\/wp-content\/uploads\/2025\/09\/B4_4-Photo-300x300.jpg 300w, https:\/\/weraso.com\/wp-content\/uploads\/2025\/09\/B4_4-Photo-1024x1024.jpg 1024w, https:\/\/weraso.com\/wp-content\/uploads\/2025\/09\/B4_4-Photo-768x768.jpg 768w, https:\/\/weraso.com\/wp-content\/uploads\/2025\/09\/B4_4-Photo-1536x1536.jpg 1536w, https:\/\/weraso.com\/wp-content\/uploads\/2025\/09\/B4_4-Photo-2048x2048.jpg 2048w, https:\/\/weraso.com\/wp-content\/uploads\/2025\/09\/B4_4-Photo-600x600.jpg 600w, https:\/\/weraso.com\/wp-content\/uploads\/2025\/09\/B4_4-Photo-100x100.jpg 100w"}],"product-metabox-gallery-video":[],"product-metabox-materials":[{"label":"Fronten und Schubladen","value":"Eichenfurnier"},{"label":"Oberplatte","value":"Wei\u00dfe Kompaktplatte"},{"label":"Beine","value":"Metall, schwarz matt pulverbeschichtet"},{"label":"Innenw\u00e4nde","value":"Laminierte Spanplatte (DTDL)"},{"label":"Oberfl\u00e4chenbehandlung","value":"Naturharter Wachs\u00f6l"}],"product-metabox-color":"<p data-syno-attrs=\"{&quot;textMarks&quot;:[{&quot;_&quot;:&quot;font_family&quot;,&quot;complexScript&quot;:&quot;Times New Roman&quot;,&quot;eastAsia&quot;:&quot;Times New Roman&quot;,&quot;value&quot;:&quot;Times New Roman&quot;},{&quot;_&quot;:&quot;font_size&quot;,&quot;value&quot;:11}]}\"><span data-syno-attrs=\"{&quot;value&quot;:&quot;Times New Roman&quot;,&quot;eastAsia&quot;:&quot;Times New Roman&quot;,&quot;complexScript&quot;:&quot;Times New Roman&quot;,&quot;hint&quot;:&quot;default&quot;}\"> Hellbraun mit matter wei\u00dfer Platte<\/span><\/p>\n","product-metabox-instructions":"<p data-syno-attrs=\"{&quot;textMarks&quot;:[{&quot;_&quot;:&quot;font_family&quot;,&quot;complexScript&quot;:&quot;Times New Roman&quot;,&quot;eastAsia&quot;:&quot;Times New Roman&quot;,&quot;value&quot;:&quot;Times New Roman&quot;},{&quot;_&quot;:&quot;font_size&quot;,&quot;value&quot;:11}]}\"><span data-syno-attrs=\"{&quot;value&quot;:&quot;Times New Roman&quot;,&quot;eastAsia&quot;:&quot;Times New Roman&quot;,&quot;complexScript&quot;:&quot;Times New Roman&quot;,&quot;hint&quot;:&quot;default&quot;}\">Wird kompakt verpackt geliefert, Beine m\u00fcssen montiert werden<\/span><\/p>\n","account-metabox-visibility":[]},"_links":{"self":[{"href":"https:\/\/weraso.com\/de\/wp-json\/wp\/v2\/product\/3917","targetHints":{"allow":["GET"]}}],"collection":[{"href":"https:\/\/weraso.com\/de\/wp-json\/wp\/v2\/product"}],"about":[{"href":"https:\/\/weraso.com\/de\/wp-json\/wp\/v2\/types\/product"}],"wp:featuredmedia":[{"embeddable":true,"href":"https:\/\/weraso.com\/de\/wp-json\/wp\/v2\/media\/3426"}],"wp:attachment":[{"href":"https:\/\/weraso.com\/de\/wp-json\/wp\/v2\/media?parent=3917"}],"wp:term":[{"taxonomy":"product_brand","embeddable":true,"href":"https:\/\/weraso.com\/de\/wp-json\/wp\/v2\/product_brand?post=3917"},{"taxonomy":"product_cat","embeddable":true,"href":"https:\/\/weraso.com\/de\/wp-json\/wp\/v2\/product_cat?post=3917"},{"taxonomy":"product_tag","embeddable":true,"href":"https:\/\/weraso.com\/de\/wp-json\/wp\/v2\/product_tag?post=3917"}],"curies":[{"name":"wp","href":"https:\/\/api.w.org\/{rel}","templated":true}]}}