{"id":3910,"date":"2025-09-09T17:04:57","date_gmt":"2025-09-09T17:04:57","guid":{"rendered":"https:\/\/test.weraso.com\/product\/linea\/"},"modified":"2025-10-26T07:53:17","modified_gmt":"2025-10-26T07:53:17","slug":"linea","status":"publish","type":"product","link":"https:\/\/weraso.com\/de\/produkt\/linea\/","title":{"rendered":"Linea"},"content":{"rendered":"<ul>\n<li data-syno-attrs=\"{&quot;textMarks&quot;:[{&quot;_&quot;:&quot;font_size&quot;,&quot;value&quot;:11},{&quot;_&quot;:&quot;font_family&quot;,&quot;complexScript&quot;:&quot;Arial&quot;,&quot;eastAsia&quot;:&quot;Arial&quot;,&quot;value&quot;:&quot;Arial&quot;}]}\"><span data-syno-attrs=\"{&quot;value&quot;:&quot;Times New Roman&quot;,&quot;eastAsia&quot;:&quot;Times New Roman&quot;,&quot;complexScript&quot;:&quot;Times New Roman&quot;,&quot;hint&quot;:&quot;default&quot;}\">Elegante und funktionale Anrichte mit <\/span><strong>vier T\u00fcren<\/strong><span data-syno-attrs=\"{&quot;value&quot;:&quot;Times New Roman&quot;,&quot;eastAsia&quot;:&quot;Times New Roman&quot;,&quot;complexScript&quot;:&quot;Times New Roman&quot;,&quot;hint&quot;:&quot;default&quot;}\"><strong>,<\/strong> die ein klares Design mit praktischem Stauraum vereint.<\/span><\/li>\n<li data-syno-attrs=\"{&quot;textMarks&quot;:[{&quot;_&quot;:&quot;font_size&quot;,&quot;value&quot;:11},{&quot;_&quot;:&quot;font_family&quot;,&quot;complexScript&quot;:&quot;Arial&quot;,&quot;eastAsia&quot;:&quot;Arial&quot;,&quot;value&quot;:&quot;Arial&quot;}]}\"><span data-syno-attrs=\"{&quot;value&quot;:&quot;Times New Roman&quot;,&quot;eastAsia&quot;:&quot;Times New Roman&quot;,&quot;complexScript&quot;:&quot;Times New Roman&quot;,&quot;hint&quot;:&quot;default&quot;}\">T\u00fcren mit <\/span><strong>Soft-Close-Mechanismus<\/strong><span data-syno-attrs=\"{&quot;value&quot;:&quot;Times New Roman&quot;,&quot;eastAsia&quot;:&quot;Times New Roman&quot;,&quot;complexScript&quot;:&quot;Times New Roman&quot;,&quot;hint&quot;:&quot;default&quot;}\"> sorgen f\u00fcr angenehmes, ger\u00e4uschloses Schlie\u00dfen.<\/span><\/li>\n<li data-syno-attrs=\"{&quot;textMarks&quot;:[{&quot;_&quot;:&quot;font_size&quot;,&quot;value&quot;:11},{&quot;_&quot;:&quot;font_family&quot;,&quot;complexScript&quot;:&quot;Arial&quot;,&quot;eastAsia&quot;:&quot;Arial&quot;,&quot;value&quot;:&quot;Arial&quot;}]}\"><span data-syno-attrs=\"{&quot;value&quot;:&quot;Times New Roman&quot;,&quot;eastAsia&quot;:&quot;Times New Roman&quot;,&quot;complexScript&quot;:&quot;Times New Roman&quot;,&quot;hint&quot;:&quot;default&quot;}\">Jedes M\u00f6belst\u00fcck ist aus <\/span><strong>nat\u00fcrlichen Materialien<\/strong><span data-syno-attrs=\"{&quot;value&quot;:&quot;Times New Roman&quot;,&quot;eastAsia&quot;:&quot;Times New Roman&quot;,&quot;complexScript&quot;:&quot;Times New Roman&quot;,&quot;hint&quot;:&quot;default&quot;}\"> gefertigt und einzigartig \u2013 Unterschiede in Holzmaserung und Farbton geh\u00f6ren zum Design.<\/span><\/li>\n<\/ul>\n","protected":false},"excerpt":{"rendered":"<p data-syno-attrs=\"{&quot;textMarks&quot;:[{&quot;_&quot;:&quot;font_family&quot;,&quot;complexScript&quot;:&quot;Times New Roman&quot;,&quot;eastAsia&quot;:&quot;Times New Roman&quot;,&quot;value&quot;:&quot;Times New Roman&quot;},{&quot;_&quot;:&quot;font_size&quot;,&quot;value&quot;:11}]}\"><span data-syno-attrs=\"{&quot;value&quot;:&quot;Times New Roman&quot;,&quot;eastAsia&quot;:&quot;Times New Roman&quot;,&quot;complexScript&quot;:&quot;Times New Roman&quot;,&quot;hint&quot;:&quot;default&quot;}\">Sanft abgerundete Kanten mit feinem Radius verleihen dem M\u00f6belst\u00fcck ein zartes, edles Aussehen, w\u00e4hrend die schlanken Beine das Volumen optisch reduzieren und die Bodenreinigung erleichtern.<\/span><\/p>\n<p data-syno-attrs=\"{&quot;textMarks&quot;:[{&quot;_&quot;:&quot;font_family&quot;,&quot;value&quot;:&quot;Times New Roman&quot;},{&quot;_&quot;:&quot;strong&quot;,&quot;value&quot;:true},{&quot;_&quot;:&quot;font_size&quot;,&quot;value&quot;:&quot;11pt&quot;}]}\"><span data-syno-inline=\"true\">\u00a0<\/span><\/p>\n","protected":false},"featured_media":3303,"template":"","meta":{"inline_featured_image":false},"product_brand":[],"product_cat":[104],"product_tag":[],"class_list":{"0":"post-3910","1":"product","2":"type-product","3":"status-publish","4":"has-post-thumbnail","6":"product_cat-flora-de","8":"first","9":"instock","10":"taxable","11":"shipping-taxable","12":"purchasable","13":"product-type-simple"},"aioseo_notices":[],"meta_box":{"product-metabox-hero":[],"product-metabox-presentation-second":[{"width":150,"height":150,"file":"2025\/09\/B1_4-Photo-scaled.jpg","filesize":387126,"sizes":{"medium":{"file":"B1_4-Photo-300x300.jpg","width":300,"height":300,"mime-type":"image\/jpeg","filesize":4581,"url":"https:\/\/weraso.com\/wp-content\/uploads\/2025\/09\/B1_4-Photo-300x300.jpg"},"large":{"file":"B1_4-Photo-1024x1024.jpg","width":1024,"height":1024,"mime-type":"image\/jpeg","filesize":41986,"url":"https:\/\/weraso.com\/wp-content\/uploads\/2025\/09\/B1_4-Photo-1024x1024.jpg"},"thumbnail":{"file":"B1_4-Photo-150x150.jpg","width":150,"height":150,"mime-type":"image\/jpeg","filesize":1787,"url":"https:\/\/weraso.com\/wp-content\/uploads\/2025\/09\/B1_4-Photo-150x150.jpg"},"medium_large":{"file":"B1_4-Photo-768x768.jpg","width":768,"height":768,"mime-type":"image\/jpeg","filesize":23138,"url":"https:\/\/weraso.com\/wp-content\/uploads\/2025\/09\/B1_4-Photo-768x768.jpg"},"1536x1536":{"file":"B1_4-Photo-1536x1536.jpg","width":1536,"height":1536,"mime-type":"image\/jpeg","filesize":109598,"url":"https:\/\/weraso.com\/wp-content\/uploads\/2025\/09\/B1_4-Photo-1536x1536.jpg"},"2048x2048":{"file":"B1_4-Photo-2048x2048.jpg","width":2048,"height":2048,"mime-type":"image\/jpeg","filesize":226705,"url":"https:\/\/weraso.com\/wp-content\/uploads\/2025\/09\/B1_4-Photo-2048x2048.jpg"},"woocommerce_thumbnail":{"file":"B1_4-Photo-300x300.jpg","width":300,"height":300,"mime-type":"image\/jpeg","filesize":4581,"uncropped":false,"url":"https:\/\/weraso.com\/wp-content\/uploads\/2025\/09\/B1_4-Photo-300x300.jpg"},"woocommerce_single":{"file":"B1_4-Photo-600x600.jpg","width":600,"height":600,"mime-type":"image\/jpeg","filesize":14596,"url":"https:\/\/weraso.com\/wp-content\/uploads\/2025\/09\/B1_4-Photo-600x600.jpg"},"woocommerce_gallery_thumbnail":{"file":"B1_4-Photo-100x100.jpg","width":100,"height":100,"mime-type":"image\/jpeg","filesize":1135,"url":"https:\/\/weraso.com\/wp-content\/uploads\/2025\/09\/B1_4-Photo-100x100.jpg"}},"image_meta":{"aperture":"0","credit":"","camera":"","caption":"","created_timestamp":"0","copyright":"","focal_length":"0","iso":"0","shutter_speed":"0","title":"","orientation":"0","keywords":[]},"original_image":"B1_4-Photo.jpg","ID":"3305","name":"B1_4-Photo-scaled.jpg","path":"\/data\/7\/5\/757d27e6-6549-4450-aa2b-08ca64892026\/weraso.com\/web\/wp-content\/uploads\/2025\/09\/B1_4-Photo-scaled.jpg","url":"https:\/\/weraso.com\/wp-content\/uploads\/2025\/09\/B1_4-Photo-150x150.jpg","full_url":"https:\/\/weraso.com\/wp-content\/uploads\/2025\/09\/B1_4-Photo-scaled.jpg","title":"B1_4 - Photo","caption":"","description":"","alt":"","srcset":"https:\/\/weraso.com\/wp-content\/uploads\/2025\/09\/B1_4-Photo-150x150.jpg 150w, https:\/\/weraso.com\/wp-content\/uploads\/2025\/09\/B1_4-Photo-300x300.jpg 300w, https:\/\/weraso.com\/wp-content\/uploads\/2025\/09\/B1_4-Photo-1024x1024.jpg 1024w, https:\/\/weraso.com\/wp-content\/uploads\/2025\/09\/B1_4-Photo-768x768.jpg 768w, https:\/\/weraso.com\/wp-content\/uploads\/2025\/09\/B1_4-Photo-1536x1536.jpg 1536w, https:\/\/weraso.com\/wp-content\/uploads\/2025\/09\/B1_4-Photo-2048x2048.jpg 2048w, https:\/\/weraso.com\/wp-content\/uploads\/2025\/09\/B1_4-Photo-600x600.jpg 600w, https:\/\/weraso.com\/wp-content\/uploads\/2025\/09\/B1_4-Photo-100x100.jpg 100w"}],"product-metabox-gallery-video":[],"product-metabox-materials":[{"label":"Fronten und Schubladen","value":"Eichenfurnier"},{"label":"Oberplatte","value":"Wei\u00dfe Kompaktplatte"},{"label":"Beine","value":"Metall, schwarz matt pulverbeschichtet"},{"label":"Innenw\u00e4nde","value":"Laminierte Spanplatte (DTDL)"},{"label":"Oberfl\u00e4chenbehandlung","value":"Naturharter Wachs\u00f6l zur Betonung der Textur und zum Schutz des Holzes"}],"product-metabox-color":"<p data-syno-attrs=\"{&quot;textMarks&quot;:[{&quot;_&quot;:&quot;font_family&quot;,&quot;complexScript&quot;:&quot;Times New Roman&quot;,&quot;eastAsia&quot;:&quot;Times New Roman&quot;,&quot;value&quot;:&quot;Times New Roman&quot;},{&quot;_&quot;:&quot;font_size&quot;,&quot;value&quot;:11}]}\"><span data-syno-attrs=\"{&quot;value&quot;:&quot;Times New Roman&quot;,&quot;eastAsia&quot;:&quot;Times New Roman&quot;,&quot;complexScript&quot;:&quot;Times New Roman&quot;,&quot;hint&quot;:&quot;default&quot;}\">Hellbraun mit matter wei\u00dfer Platte<\/span><\/p>\n","product-metabox-instructions":"<p data-syno-attrs=\"{&quot;textMarks&quot;:[{&quot;_&quot;:&quot;font_family&quot;,&quot;complexScript&quot;:&quot;Times New Roman&quot;,&quot;eastAsia&quot;:&quot;Times New Roman&quot;,&quot;value&quot;:&quot;Times New Roman&quot;},{&quot;_&quot;:&quot;font_size&quot;,&quot;value&quot;:11}]}\"><span data-syno-attrs=\"{&quot;value&quot;:&quot;Times New Roman&quot;,&quot;eastAsia&quot;:&quot;Times New Roman&quot;,&quot;complexScript&quot;:&quot;Times New Roman&quot;,&quot;hint&quot;:&quot;default&quot;}\">Wird kompakt verpackt geliefert, Beine m\u00fcssen montiert werden<\/span><\/p>\n","account-metabox-visibility":[]},"_links":{"self":[{"href":"https:\/\/weraso.com\/de\/wp-json\/wp\/v2\/product\/3910","targetHints":{"allow":["GET"]}}],"collection":[{"href":"https:\/\/weraso.com\/de\/wp-json\/wp\/v2\/product"}],"about":[{"href":"https:\/\/weraso.com\/de\/wp-json\/wp\/v2\/types\/product"}],"wp:featuredmedia":[{"embeddable":true,"href":"https:\/\/weraso.com\/de\/wp-json\/wp\/v2\/media\/3303"}],"wp:attachment":[{"href":"https:\/\/weraso.com\/de\/wp-json\/wp\/v2\/media?parent=3910"}],"wp:term":[{"taxonomy":"product_brand","embeddable":true,"href":"https:\/\/weraso.com\/de\/wp-json\/wp\/v2\/product_brand?post=3910"},{"taxonomy":"product_cat","embeddable":true,"href":"https:\/\/weraso.com\/de\/wp-json\/wp\/v2\/product_cat?post=3910"},{"taxonomy":"product_tag","embeddable":true,"href":"https:\/\/weraso.com\/de\/wp-json\/wp\/v2\/product_tag?post=3910"}],"curies":[{"name":"wp","href":"https:\/\/api.w.org\/{rel}","templated":true}]}}