{"id":3906,"date":"2025-09-10T16:04:32","date_gmt":"2025-09-10T16:04:32","guid":{"rendered":"https:\/\/test.weraso.com\/product\/nimora\/"},"modified":"2025-11-09T08:09:37","modified_gmt":"2025-11-09T08:09:37","slug":"nimora","status":"publish","type":"product","link":"https:\/\/weraso.com\/de\/produkt\/nimora\/","title":{"rendered":"Nimora"},"content":{"rendered":"<p data-syno-attrs=\"{&quot;textMarks&quot;:[{&quot;_&quot;:&quot;font_size&quot;,&quot;value&quot;:12},{&quot;_&quot;:&quot;font_family&quot;,&quot;complexScript&quot;:&quot;Arial&quot;,&quot;eastAsia&quot;:&quot;Calibri&quot;,&quot;value&quot;:&quot;Calibri&quot;}]}\"><span data-syno-attrs=\"{&quot;value&quot;:&quot;Calibri&quot;,&quot;eastAsia&quot;:&quot;Calibri&quot;,&quot;complexScript&quot;:&quot;Arial&quot;,&quot;hint&quot;:&quot;default&quot;}\">Die Kommode verf\u00fcgt \u00fcber zwei praktische Schubladen mit Soft-Close-Mechanismus, die sich ger\u00e4uschlos und sanft schlie\u00dfen lassen. Jede Schublade bietet ausreichend Stauraum f\u00fcr Kabel, Zubeh\u00f6r oder andere Haushaltsgegenst\u00e4nde.<\/span><\/p>\n<p data-syno-attrs=\"{&quot;textMarks&quot;:[{&quot;_&quot;:&quot;font_size&quot;,&quot;value&quot;:12},{&quot;_&quot;:&quot;font_family&quot;,&quot;complexScript&quot;:&quot;Arial&quot;,&quot;eastAsia&quot;:&quot;Calibri&quot;,&quot;value&quot;:&quot;Calibri&quot;}]}\"><span data-syno-attrs=\"{&quot;value&quot;:&quot;Calibri&quot;,&quot;eastAsia&quot;:&quot;Calibri&quot;,&quot;complexScript&quot;:&quot;Arial&quot;,&quot;hint&quot;:&quot;default&quot;}\">Jedes St\u00fcck ist aus Naturmaterial gefertigt und hat seinen eigenen, unverwechselbaren Charakter \u2013 Unterschiede in Maserung und Farbton des Holzes sind ein nat\u00fcrlicher Bestandteil des Designs.<\/span><\/p>\n","protected":false},"excerpt":{"rendered":"<p data-syno-attrs=\"{&quot;textMarks&quot;:[{&quot;_&quot;:&quot;font_family&quot;,&quot;complexScript&quot;:&quot;Times New Roman&quot;,&quot;eastAsia&quot;:&quot;Times New Roman&quot;,&quot;value&quot;:&quot;Times New Roman&quot;},{&quot;_&quot;:&quot;font_size&quot;,&quot;value&quot;:11}]}\"><span data-syno-attrs=\"{&quot;value&quot;:&quot;Times New Roman&quot;,&quot;eastAsia&quot;:&quot;Times New Roman&quot;,&quot;complexScript&quot;:&quot;Times New Roman&quot;,&quot;hint&quot;:&quot;default&quot;}\">Die <\/span><strong>Nimora-Kommode<\/strong><span data-syno-attrs=\"{&quot;value&quot;:&quot;Times New Roman&quot;,&quot;eastAsia&quot;:&quot;Times New Roman&quot;,&quot;complexScript&quot;:&quot;Times New Roman&quot;,&quot;hint&quot;:&quot;default&quot;}\"> vereint klares Design mit praktischem Stauraum. Sie l\u00e4sst die nat\u00fcrliche Maserung und warme T\u00f6nung des Holzes f\u00fcr sich sprechen. Der offene Rahmen erm\u00f6glicht den einfachen Zugriff auf allt\u00e4gliche Gegenst\u00e4nde oder Dekorationen, w\u00e4hrend die geschlossenen Bereiche visuelle Ordnung bewahren.<\/span><\/p>\n<p data-syno-attrs=\"{&quot;textMarks&quot;:[{&quot;_&quot;:&quot;font_family&quot;,&quot;complexScript&quot;:&quot;Times New Roman&quot;,&quot;eastAsia&quot;:&quot;Times New Roman&quot;,&quot;value&quot;:&quot;Times New Roman&quot;},{&quot;_&quot;:&quot;font_size&quot;,&quot;value&quot;:11}]}\"><span data-syno-attrs=\"{&quot;value&quot;:&quot;Times New Roman&quot;,&quot;eastAsia&quot;:&quot;Times New Roman&quot;,&quot;complexScript&quot;:&quot;Times New Roman&quot;,&quot;hint&quot;:&quot;default&quot;}\">Mit ihren ausgewogenen Proportionen eignet sich <\/span><strong>Nimora<\/strong><span data-syno-attrs=\"{&quot;value&quot;:&quot;Times New Roman&quot;,&quot;eastAsia&quot;:&quot;Times New Roman&quot;,&quot;complexScript&quot;:&quot;Times New Roman&quot;,&quot;hint&quot;:&quot;default&quot;}\"> ideal als TV-M\u00f6bel, unter Kunstwerken oder als niedrige Stauraum-L\u00f6sung im Wohnzimmer oder Home-Office.<\/span><\/p>\n","protected":false},"featured_media":3728,"template":"","meta":{"inline_featured_image":false},"product_brand":[],"product_cat":[103],"product_tag":[],"class_list":{"0":"post-3906","1":"product","2":"type-product","3":"status-publish","4":"has-post-thumbnail","6":"product_cat-boreala-de","8":"first","9":"instock","10":"taxable","11":"shipping-taxable","12":"purchasable","13":"product-type-simple"},"aioseo_notices":[],"meta_box":{"product-metabox-hero":[],"product-metabox-presentation-second":[{"width":150,"height":150,"file":"2025\/09\/A5_4-Photo-scaled.jpg","filesize":320335,"sizes":{"medium":{"file":"A5_4-Photo-300x300.jpg","width":300,"height":300,"mime-type":"image\/jpeg","filesize":3882,"url":"https:\/\/weraso.com\/wp-content\/uploads\/2025\/09\/A5_4-Photo-300x300.jpg"},"large":{"file":"A5_4-Photo-1024x1024.jpg","width":1024,"height":1024,"mime-type":"image\/jpeg","filesize":30452,"url":"https:\/\/weraso.com\/wp-content\/uploads\/2025\/09\/A5_4-Photo-1024x1024.jpg"},"thumbnail":{"file":"A5_4-Photo-150x150.jpg","width":150,"height":150,"mime-type":"image\/jpeg","filesize":1538,"url":"https:\/\/weraso.com\/wp-content\/uploads\/2025\/09\/A5_4-Photo-150x150.jpg"},"medium_large":{"file":"A5_4-Photo-768x768.jpg","width":768,"height":768,"mime-type":"image\/jpeg","filesize":16989,"url":"https:\/\/weraso.com\/wp-content\/uploads\/2025\/09\/A5_4-Photo-768x768.jpg"},"1536x1536":{"file":"A5_4-Photo-1536x1536.jpg","width":1536,"height":1536,"mime-type":"image\/jpeg","filesize":82853,"url":"https:\/\/weraso.com\/wp-content\/uploads\/2025\/09\/A5_4-Photo-1536x1536.jpg"},"2048x2048":{"file":"A5_4-Photo-2048x2048.jpg","width":2048,"height":2048,"mime-type":"image\/jpeg","filesize":180100,"url":"https:\/\/weraso.com\/wp-content\/uploads\/2025\/09\/A5_4-Photo-2048x2048.jpg"},"woocommerce_thumbnail":{"file":"A5_4-Photo-300x300.jpg","width":300,"height":300,"mime-type":"image\/jpeg","filesize":3882,"uncropped":false,"url":"https:\/\/weraso.com\/wp-content\/uploads\/2025\/09\/A5_4-Photo-300x300.jpg"},"woocommerce_single":{"file":"A5_4-Photo-600x600.jpg","width":600,"height":600,"mime-type":"image\/jpeg","filesize":11144,"url":"https:\/\/weraso.com\/wp-content\/uploads\/2025\/09\/A5_4-Photo-600x600.jpg"},"woocommerce_gallery_thumbnail":{"file":"A5_4-Photo-100x100.jpg","width":100,"height":100,"mime-type":"image\/jpeg","filesize":1045,"url":"https:\/\/weraso.com\/wp-content\/uploads\/2025\/09\/A5_4-Photo-100x100.jpg"}},"image_meta":{"aperture":"0","credit":"","camera":"","caption":"","created_timestamp":"0","copyright":"","focal_length":"0","iso":"0","shutter_speed":"0","title":"","orientation":"0","keywords":[]},"original_image":"A5_4-Photo.jpg","ID":"3730","name":"A5_4-Photo-scaled.jpg","path":"\/data\/7\/5\/757d27e6-6549-4450-aa2b-08ca64892026\/weraso.com\/web\/wp-content\/uploads\/2025\/09\/A5_4-Photo-scaled.jpg","url":"https:\/\/weraso.com\/wp-content\/uploads\/2025\/09\/A5_4-Photo-150x150.jpg","full_url":"https:\/\/weraso.com\/wp-content\/uploads\/2025\/09\/A5_4-Photo-scaled.jpg","title":"A5_4 - Photo","caption":"","description":"","alt":"","srcset":"https:\/\/weraso.com\/wp-content\/uploads\/2025\/09\/A5_4-Photo-150x150.jpg 150w, https:\/\/weraso.com\/wp-content\/uploads\/2025\/09\/A5_4-Photo-300x300.jpg 300w, https:\/\/weraso.com\/wp-content\/uploads\/2025\/09\/A5_4-Photo-1024x1024.jpg 1024w, https:\/\/weraso.com\/wp-content\/uploads\/2025\/09\/A5_4-Photo-768x768.jpg 768w, https:\/\/weraso.com\/wp-content\/uploads\/2025\/09\/A5_4-Photo-1536x1536.jpg 1536w, https:\/\/weraso.com\/wp-content\/uploads\/2025\/09\/A5_4-Photo-2048x2048.jpg 2048w, https:\/\/weraso.com\/wp-content\/uploads\/2025\/09\/A5_4-Photo-600x600.jpg 600w, https:\/\/weraso.com\/wp-content\/uploads\/2025\/09\/A5_4-Photo-100x100.jpg 100w"}],"product-metabox-gallery-video":[],"product-metabox-materials":[{"label":"Fronten und T\u00fcren","value":"Eichenfurnier"},{"label":"Oberplatte","value":"Wei\u00dfe Kompaktplatte"},{"label":"Beine","value":"Metall, schwarz matt pulverbeschichtet"},{"label":"Innenw\u00e4nde","value":"Laminierte Spanplatte (DTDL)"},{"label":"Oberfl\u00e4chenbehandlung","value":"Naturharter Wachs\u00f6l"}],"product-metabox-color":"<p data-syno-attrs=\"{&quot;textMarks&quot;:[{&quot;_&quot;:&quot;font_family&quot;,&quot;complexScript&quot;:&quot;Times New Roman&quot;,&quot;eastAsia&quot;:&quot;Times New Roman&quot;,&quot;value&quot;:&quot;Times New Roman&quot;},{&quot;_&quot;:&quot;font_size&quot;,&quot;value&quot;:11}]}\"><span data-syno-attrs=\"{&quot;value&quot;:&quot;Times New Roman&quot;,&quot;eastAsia&quot;:&quot;Times New Roman&quot;,&quot;complexScript&quot;:&quot;Times New Roman&quot;,&quot;hint&quot;:&quot;default&quot;}\">Hellbraun mit matter wei\u00dfer Platte<\/span><span data-syno-attrs=\"{&quot;value&quot;:&quot;Times New Roman&quot;,&quot;eastAsia&quot;:&quot;Times New Roman&quot;,&quot;complexScript&quot;:&quot;Times New Roman&quot;,&quot;hint&quot;:&quot;default&quot;}\"><br \/>\n<\/span><\/p>\n","product-metabox-instructions":"<p data-syno-attrs=\"{&quot;textMarks&quot;:[{&quot;_&quot;:&quot;font_family&quot;,&quot;complexScript&quot;:&quot;Times New Roman&quot;,&quot;eastAsia&quot;:&quot;Times New Roman&quot;,&quot;value&quot;:&quot;Times New Roman&quot;},{&quot;_&quot;:&quot;font_size&quot;,&quot;value&quot;:11}]}\"><span data-syno-attrs=\"{&quot;value&quot;:&quot;Times New Roman&quot;,&quot;eastAsia&quot;:&quot;Times New Roman&quot;,&quot;complexScript&quot;:&quot;Times New Roman&quot;,&quot;hint&quot;:&quot;default&quot;}\">Wird in kompakter Verpackung geliefert, Montage der Beine erforderlich<\/span><\/p>\n","account-metabox-visibility":[]},"_links":{"self":[{"href":"https:\/\/weraso.com\/de\/wp-json\/wp\/v2\/product\/3906","targetHints":{"allow":["GET"]}}],"collection":[{"href":"https:\/\/weraso.com\/de\/wp-json\/wp\/v2\/product"}],"about":[{"href":"https:\/\/weraso.com\/de\/wp-json\/wp\/v2\/types\/product"}],"wp:featuredmedia":[{"embeddable":true,"href":"https:\/\/weraso.com\/de\/wp-json\/wp\/v2\/media\/3728"}],"wp:attachment":[{"href":"https:\/\/weraso.com\/de\/wp-json\/wp\/v2\/media?parent=3906"}],"wp:term":[{"taxonomy":"product_brand","embeddable":true,"href":"https:\/\/weraso.com\/de\/wp-json\/wp\/v2\/product_brand?post=3906"},{"taxonomy":"product_cat","embeddable":true,"href":"https:\/\/weraso.com\/de\/wp-json\/wp\/v2\/product_cat?post=3906"},{"taxonomy":"product_tag","embeddable":true,"href":"https:\/\/weraso.com\/de\/wp-json\/wp\/v2\/product_tag?post=3906"}],"curies":[{"name":"wp","href":"https:\/\/api.w.org\/{rel}","templated":true}]}}