{"id":3904,"date":"2025-09-10T15:59:50","date_gmt":"2025-09-10T15:59:50","guid":{"rendered":"https:\/\/test.weraso.com\/product\/elvara\/"},"modified":"2025-10-26T07:39:10","modified_gmt":"2025-10-26T07:39:10","slug":"elvara","status":"publish","type":"product","link":"https:\/\/weraso.com\/de\/produkt\/elvara\/","title":{"rendered":"Elvara"},"content":{"rendered":"<ul>\n<li data-syno-attrs=\"{&quot;textMarks&quot;:[{&quot;_&quot;:&quot;font_size&quot;,&quot;value&quot;:11},{&quot;_&quot;:&quot;font_family&quot;,&quot;complexScript&quot;:&quot;Arial&quot;,&quot;eastAsia&quot;:&quot;Arial&quot;,&quot;value&quot;:&quot;Arial&quot;}]}\"><span data-syno-attrs=\"{&quot;value&quot;:&quot;Times New Roman&quot;,&quot;eastAsia&quot;:&quot;Times New Roman&quot;,&quot;complexScript&quot;:&quot;Times New Roman&quot;,&quot;hint&quot;:&quot;default&quot;}\">Zwei ger\u00e4umige Schubladen mit <\/span><strong>Soft-Close-Mechanismus<\/strong><span data-syno-attrs=\"{&quot;value&quot;:&quot;Times New Roman&quot;,&quot;eastAsia&quot;:&quot;Times New Roman&quot;,&quot;complexScript&quot;:&quot;Times New Roman&quot;,&quot;hint&quot;:&quot;default&quot;}\"> f\u00fcr leises und sanftes Schlie\u00dfen \u2013 eine funktionale L\u00f6sung im Sinne des skandinavischen Minimalismus.<\/span><\/li>\n<li data-syno-attrs=\"{&quot;textMarks&quot;:[{&quot;_&quot;:&quot;font_size&quot;,&quot;value&quot;:11},{&quot;_&quot;:&quot;font_family&quot;,&quot;complexScript&quot;:&quot;Arial&quot;,&quot;eastAsia&quot;:&quot;Arial&quot;,&quot;value&quot;:&quot;Arial&quot;}]}\"><span data-syno-attrs=\"{&quot;value&quot;:&quot;Times New Roman&quot;,&quot;eastAsia&quot;:&quot;Times New Roman&quot;,&quot;complexScript&quot;:&quot;Times New Roman&quot;,&quot;hint&quot;:&quot;default&quot;}\">Jedes M\u00f6belst\u00fcck ist aus <\/span><strong>nat\u00fcrlichen Materialien<\/strong><span data-syno-attrs=\"{&quot;value&quot;:&quot;Times New Roman&quot;,&quot;eastAsia&quot;:&quot;Times New Roman&quot;,&quot;complexScript&quot;:&quot;Times New Roman&quot;,&quot;hint&quot;:&quot;default&quot;}\"> gefertigt \u2013 Unterschiede in Maserung und Farbton sind ein wesentlicher Bestandteil des Designs.<\/span><\/li>\n<\/ul>\n","protected":false},"excerpt":{"rendered":"<p data-syno-attrs=\"{&quot;textMarks&quot;:[{&quot;_&quot;:&quot;font_family&quot;,&quot;complexScript&quot;:&quot;Times New Roman&quot;,&quot;eastAsia&quot;:&quot;Times New Roman&quot;,&quot;value&quot;:&quot;Times New Roman&quot;},{&quot;_&quot;:&quot;font_size&quot;,&quot;value&quot;:11}]}\"><span data-syno-attrs=\"{&quot;value&quot;:&quot;Times New Roman&quot;,&quot;eastAsia&quot;:&quot;Times New Roman&quot;,&quot;complexScript&quot;:&quot;Times New Roman&quot;,&quot;hint&quot;:&quot;default&quot;}\">Diese Kommode wurde f\u00fcr all jene entworfen, die ein <\/span><strong>skulpturales, eigenst\u00e4ndiges M\u00f6belst\u00fcck mit k\u00fcnstlerischer Seele<\/strong><span data-syno-attrs=\"{&quot;value&quot;:&quot;Times New Roman&quot;,&quot;eastAsia&quot;:&quot;Times New Roman&quot;,&quot;complexScript&quot;:&quot;Times New Roman&quot;,&quot;hint&quot;:&quot;default&quot;}\"> suchen \u2013 ein stilles Zentrum in jedem Raum.<\/span><\/p>\n","protected":false},"featured_media":3687,"template":"","meta":{"inline_featured_image":false},"product_brand":[],"product_cat":[103],"product_tag":[],"class_list":{"0":"post-3904","1":"product","2":"type-product","3":"status-publish","4":"has-post-thumbnail","6":"product_cat-boreala-de","8":"first","9":"instock","10":"taxable","11":"shipping-taxable","12":"purchasable","13":"product-type-simple"},"aioseo_notices":[],"meta_box":{"product-metabox-hero":[],"product-metabox-presentation-second":[{"width":150,"height":150,"file":"2025\/09\/A4_4-Photo-scaled.jpg","filesize":343061,"sizes":{"medium":{"file":"A4_4-Photo-300x300.jpg","width":300,"height":300,"mime-type":"image\/jpeg","filesize":3634,"url":"https:\/\/weraso.com\/wp-content\/uploads\/2025\/09\/A4_4-Photo-300x300.jpg"},"large":{"file":"A4_4-Photo-1024x1024.jpg","width":1024,"height":1024,"mime-type":"image\/jpeg","filesize":32394,"url":"https:\/\/weraso.com\/wp-content\/uploads\/2025\/09\/A4_4-Photo-1024x1024.jpg"},"thumbnail":{"file":"A4_4-Photo-150x150.jpg","width":150,"height":150,"mime-type":"image\/jpeg","filesize":1502,"url":"https:\/\/weraso.com\/wp-content\/uploads\/2025\/09\/A4_4-Photo-150x150.jpg"},"medium_large":{"file":"A4_4-Photo-768x768.jpg","width":768,"height":768,"mime-type":"image\/jpeg","filesize":17386,"url":"https:\/\/weraso.com\/wp-content\/uploads\/2025\/09\/A4_4-Photo-768x768.jpg"},"1536x1536":{"file":"A4_4-Photo-1536x1536.jpg","width":1536,"height":1536,"mime-type":"image\/jpeg","filesize":89056,"url":"https:\/\/weraso.com\/wp-content\/uploads\/2025\/09\/A4_4-Photo-1536x1536.jpg"},"2048x2048":{"file":"A4_4-Photo-2048x2048.jpg","width":2048,"height":2048,"mime-type":"image\/jpeg","filesize":193978,"url":"https:\/\/weraso.com\/wp-content\/uploads\/2025\/09\/A4_4-Photo-2048x2048.jpg"},"woocommerce_thumbnail":{"file":"A4_4-Photo-300x300.jpg","width":300,"height":300,"mime-type":"image\/jpeg","filesize":3634,"uncropped":false,"url":"https:\/\/weraso.com\/wp-content\/uploads\/2025\/09\/A4_4-Photo-300x300.jpg"},"woocommerce_single":{"file":"A4_4-Photo-600x600.jpg","width":600,"height":600,"mime-type":"image\/jpeg","filesize":10961,"url":"https:\/\/weraso.com\/wp-content\/uploads\/2025\/09\/A4_4-Photo-600x600.jpg"},"woocommerce_gallery_thumbnail":{"file":"A4_4-Photo-100x100.jpg","width":100,"height":100,"mime-type":"image\/jpeg","filesize":969,"url":"https:\/\/weraso.com\/wp-content\/uploads\/2025\/09\/A4_4-Photo-100x100.jpg"}},"image_meta":{"aperture":"0","credit":"","camera":"","caption":"","created_timestamp":"0","copyright":"","focal_length":"0","iso":"0","shutter_speed":"0","title":"","orientation":"0","keywords":[]},"original_image":"A4_4-Photo.jpg","ID":"3689","name":"A4_4-Photo-scaled.jpg","path":"\/data\/7\/5\/757d27e6-6549-4450-aa2b-08ca64892026\/weraso.com\/web\/wp-content\/uploads\/2025\/09\/A4_4-Photo-scaled.jpg","url":"https:\/\/weraso.com\/wp-content\/uploads\/2025\/09\/A4_4-Photo-150x150.jpg","full_url":"https:\/\/weraso.com\/wp-content\/uploads\/2025\/09\/A4_4-Photo-scaled.jpg","title":"A4_4 - Photo","caption":"","description":"","alt":"","srcset":"https:\/\/weraso.com\/wp-content\/uploads\/2025\/09\/A4_4-Photo-150x150.jpg 150w, https:\/\/weraso.com\/wp-content\/uploads\/2025\/09\/A4_4-Photo-300x300.jpg 300w, https:\/\/weraso.com\/wp-content\/uploads\/2025\/09\/A4_4-Photo-1024x1024.jpg 1024w, https:\/\/weraso.com\/wp-content\/uploads\/2025\/09\/A4_4-Photo-768x768.jpg 768w, https:\/\/weraso.com\/wp-content\/uploads\/2025\/09\/A4_4-Photo-1536x1536.jpg 1536w, https:\/\/weraso.com\/wp-content\/uploads\/2025\/09\/A4_4-Photo-2048x2048.jpg 2048w, https:\/\/weraso.com\/wp-content\/uploads\/2025\/09\/A4_4-Photo-600x600.jpg 600w, https:\/\/weraso.com\/wp-content\/uploads\/2025\/09\/A4_4-Photo-100x100.jpg 100w"}],"product-metabox-gallery-video":[],"product-metabox-materials":[{"label":"Fronten und Schubladen","value":"Eichenfurnier"},{"label":"Oberplatte","value":"Wei\u00dfe Kompaktplatte"},{"label":"Innenw\u00e4nde","value":"Laminierte Spanplatte (DTDL)"},{"label":"Oberfl\u00e4chenbehandlung","value":"Naturharter Wachs\u00f6l"}],"product-metabox-color":"<p data-syno-attrs=\"{&quot;textMarks&quot;:[{&quot;_&quot;:&quot;font_family&quot;,&quot;complexScript&quot;:&quot;Times New Roman&quot;,&quot;eastAsia&quot;:&quot;Times New Roman&quot;,&quot;value&quot;:&quot;Times New Roman&quot;},{&quot;_&quot;:&quot;font_size&quot;,&quot;value&quot;:11}]}\"><span data-syno-attrs=\"{&quot;value&quot;:&quot;Times New Roman&quot;,&quot;eastAsia&quot;:&quot;Times New Roman&quot;,&quot;complexScript&quot;:&quot;Times New Roman&quot;,&quot;hint&quot;:&quot;default&quot;}\">Hellbraun mit matter wei\u00dfer Platte<\/span><\/p>\n","product-metabox-instructions":"<p data-syno-attrs=\"{&quot;textMarks&quot;:[{&quot;_&quot;:&quot;font_family&quot;,&quot;complexScript&quot;:&quot;Times New Roman&quot;,&quot;eastAsia&quot;:&quot;Times New Roman&quot;,&quot;value&quot;:&quot;Times New Roman&quot;},{&quot;_&quot;:&quot;font_size&quot;,&quot;value&quot;:11}]}\"><span data-syno-attrs=\"{&quot;value&quot;:&quot;Times New Roman&quot;,&quot;eastAsia&quot;:&quot;Times New Roman&quot;,&quot;complexScript&quot;:&quot;Times New Roman&quot;,&quot;hint&quot;:&quot;default&quot;}\">Wird in kompakter Verpackung geliefert<\/span><\/p>\n","account-metabox-visibility":[]},"_links":{"self":[{"href":"https:\/\/weraso.com\/de\/wp-json\/wp\/v2\/product\/3904","targetHints":{"allow":["GET"]}}],"collection":[{"href":"https:\/\/weraso.com\/de\/wp-json\/wp\/v2\/product"}],"about":[{"href":"https:\/\/weraso.com\/de\/wp-json\/wp\/v2\/types\/product"}],"wp:featuredmedia":[{"embeddable":true,"href":"https:\/\/weraso.com\/de\/wp-json\/wp\/v2\/media\/3687"}],"wp:attachment":[{"href":"https:\/\/weraso.com\/de\/wp-json\/wp\/v2\/media?parent=3904"}],"wp:term":[{"taxonomy":"product_brand","embeddable":true,"href":"https:\/\/weraso.com\/de\/wp-json\/wp\/v2\/product_brand?post=3904"},{"taxonomy":"product_cat","embeddable":true,"href":"https:\/\/weraso.com\/de\/wp-json\/wp\/v2\/product_cat?post=3904"},{"taxonomy":"product_tag","embeddable":true,"href":"https:\/\/weraso.com\/de\/wp-json\/wp\/v2\/product_tag?post=3904"}],"curies":[{"name":"wp","href":"https:\/\/api.w.org\/{rel}","templated":true}]}}