{"id":4013,"date":"2025-09-08T16:35:37","date_gmt":"2025-09-08T16:35:37","guid":{"rendered":"https:\/\/test.weraso.com\/product\/sumina\/"},"modified":"2025-11-09T09:18:16","modified_gmt":"2025-11-09T09:18:16","slug":"sumina","status":"publish","type":"product","link":"https:\/\/weraso.com\/cz\/produkt\/sumina\/","title":{"rendered":"Sumina"},"content":{"rendered":"<p data-syno-attrs=\"{&quot;textMarks&quot;:[{&quot;_&quot;:&quot;font_family&quot;,&quot;complexScript&quot;:&quot;Times New Roman&quot;,&quot;eastAsia&quot;:&quot;Times New Roman&quot;,&quot;value&quot;:&quot;Times New Roman&quot;},{&quot;_&quot;:&quot;font_size&quot;,&quot;value&quot;:11}]}\"><span data-syno-attrs=\"{&quot;value&quot;:&quot;Times New Roman&quot;,&quot;eastAsia&quot;:&quot;Times New Roman&quot;,&quot;complexScript&quot;:&quot;Times New Roman&quot;,&quot;hint&quot;:&quot;default&quot;}\">Komoda Sumina disponuje 6 prostorn\u00fdmi v\u00fdsuvy, kter\u00e9 jsou ide\u00e1ln\u00ed pro organizaci oble\u010den\u00ed, dokument\u016f, dopl\u0148k\u016f \u010di jin\u00fdch p\u0159edm\u011bt\u016f ka\u017edodenn\u00ed pot\u0159eby. D\u00edky sv\u00e9mu praktick\u00e9mu \u010dlen\u011bn\u00ed poskytuje optim\u00e1ln\u00ed p\u0159ehlednost bez kompromis\u016f ve stylu.<\/span><span data-syno-attrs=\"{&quot;value&quot;:&quot;Times New Roman&quot;,&quot;eastAsia&quot;:&quot;Times New Roman&quot;,&quot;complexScript&quot;:&quot;Times New Roman&quot;,&quot;hint&quot;:&quot;default&quot;}\"><br \/>\n<\/span><span data-syno-attrs=\"{&quot;value&quot;:&quot;Times New Roman&quot;,&quot;eastAsia&quot;:&quot;Times New Roman&quot;,&quot;complexScript&quot;:&quot;Times New Roman&quot;,&quot;hint&quot;:&quot;default&quot;}\">V\u00fdsuvn\u00fd syst\u00e9m s technologi\u00ed Blumotion zaru\u010duje jemn\u00e9, tich\u00e9 a spolehliv\u00e9 dov\u00edr\u00e1n\u00ed bez n\u00e1mahy \u2013 i p\u0159i pln\u011b zat\u00ed\u017een\u00fdch z\u00e1suvk\u00e1ch.<\/span><\/p>\n<p data-syno-attrs=\"{&quot;textMarks&quot;:[{&quot;_&quot;:&quot;font_family&quot;,&quot;complexScript&quot;:&quot;Times New Roman&quot;,&quot;eastAsia&quot;:&quot;Times New Roman&quot;,&quot;value&quot;:&quot;Times New Roman&quot;},{&quot;_&quot;:&quot;font_size&quot;,&quot;value&quot;:11}]}\"><span data-syno-attrs=\"{&quot;value&quot;:&quot;Times New Roman&quot;,&quot;eastAsia&quot;:&quot;Times New Roman&quot;,&quot;complexScript&quot;:&quot;Times New Roman&quot;,&quot;hint&quot;:&quot;default&quot;}\">Ka\u017ed\u00fd kus je vyroben z p\u0159\u00edrodn\u00edho materi\u00e1lu a m\u00e1 sv\u016fj origin\u00e1ln\u00ed vzhled \u2013 rozd\u00edly v kresb\u011b a t\u00f3nu d\u0159eva jsou p\u0159irozenou sou\u010d\u00e1st\u00ed designu.<\/span><\/p>\n","protected":false},"excerpt":{"rendered":"<p data-syno-attrs=\"{&quot;textMarks&quot;:[{&quot;_&quot;:&quot;font_family&quot;,&quot;complexScript&quot;:&quot;Times New Roman&quot;,&quot;eastAsia&quot;:&quot;Times New Roman&quot;,&quot;value&quot;:&quot;Times New Roman&quot;},{&quot;_&quot;:&quot;font_size&quot;,&quot;value&quot;:11}]}\"><span data-syno-attrs=\"{&quot;value&quot;:&quot;Times New Roman&quot;,&quot;eastAsia&quot;:&quot;Times New Roman&quot;,&quot;complexScript&quot;:&quot;Times New Roman&quot;,&quot;hint&quot;:&quot;default&quot;}\">Komoda Sumina je mistrovsk\u00fdm d\u00edlem japonsk\u00e9ho minimalismu z kolekce Satori, kde v hlavn\u00ed roli vystupuje \u010dist\u00fd design a prakti\u010dnost v\u00fdsuv\u016f. \u0160est p\u0159edn\u00edch z\u00e1suvek nab\u00edz\u00ed p\u0159ekvapiv\u011b mnoho \u00falo\u017en\u00e9ho prostoru, kter\u00fd pln\u011b uspokoj\u00ed n\u00e1roky modern\u00edho bydlen\u00ed. D\u00edky vyv\u00e1\u017een\u00e9mu pom\u011bru estetiky a funk\u010dnosti se dubov\u00e1 komoda Sumina uplatn\u00ed jak v ob\u00fdv\u00e1ku, tak i v lo\u017enici, \u0161atn\u011b \u010di pracovn\u011b.<\/span><\/p>\n","protected":false},"featured_media":2738,"template":"","meta":{"inline_featured_image":false},"product_brand":[],"product_cat":[112],"product_tag":[],"class_list":{"0":"post-4013","1":"product","2":"type-product","3":"status-publish","4":"has-post-thumbnail","6":"product_cat-satori-cz","8":"first","9":"instock","10":"taxable","11":"shipping-taxable","12":"purchasable","13":"product-type-simple"},"aioseo_notices":[],"meta_box":{"product-metabox-hero":[],"product-metabox-presentation-second":[{"width":150,"height":150,"file":"2025\/09\/E5_4-Photo-scaled.jpg","filesize":349450,"sizes":{"medium":{"file":"E5_4-Photo-300x300.jpg","width":300,"height":300,"mime-type":"image\/jpeg","filesize":4429,"url":"https:\/\/weraso.com\/wp-content\/uploads\/2025\/09\/E5_4-Photo-300x300.jpg"},"large":{"file":"E5_4-Photo-1024x1024.jpg","width":1024,"height":1024,"mime-type":"image\/jpeg","filesize":35648,"url":"https:\/\/weraso.com\/wp-content\/uploads\/2025\/09\/E5_4-Photo-1024x1024.jpg"},"thumbnail":{"file":"E5_4-Photo-150x150.jpg","width":150,"height":150,"mime-type":"image\/jpeg","filesize":1739,"url":"https:\/\/weraso.com\/wp-content\/uploads\/2025\/09\/E5_4-Photo-150x150.jpg"},"medium_large":{"file":"E5_4-Photo-768x768.jpg","width":768,"height":768,"mime-type":"image\/jpeg","filesize":19719,"url":"https:\/\/weraso.com\/wp-content\/uploads\/2025\/09\/E5_4-Photo-768x768.jpg"},"1536x1536":{"file":"E5_4-Photo-1536x1536.jpg","width":1536,"height":1536,"mime-type":"image\/jpeg","filesize":94179,"url":"https:\/\/weraso.com\/wp-content\/uploads\/2025\/09\/E5_4-Photo-1536x1536.jpg"},"2048x2048":{"file":"E5_4-Photo-2048x2048.jpg","width":2048,"height":2048,"mime-type":"image\/jpeg","filesize":200471,"url":"https:\/\/weraso.com\/wp-content\/uploads\/2025\/09\/E5_4-Photo-2048x2048.jpg"},"woocommerce_thumbnail":{"file":"E5_4-Photo-300x300.jpg","width":300,"height":300,"mime-type":"image\/jpeg","filesize":4429,"uncropped":false,"url":"https:\/\/weraso.com\/wp-content\/uploads\/2025\/09\/E5_4-Photo-300x300.jpg"},"woocommerce_single":{"file":"E5_4-Photo-600x600.jpg","width":600,"height":600,"mime-type":"image\/jpeg","filesize":13165,"url":"https:\/\/weraso.com\/wp-content\/uploads\/2025\/09\/E5_4-Photo-600x600.jpg"},"woocommerce_gallery_thumbnail":{"file":"E5_4-Photo-100x100.jpg","width":100,"height":100,"mime-type":"image\/jpeg","filesize":1093,"url":"https:\/\/weraso.com\/wp-content\/uploads\/2025\/09\/E5_4-Photo-100x100.jpg"}},"image_meta":{"aperture":"0","credit":"","camera":"","caption":"","created_timestamp":"0","copyright":"","focal_length":"0","iso":"0","shutter_speed":"0","title":"","orientation":"0","keywords":[]},"original_image":"E5_4-Photo.jpg","ID":"2742","name":"E5_4-Photo-scaled.jpg","path":"\/data\/7\/5\/757d27e6-6549-4450-aa2b-08ca64892026\/weraso.com\/web\/wp-content\/uploads\/2025\/09\/E5_4-Photo-scaled.jpg","url":"https:\/\/weraso.com\/wp-content\/uploads\/2025\/09\/E5_4-Photo-150x150.jpg","full_url":"https:\/\/weraso.com\/wp-content\/uploads\/2025\/09\/E5_4-Photo-scaled.jpg","title":"E5_4 - Photo","caption":"","description":"","alt":"","srcset":"https:\/\/weraso.com\/wp-content\/uploads\/2025\/09\/E5_4-Photo-150x150.jpg 150w, https:\/\/weraso.com\/wp-content\/uploads\/2025\/09\/E5_4-Photo-300x300.jpg 300w, https:\/\/weraso.com\/wp-content\/uploads\/2025\/09\/E5_4-Photo-1024x1024.jpg 1024w, https:\/\/weraso.com\/wp-content\/uploads\/2025\/09\/E5_4-Photo-768x768.jpg 768w, https:\/\/weraso.com\/wp-content\/uploads\/2025\/09\/E5_4-Photo-1536x1536.jpg 1536w, https:\/\/weraso.com\/wp-content\/uploads\/2025\/09\/E5_4-Photo-2048x2048.jpg 2048w, https:\/\/weraso.com\/wp-content\/uploads\/2025\/09\/E5_4-Photo-600x600.jpg 600w, https:\/\/weraso.com\/wp-content\/uploads\/2025\/09\/E5_4-Photo-100x100.jpg 100w"}],"product-metabox-gallery-video":[],"product-metabox-materials":[{"label":"P\u0159edn\u00ed plochy a v\u00fdsuvy","value":"dubov\u00e1 d\u00fdha"},{"label":"Vrchn\u00ed deska","value":"b\u00edl\u00e1 kompaktn\u00ed plocha"},{"label":"Nohy","value":"kov, \u010dern\u00fd matn\u00fd pr\u00e1\u0161kov\u00fd lak"},{"label":"Povrchov\u00e1 \u00faprava","value":"olej, p\u0159\u00edrodn\u00ed tvrd\u00fd voskov\u00fd olej pro zv\u00fdrazn\u011bn\u00ed struktury a ochranu d\u0159eva"}],"product-metabox-color":"<p data-syno-attrs=\"{&quot;textMarks&quot;:[{&quot;_&quot;:&quot;font_family&quot;,&quot;complexScript&quot;:&quot;Times New Roman&quot;,&quot;eastAsia&quot;:&quot;Times New Roman&quot;,&quot;value&quot;:&quot;Times New Roman&quot;},{&quot;_&quot;:&quot;font_size&quot;,&quot;value&quot;:11}]}\"><span data-syno-attrs=\"{&quot;value&quot;:&quot;Times New Roman&quot;,&quot;eastAsia&quot;:&quot;Times New Roman&quot;,&quot;complexScript&quot;:&quot;Times New Roman&quot;,&quot;hint&quot;:&quot;default&quot;}\">Sv\u011btl\u00e1 hn\u011bd\u00e1 s matnou b\u00edlou deskou<\/span><\/p>\n","product-metabox-instructions":"<p data-syno-attrs=\"{&quot;textMarks&quot;:[{&quot;_&quot;:&quot;font_size&quot;,&quot;value&quot;:12},{&quot;_&quot;:&quot;font_family&quot;,&quot;complexScript&quot;:&quot;Arial&quot;,&quot;eastAsia&quot;:&quot;Calibri&quot;,&quot;value&quot;:&quot;Calibri&quot;}]}\"><span data-syno-attrs=\"{&quot;value&quot;:&quot;Calibri&quot;,&quot;eastAsia&quot;:&quot;Calibri&quot;,&quot;complexScript&quot;:&quot;Arial&quot;,&quot;hint&quot;:&quot;default&quot;}\">Dod\u00e1v\u00e1me<\/span><span data-syno-attrs=\"{&quot;value&quot;:&quot;Calibri&quot;,&quot;eastAsia&quot;:&quot;Calibri&quot;,&quot;complexScript&quot;:&quot;Arial&quot;,&quot;hint&quot;:&quot;default&quot;}\"> v <\/span><span data-syno-attrs=\"{&quot;value&quot;:&quot;Calibri&quot;,&quot;eastAsia&quot;:&quot;Calibri&quot;,&quot;complexScript&quot;:&quot;Arial&quot;,&quot;hint&quot;:&quot;default&quot;}\">kompaktn\u00edm<\/span><span data-syno-attrs=\"{&quot;value&quot;:&quot;Calibri&quot;,&quot;eastAsia&quot;:&quot;Calibri&quot;,&quot;complexScript&quot;:&quot;Arial&quot;,&quot;hint&quot;:&quot;default&quot;}\"> balen\u00ed, <\/span><span data-syno-attrs=\"{&quot;value&quot;:&quot;Calibri&quot;,&quot;eastAsia&quot;:&quot;Calibri&quot;,&quot;complexScript&quot;:&quot;Arial&quot;,&quot;hint&quot;:&quot;default&quot;}\">v\u00fdrobek<\/span><span data-syno-attrs=\"{&quot;value&quot;:&quot;Calibri&quot;,&quot;eastAsia&quot;:&quot;Calibri&quot;,&quot;complexScript&quot;:&quot;Arial&quot;,&quot;hint&quot;:&quot;default&quot;}\"> vy\u017eaduje mont\u00e1\u017e nohou.<\/span><\/p>\n","account-metabox-visibility":[]},"_links":{"self":[{"href":"https:\/\/weraso.com\/cz\/wp-json\/wp\/v2\/product\/4013","targetHints":{"allow":["GET"]}}],"collection":[{"href":"https:\/\/weraso.com\/cz\/wp-json\/wp\/v2\/product"}],"about":[{"href":"https:\/\/weraso.com\/cz\/wp-json\/wp\/v2\/types\/product"}],"wp:featuredmedia":[{"embeddable":true,"href":"https:\/\/weraso.com\/cz\/wp-json\/wp\/v2\/media\/2738"}],"wp:attachment":[{"href":"https:\/\/weraso.com\/cz\/wp-json\/wp\/v2\/media?parent=4013"}],"wp:term":[{"taxonomy":"product_brand","embeddable":true,"href":"https:\/\/weraso.com\/cz\/wp-json\/wp\/v2\/product_brand?post=4013"},{"taxonomy":"product_cat","embeddable":true,"href":"https:\/\/weraso.com\/cz\/wp-json\/wp\/v2\/product_cat?post=4013"},{"taxonomy":"product_tag","embeddable":true,"href":"https:\/\/weraso.com\/cz\/wp-json\/wp\/v2\/product_tag?post=4013"}],"curies":[{"name":"wp","href":"https:\/\/api.w.org\/{rel}","templated":true}]}}