{"id":4007,"date":"2025-09-08T14:41:56","date_gmt":"2025-09-08T14:41:56","guid":{"rendered":"https:\/\/test.weraso.com\/product\/orika\/"},"modified":"2025-11-12T17:28:42","modified_gmt":"2025-11-12T17:28:42","slug":"orika","status":"publish","type":"product","link":"https:\/\/weraso.com\/cz\/produkt\/orika\/","title":{"rendered":"Orika"},"content":{"rendered":"<p data-syno-attrs=\"{&quot;textMarks&quot;:[{&quot;_&quot;:&quot;font_family&quot;,&quot;complexScript&quot;:&quot;Times New Roman&quot;,&quot;eastAsia&quot;:&quot;Times New Roman&quot;,&quot;value&quot;:&quot;Times New Roman&quot;},{&quot;_&quot;:&quot;font_size&quot;,&quot;value&quot;:11}]}\"><span data-syno-attrs=\"{&quot;value&quot;:&quot;Times New Roman&quot;,&quot;eastAsia&quot;:&quot;Times New Roman&quot;,&quot;complexScript&quot;:&quot;Times New Roman&quot;,&quot;hint&quot;:&quot;default&quot;}\">Jemn\u011b fr\u00e9zovan\u00e9 linie na p\u0159edn\u00edch panelech nejen zdob\u00ed, ale z\u00e1rove\u0148 odhaluj\u00ed chytr\u00e1 \u00falo\u017en\u00e1 \u0159e\u0161en\u00ed. D\u00edky tomu z\u016fst\u00e1v\u00e1 praktick\u00fd prostor skryt\u00fd a p\u0159\u00edstupn\u00fd pouze tehdy, kdy\u017e ho pot\u0159ebujete. Orika je ide\u00e1ln\u00edm dopl\u0148kem kolekce Satori, kter\u00e1 stav\u00ed na harmonii mezi p\u0159\u00edrodn\u00edmi materi\u00e1ly a nad\u010dasov\u00fdm designem.<\/span><span data-syno-attrs=\"{&quot;value&quot;:&quot;Times New Roman&quot;,&quot;eastAsia&quot;:&quot;Times New Roman&quot;,&quot;complexScript&quot;:&quot;Times New Roman&quot;,&quot;hint&quot;:&quot;default&quot;}\"><br \/>\n<\/span><span data-syno-attrs=\"{&quot;value&quot;:&quot;Times New Roman&quot;,&quot;eastAsia&quot;:&quot;Times New Roman&quot;,&quot;complexScript&quot;:&quot;Times New Roman&quot;,&quot;hint&quot;:&quot;default&quot;}\">Ka\u017ed\u00fd kus je vyroben z p\u0159\u00edrodn\u00edho materi\u00e1lu a m\u00e1 sv\u016fj origin\u00e1ln\u00ed vzhled \u2013 rozd\u00edly v kresb\u011b a t\u00f3nu d\u0159eva jsou p\u0159irozenou sou\u010d\u00e1st\u00ed designu.<\/span><\/p>\n","protected":false},"excerpt":{"rendered":"<p data-syno-attrs=\"{&quot;textMarks&quot;:[{&quot;_&quot;:&quot;font_family&quot;,&quot;complexScript&quot;:&quot;Times New Roman&quot;,&quot;eastAsia&quot;:&quot;Times New Roman&quot;,&quot;value&quot;:&quot;Times New Roman&quot;},{&quot;_&quot;:&quot;font_size&quot;,&quot;value&quot;:11}]}\"><span data-syno-attrs=\"{&quot;value&quot;:&quot;Times New Roman&quot;,&quot;eastAsia&quot;:&quot;Times New Roman&quot;,&quot;complexScript&quot;:&quot;Times New Roman&quot;,&quot;hint&quot;:&quot;default&quot;}\">Orika p\u0159in\u00e1\u0161\u00ed do va\u0161eho interi\u00e9ru pocit \u010distoty a klidu jako prvn\u00ed rann\u00ed sv\u011btlo. Jej\u00ed \u0161t\u00edhl\u00e1 silueta a hladk\u00e9 dubov\u00e9 p\u0159edn\u00ed plochy bez viditeln\u00fdch \u00fachyt\u016f vytv\u00e1\u0159ej\u00ed elegantn\u00ed a uklid\u0148uj\u00edc\u00ed dojem po\u0159\u00e1dku, kter\u00fd dokonale zapad\u00e1 do minimalistick\u00e9ho Japandi stylu.<\/span><\/p>\n","protected":false},"featured_media":2625,"template":"","meta":{"inline_featured_image":false},"product_brand":[],"product_cat":[112],"product_tag":[],"class_list":{"0":"post-4007","1":"product","2":"type-product","3":"status-publish","4":"has-post-thumbnail","6":"product_cat-satori-cz","8":"first","9":"instock","10":"taxable","11":"shipping-taxable","12":"purchasable","13":"product-type-variable"},"aioseo_notices":[],"meta_box":{"product-metabox-hero":[],"product-metabox-presentation-second":[{"width":150,"height":150,"file":"2025\/09\/E2_4-Photo-scaled.jpg","filesize":371028,"sizes":{"medium":{"file":"E2_4-Photo-300x300.jpg","width":300,"height":300,"mime-type":"image\/jpeg","filesize":4727,"url":"https:\/\/weraso.com\/wp-content\/uploads\/2025\/09\/E2_4-Photo-300x300.jpg"},"large":{"file":"E2_4-Photo-1024x1024.jpg","width":1024,"height":1024,"mime-type":"image\/jpeg","filesize":40230,"url":"https:\/\/weraso.com\/wp-content\/uploads\/2025\/09\/E2_4-Photo-1024x1024.jpg"},"thumbnail":{"file":"E2_4-Photo-150x150.jpg","width":150,"height":150,"mime-type":"image\/jpeg","filesize":1806,"url":"https:\/\/weraso.com\/wp-content\/uploads\/2025\/09\/E2_4-Photo-150x150.jpg"},"medium_large":{"file":"E2_4-Photo-768x768.jpg","width":768,"height":768,"mime-type":"image\/jpeg","filesize":22171,"url":"https:\/\/weraso.com\/wp-content\/uploads\/2025\/09\/E2_4-Photo-768x768.jpg"},"1536x1536":{"file":"E2_4-Photo-1536x1536.jpg","width":1536,"height":1536,"mime-type":"image\/jpeg","filesize":104827,"url":"https:\/\/weraso.com\/wp-content\/uploads\/2025\/09\/E2_4-Photo-1536x1536.jpg"},"2048x2048":{"file":"E2_4-Photo-2048x2048.jpg","width":2048,"height":2048,"mime-type":"image\/jpeg","filesize":216882,"url":"https:\/\/weraso.com\/wp-content\/uploads\/2025\/09\/E2_4-Photo-2048x2048.jpg"},"woocommerce_thumbnail":{"file":"E2_4-Photo-300x300.jpg","width":300,"height":300,"mime-type":"image\/jpeg","filesize":4727,"uncropped":false,"url":"https:\/\/weraso.com\/wp-content\/uploads\/2025\/09\/E2_4-Photo-300x300.jpg"},"woocommerce_single":{"file":"E2_4-Photo-600x600.jpg","width":600,"height":600,"mime-type":"image\/jpeg","filesize":14550,"url":"https:\/\/weraso.com\/wp-content\/uploads\/2025\/09\/E2_4-Photo-600x600.jpg"},"woocommerce_gallery_thumbnail":{"file":"E2_4-Photo-100x100.jpg","width":100,"height":100,"mime-type":"image\/jpeg","filesize":1128,"url":"https:\/\/weraso.com\/wp-content\/uploads\/2025\/09\/E2_4-Photo-100x100.jpg"}},"image_meta":{"aperture":"0","credit":"","camera":"","caption":"","created_timestamp":"0","copyright":"","focal_length":"0","iso":"0","shutter_speed":"0","title":"","orientation":"0","keywords":[]},"original_image":"E2_4-Photo.jpg","ID":"2629","name":"E2_4-Photo-scaled.jpg","path":"\/data\/7\/5\/757d27e6-6549-4450-aa2b-08ca64892026\/weraso.com\/web\/wp-content\/uploads\/2025\/09\/E2_4-Photo-scaled.jpg","url":"https:\/\/weraso.com\/wp-content\/uploads\/2025\/09\/E2_4-Photo-150x150.jpg","full_url":"https:\/\/weraso.com\/wp-content\/uploads\/2025\/09\/E2_4-Photo-scaled.jpg","title":"E2_4 - Photo","caption":"","description":"","alt":"","srcset":"https:\/\/weraso.com\/wp-content\/uploads\/2025\/09\/E2_4-Photo-150x150.jpg 150w, https:\/\/weraso.com\/wp-content\/uploads\/2025\/09\/E2_4-Photo-300x300.jpg 300w, https:\/\/weraso.com\/wp-content\/uploads\/2025\/09\/E2_4-Photo-1024x1024.jpg 1024w, https:\/\/weraso.com\/wp-content\/uploads\/2025\/09\/E2_4-Photo-768x768.jpg 768w, https:\/\/weraso.com\/wp-content\/uploads\/2025\/09\/E2_4-Photo-1536x1536.jpg 1536w, https:\/\/weraso.com\/wp-content\/uploads\/2025\/09\/E2_4-Photo-2048x2048.jpg 2048w, https:\/\/weraso.com\/wp-content\/uploads\/2025\/09\/E2_4-Photo-600x600.jpg 600w, https:\/\/weraso.com\/wp-content\/uploads\/2025\/09\/E2_4-Photo-100x100.jpg 100w"}],"product-metabox-gallery-video":[],"product-metabox-materials":[{"label":"P\u0159edn\u00ed plochy a v\u00fdsuvy","value":"dubov\u00e1 d\u00fdha"},{"label":"Vrchn\u00ed deska","value":"b\u00edl\u00e1 kompaktn\u00ed plocha"},{"label":"Nohy","value":"kov, \u010dern\u00fd matn\u00fd pr\u00e1\u0161kov\u00fd lak"},{"label":"Povrchov\u00e1 \u00faprava","value":"olej, p\u0159\u00edrodn\u00ed tvrd\u00fd voskov\u00fd olej pro zv\u00fdrazn\u011bn\u00ed struktury a ochranu d\u0159eva"}],"product-metabox-color":"<p data-syno-attrs=\"{&quot;textMarks&quot;:[{&quot;_&quot;:&quot;font_family&quot;,&quot;complexScript&quot;:&quot;Times New Roman&quot;,&quot;eastAsia&quot;:&quot;Times New Roman&quot;,&quot;value&quot;:&quot;Times New Roman&quot;},{&quot;_&quot;:&quot;font_size&quot;,&quot;value&quot;:11}]}\"><span data-syno-attrs=\"{&quot;value&quot;:&quot;Times New Roman&quot;,&quot;eastAsia&quot;:&quot;Times New Roman&quot;,&quot;complexScript&quot;:&quot;Times New Roman&quot;,&quot;hint&quot;:&quot;default&quot;}\">Sv\u011btl\u00e1 hn\u011bd\u00e1 s matnou b\u00edlou deskou<\/span><\/p>\n","product-metabox-instructions":"<p data-syno-attrs=\"{&quot;textMarks&quot;:[{&quot;_&quot;:&quot;font_size&quot;,&quot;value&quot;:12},{&quot;_&quot;:&quot;font_family&quot;,&quot;complexScript&quot;:&quot;Arial&quot;,&quot;eastAsia&quot;:&quot;Calibri&quot;,&quot;value&quot;:&quot;Calibri&quot;}]}\"><span data-syno-attrs=\"{&quot;value&quot;:&quot;Calibri&quot;,&quot;eastAsia&quot;:&quot;Calibri&quot;,&quot;complexScript&quot;:&quot;Arial&quot;,&quot;hint&quot;:&quot;default&quot;}\">Dod\u00e1v\u00e1me<\/span><span data-syno-attrs=\"{&quot;value&quot;:&quot;Calibri&quot;,&quot;eastAsia&quot;:&quot;Calibri&quot;,&quot;complexScript&quot;:&quot;Arial&quot;,&quot;hint&quot;:&quot;default&quot;}\"> v <\/span><span data-syno-attrs=\"{&quot;value&quot;:&quot;Calibri&quot;,&quot;eastAsia&quot;:&quot;Calibri&quot;,&quot;complexScript&quot;:&quot;Arial&quot;,&quot;hint&quot;:&quot;default&quot;}\">kompaktn\u00edm<\/span><span data-syno-attrs=\"{&quot;value&quot;:&quot;Calibri&quot;,&quot;eastAsia&quot;:&quot;Calibri&quot;,&quot;complexScript&quot;:&quot;Arial&quot;,&quot;hint&quot;:&quot;default&quot;}\"> balen\u00ed, <\/span><span data-syno-attrs=\"{&quot;value&quot;:&quot;Calibri&quot;,&quot;eastAsia&quot;:&quot;Calibri&quot;,&quot;complexScript&quot;:&quot;Arial&quot;,&quot;hint&quot;:&quot;default&quot;}\">v\u00fdrobek<\/span><span data-syno-attrs=\"{&quot;value&quot;:&quot;Calibri&quot;,&quot;eastAsia&quot;:&quot;Calibri&quot;,&quot;complexScript&quot;:&quot;Arial&quot;,&quot;hint&quot;:&quot;default&quot;}\"> vy\u017eaduje mont\u00e1\u017e nohou.<\/span><\/p>\n","account-metabox-visibility":[]},"_links":{"self":[{"href":"https:\/\/weraso.com\/cz\/wp-json\/wp\/v2\/product\/4007","targetHints":{"allow":["GET"]}}],"collection":[{"href":"https:\/\/weraso.com\/cz\/wp-json\/wp\/v2\/product"}],"about":[{"href":"https:\/\/weraso.com\/cz\/wp-json\/wp\/v2\/types\/product"}],"wp:featuredmedia":[{"embeddable":true,"href":"https:\/\/weraso.com\/cz\/wp-json\/wp\/v2\/media\/2625"}],"wp:attachment":[{"href":"https:\/\/weraso.com\/cz\/wp-json\/wp\/v2\/media?parent=4007"}],"wp:term":[{"taxonomy":"product_brand","embeddable":true,"href":"https:\/\/weraso.com\/cz\/wp-json\/wp\/v2\/product_brand?post=4007"},{"taxonomy":"product_cat","embeddable":true,"href":"https:\/\/weraso.com\/cz\/wp-json\/wp\/v2\/product_cat?post=4007"},{"taxonomy":"product_tag","embeddable":true,"href":"https:\/\/weraso.com\/cz\/wp-json\/wp\/v2\/product_tag?post=4007"}],"curies":[{"name":"wp","href":"https:\/\/api.w.org\/{rel}","templated":true}]}}