{"id":3996,"date":"2025-09-09T16:55:33","date_gmt":"2025-09-09T16:55:33","guid":{"rendered":"https:\/\/test.weraso.com\/product\/dravan\/"},"modified":"2025-11-12T14:34:55","modified_gmt":"2025-11-12T14:34:55","slug":"dravan","status":"publish","type":"product","link":"https:\/\/weraso.com\/cz\/produkt\/dravan\/","title":{"rendered":"Dravan"},"content":{"rendered":"<p data-syno-attrs=\"{&quot;textMarks&quot;:[{&quot;_&quot;:&quot;font_family&quot;,&quot;complexScript&quot;:&quot;Times New Roman&quot;,&quot;eastAsia&quot;:&quot;Times New Roman&quot;,&quot;value&quot;:&quot;Times New Roman&quot;},{&quot;_&quot;:&quot;font_size&quot;,&quot;value&quot;:11}]}\"><span data-syno-attrs=\"{&quot;value&quot;:&quot;Times New Roman&quot;,&quot;eastAsia&quot;:&quot;Times New Roman&quot;,&quot;complexScript&quot;:&quot;Times New Roman&quot;,&quot;hint&quot;:&quot;default&quot;}\">Konferen\u010dn\u00ed stolek Dravan je sofistikovan\u00fdm dopl\u0148kem modern\u00edho ob\u00fdvac\u00edho pokoje, kter\u00fd spojuje vizu\u00e1ln\u00ed lehkost se skrytou funk\u010dnost\u00ed. Vych\u00e1z\u00ed ze stejn\u00e9ho designov\u00e9ho z\u00e1kladu jako stolek Corvian, ale nav\u00edc nab\u00edz\u00ed otev\u0159en\u00fd spodn\u00ed korpus, ide\u00e1ln\u00ed pro ulo\u017een\u00ed v\u011bc\u00ed, kter\u00e9 chcete m\u00edt po ruce, ale ne p\u0159\u00edmo na o\u010d\u00edch \u2013 knihy, ovlada\u010de nebo pracovn\u00ed pozn\u00e1mky.<\/span><\/p>\n<p data-syno-attrs=\"{&quot;textMarks&quot;:[{&quot;_&quot;:&quot;font_family&quot;,&quot;complexScript&quot;:&quot;Times New Roman&quot;,&quot;eastAsia&quot;:&quot;Times New Roman&quot;,&quot;value&quot;:&quot;Times New Roman&quot;},{&quot;_&quot;:&quot;font_size&quot;,&quot;value&quot;:11}]}\"><span data-syno-attrs=\"{&quot;value&quot;:&quot;Times New Roman&quot;,&quot;eastAsia&quot;:&quot;Times New Roman&quot;,&quot;complexScript&quot;:&quot;Times New Roman&quot;,&quot;hint&quot;:&quot;default&quot;}\">Ka\u017ed\u00fd kus je vyroben z p\u0159\u00edrodn\u00edho materi\u00e1lu a m\u00e1 sv\u016fj origin\u00e1ln\u00ed vzhled \u2013 rozd\u00edly v kresb\u011b a odst\u00ednu d\u0159eva jsou p\u0159irozenou sou\u010d\u00e1st\u00ed designu.<\/span><\/p>\n","protected":false},"excerpt":{"rendered":"<p data-syno-attrs=\"{&quot;textMarks&quot;:[{&quot;_&quot;:&quot;font_family&quot;,&quot;complexScript&quot;:&quot;Times New Roman&quot;,&quot;eastAsia&quot;:&quot;Times New Roman&quot;,&quot;value&quot;:&quot;Times New Roman&quot;},{&quot;_&quot;:&quot;font_size&quot;,&quot;value&quot;:11}]}\"><span data-syno-attrs=\"{&quot;value&quot;:&quot;Times New Roman&quot;,&quot;eastAsia&quot;:&quot;Times New Roman&quot;,&quot;complexScript&quot;:&quot;Times New Roman&quot;,&quot;hint&quot;:&quot;default&quot;}\">Stolek Dravan vynik\u00e1 \u010dtvercov\u00fdm tvarem a jemn\u011b zaoblen\u00fdmi hranami, kter\u00e9 p\u016fsob\u00ed harmonicky a bezpe\u010dn\u011b. Ve spodn\u00ed \u010d\u00e1sti se nach\u00e1z\u00ed otev\u0159en\u00fd v\u00fd\u0159ez \u2013 diskr\u00e9tn\u00ed \u00falo\u017en\u00fd prostor, kter\u00fd pom\u00e1h\u00e1 udr\u017eet \u010dist\u00fd vzhled horn\u00ed plochy bez zbyte\u010dn\u00e9ho vizu\u00e1ln\u00edho nepo\u0159\u00e1dku.<\/span><\/p>\n","protected":false},"featured_media":3265,"template":"","meta":{"inline_featured_image":false},"product_brand":[],"product_cat":[110],"product_tag":[],"class_list":{"0":"post-3996","1":"product","2":"type-product","3":"status-publish","4":"has-post-thumbnail","6":"product_cat-lunera-cz","8":"first","9":"instock","10":"taxable","11":"shipping-taxable","12":"purchasable","13":"product-type-simple"},"aioseo_notices":[],"meta_box":{"product-metabox-hero":[],"product-metabox-presentation-second":[{"width":150,"height":150,"file":"2025\/09\/C7_3-Photo-scaled.jpg","filesize":146353,"sizes":{"medium":{"file":"C7_3-Photo-300x300.jpg","width":300,"height":300,"mime-type":"image\/jpeg","filesize":3332,"url":"https:\/\/weraso.com\/wp-content\/uploads\/2025\/09\/C7_3-Photo-300x300.jpg"},"large":{"file":"C7_3-Photo-1024x1024.jpg","width":1024,"height":1024,"mime-type":"image\/jpeg","filesize":21634,"url":"https:\/\/weraso.com\/wp-content\/uploads\/2025\/09\/C7_3-Photo-1024x1024.jpg"},"thumbnail":{"file":"C7_3-Photo-150x150.jpg","width":150,"height":150,"mime-type":"image\/jpeg","filesize":1455,"url":"https:\/\/weraso.com\/wp-content\/uploads\/2025\/09\/C7_3-Photo-150x150.jpg"},"medium_large":{"file":"C7_3-Photo-768x768.jpg","width":768,"height":768,"mime-type":"image\/jpeg","filesize":12961,"url":"https:\/\/weraso.com\/wp-content\/uploads\/2025\/09\/C7_3-Photo-768x768.jpg"},"1536x1536":{"file":"C7_3-Photo-1536x1536.jpg","width":1536,"height":1536,"mime-type":"image\/jpeg","filesize":47926,"url":"https:\/\/weraso.com\/wp-content\/uploads\/2025\/09\/C7_3-Photo-1536x1536.jpg"},"2048x2048":{"file":"C7_3-Photo-2048x2048.jpg","width":2048,"height":2048,"mime-type":"image\/jpeg","filesize":89859,"url":"https:\/\/weraso.com\/wp-content\/uploads\/2025\/09\/C7_3-Photo-2048x2048.jpg"},"woocommerce_thumbnail":{"file":"C7_3-Photo-300x300.jpg","width":300,"height":300,"mime-type":"image\/jpeg","filesize":3332,"uncropped":false,"url":"https:\/\/weraso.com\/wp-content\/uploads\/2025\/09\/C7_3-Photo-300x300.jpg"},"woocommerce_single":{"file":"C7_3-Photo-600x600.jpg","width":600,"height":600,"mime-type":"image\/jpeg","filesize":8937,"url":"https:\/\/weraso.com\/wp-content\/uploads\/2025\/09\/C7_3-Photo-600x600.jpg"},"woocommerce_gallery_thumbnail":{"file":"C7_3-Photo-100x100.jpg","width":100,"height":100,"mime-type":"image\/jpeg","filesize":987,"url":"https:\/\/weraso.com\/wp-content\/uploads\/2025\/09\/C7_3-Photo-100x100.jpg"}},"image_meta":{"aperture":"0","credit":"","camera":"","caption":"","created_timestamp":"0","copyright":"","focal_length":"0","iso":"0","shutter_speed":"0","title":"","orientation":"0","keywords":[]},"original_image":"C7_3-Photo.jpg","ID":"3269","name":"C7_3-Photo-scaled.jpg","path":"\/data\/7\/5\/757d27e6-6549-4450-aa2b-08ca64892026\/weraso.com\/web\/wp-content\/uploads\/2025\/09\/C7_3-Photo-scaled.jpg","url":"https:\/\/weraso.com\/wp-content\/uploads\/2025\/09\/C7_3-Photo-150x150.jpg","full_url":"https:\/\/weraso.com\/wp-content\/uploads\/2025\/09\/C7_3-Photo-scaled.jpg","title":"C7_3 - Photo","caption":"","description":"","alt":"","srcset":"https:\/\/weraso.com\/wp-content\/uploads\/2025\/09\/C7_3-Photo-150x150.jpg 150w, https:\/\/weraso.com\/wp-content\/uploads\/2025\/09\/C7_3-Photo-300x300.jpg 300w, https:\/\/weraso.com\/wp-content\/uploads\/2025\/09\/C7_3-Photo-1024x1024.jpg 1024w, https:\/\/weraso.com\/wp-content\/uploads\/2025\/09\/C7_3-Photo-768x768.jpg 768w, https:\/\/weraso.com\/wp-content\/uploads\/2025\/09\/C7_3-Photo-1536x1536.jpg 1536w, https:\/\/weraso.com\/wp-content\/uploads\/2025\/09\/C7_3-Photo-2048x2048.jpg 2048w, https:\/\/weraso.com\/wp-content\/uploads\/2025\/09\/C7_3-Photo-600x600.jpg 600w, https:\/\/weraso.com\/wp-content\/uploads\/2025\/09\/C7_3-Photo-100x100.jpg 100w"}],"product-metabox-gallery-video":[],"product-metabox-materials":[{"label":"\u010celn\u00ed plochy a v\u00fdsuvy","value":"dubov\u00e1 d\u00fdha"},{"label":"Horn\u00ed deska","value":"b\u00edl\u00e1 kompaktn\u00ed deska"},{"label":"Povrchov\u00e1 \u00faprava","value":"p\u0159\u00edrodn\u00ed tvrd\u00fd voskov\u00fd olej"}],"product-metabox-color":"<p data-syno-attrs=\"{&quot;textMarks&quot;:[{&quot;_&quot;:&quot;font_family&quot;,&quot;complexScript&quot;:&quot;Times New Roman&quot;,&quot;eastAsia&quot;:&quot;Times New Roman&quot;,&quot;value&quot;:&quot;Times New Roman&quot;},{&quot;_&quot;:&quot;font_size&quot;,&quot;value&quot;:11}]}\"><span data-syno-attrs=\"{&quot;value&quot;:&quot;Times New Roman&quot;,&quot;eastAsia&quot;:&quot;Times New Roman&quot;,&quot;complexScript&quot;:&quot;Times New Roman&quot;,&quot;hint&quot;:&quot;default&quot;}\">Sv\u011btl\u00e1 hn\u011bd\u00e1 s matnou b\u00edlou deskou<\/span><\/p>\n","product-metabox-instructions":"<p data-syno-attrs=\"{&quot;textMarks&quot;:[{&quot;_&quot;:&quot;font_family&quot;,&quot;complexScript&quot;:&quot;Times New Roman&quot;,&quot;eastAsia&quot;:&quot;Times New Roman&quot;,&quot;value&quot;:&quot;Times New Roman&quot;},{&quot;_&quot;:&quot;font_size&quot;,&quot;value&quot;:11}]}\"><span data-syno-attrs=\"{&quot;value&quot;:&quot;Times New Roman&quot;,&quot;eastAsia&quot;:&quot;Times New Roman&quot;,&quot;complexScript&quot;:&quot;Times New Roman&quot;,&quot;hint&quot;:&quot;default&quot;}\">Dod\u00e1v\u00e1no v kompaktn\u00edm balen\u00ed.<\/span><\/p>\n","account-metabox-visibility":[]},"_links":{"self":[{"href":"https:\/\/weraso.com\/cz\/wp-json\/wp\/v2\/product\/3996","targetHints":{"allow":["GET"]}}],"collection":[{"href":"https:\/\/weraso.com\/cz\/wp-json\/wp\/v2\/product"}],"about":[{"href":"https:\/\/weraso.com\/cz\/wp-json\/wp\/v2\/types\/product"}],"wp:featuredmedia":[{"embeddable":true,"href":"https:\/\/weraso.com\/cz\/wp-json\/wp\/v2\/media\/3265"}],"wp:attachment":[{"href":"https:\/\/weraso.com\/cz\/wp-json\/wp\/v2\/media?parent=3996"}],"wp:term":[{"taxonomy":"product_brand","embeddable":true,"href":"https:\/\/weraso.com\/cz\/wp-json\/wp\/v2\/product_brand?post=3996"},{"taxonomy":"product_cat","embeddable":true,"href":"https:\/\/weraso.com\/cz\/wp-json\/wp\/v2\/product_cat?post=3996"},{"taxonomy":"product_tag","embeddable":true,"href":"https:\/\/weraso.com\/cz\/wp-json\/wp\/v2\/product_tag?post=3996"}],"curies":[{"name":"wp","href":"https:\/\/api.w.org\/{rel}","templated":true}]}}