{"id":3987,"date":"2025-09-09T16:24:46","date_gmt":"2025-09-09T16:24:46","guid":{"rendered":"https:\/\/test.weraso.com\/product\/selora\/"},"modified":"2025-10-27T16:52:31","modified_gmt":"2025-10-27T16:52:31","slug":"selora","status":"publish","type":"product","link":"https:\/\/weraso.com\/cz\/produkt\/selora\/","title":{"rendered":"Selora"},"content":{"rendered":"<p data-syno-attrs=\"{&quot;textMarks&quot;:[{&quot;_&quot;:&quot;font_family&quot;,&quot;complexScript&quot;:&quot;Times New Roman&quot;,&quot;eastAsia&quot;:&quot;Times New Roman&quot;,&quot;value&quot;:&quot;Times New Roman&quot;},{&quot;_&quot;:&quot;font_size&quot;,&quot;value&quot;:11}]}\"><span data-syno-attrs=\"{&quot;value&quot;:&quot;Times New Roman&quot;,&quot;eastAsia&quot;:&quot;Times New Roman&quot;,&quot;complexScript&quot;:&quot;Times New Roman&quot;,&quot;hint&quot;:&quot;default&quot;}\">Jej\u00ed univerz\u00e1lnost umo\u017e\u0148uje nejen pou\u017eit\u00ed jako klasickou komodu pro ulo\u017een\u00ed v\u011bc\u00ed, ale i jako p\u0159ebalovac\u00ed pult, \u010d\u00edm\u017e se st\u00e1v\u00e1 skv\u011bl\u00fdm pomocn\u00edkem v d\u011btsk\u00fdch pokoj\u00edch \u010di jin\u00fdch prostor\u00e1ch, kde pot\u0159ebujete praktick\u00fd a bezpe\u010dn\u00fd povrch pro p\u00e9\u010di o d\u00edt\u011b.<\/span><span data-syno-attrs=\"{&quot;value&quot;:&quot;Times New Roman&quot;,&quot;eastAsia&quot;:&quot;Times New Roman&quot;,&quot;complexScript&quot;:&quot;Times New Roman&quot;,&quot;hint&quot;:&quot;default&quot;}\"><br \/>\n<\/span><span data-syno-attrs=\"{&quot;value&quot;:&quot;Times New Roman&quot;,&quot;eastAsia&quot;:&quot;Times New Roman&quot;,&quot;complexScript&quot;:&quot;Times New Roman&quot;,&quot;hint&quot;:&quot;default&quot;}\">Selora si zachov\u00e1v\u00e1 jemn\u00e9 zaoblen\u00e9 linie a masivn\u00ed charakter typick\u00fd pro kolekci Lunera, p\u0159i\u010dem\u017e jej\u00ed men\u0161\u00ed rozm\u011br p\u0159in\u00e1\u0161\u00ed do va\u0161eho domova eleganci a funk\u010dnost v jednom.<\/span><\/p>\n<p data-syno-attrs=\"{&quot;textMarks&quot;:[{&quot;_&quot;:&quot;font_family&quot;,&quot;complexScript&quot;:&quot;Times New Roman&quot;,&quot;eastAsia&quot;:&quot;Times New Roman&quot;,&quot;value&quot;:&quot;Times New Roman&quot;},{&quot;_&quot;:&quot;font_size&quot;,&quot;value&quot;:11}]}\"><span data-syno-attrs=\"{&quot;value&quot;:&quot;Times New Roman&quot;,&quot;eastAsia&quot;:&quot;Times New Roman&quot;,&quot;complexScript&quot;:&quot;Times New Roman&quot;,&quot;hint&quot;:&quot;default&quot;}\">Ka\u017ed\u00fd kus je vyroben z p\u0159\u00edrodn\u00edho materi\u00e1lu a m\u00e1 sv\u016fj origin\u00e1ln\u00ed vzhled \u2013 rozd\u00edly v kresb\u011b a odst\u00ednu d\u0159eva jsou p\u0159irozenou sou\u010d\u00e1st\u00ed designu.<\/span><\/p>\n","protected":false},"excerpt":{"rendered":"<p data-syno-attrs=\"{&quot;textMarks&quot;:[{&quot;_&quot;:&quot;font_family&quot;,&quot;complexScript&quot;:&quot;Times New Roman&quot;,&quot;eastAsia&quot;:&quot;Times New Roman&quot;,&quot;value&quot;:&quot;Times New Roman&quot;},{&quot;_&quot;:&quot;font_size&quot;,&quot;value&quot;:11}]}\"><span data-syno-attrs=\"{&quot;value&quot;:&quot;Times New Roman&quot;,&quot;eastAsia&quot;:&quot;Times New Roman&quot;,&quot;complexScript&quot;:&quot;Times New Roman&quot;,&quot;hint&quot;:&quot;default&quot;}\">Komoda Selora je stylov\u00fdm a praktick\u00fdm dopl\u0148kem, kter\u00fd navazuje na design komody Eloria, ale v kompaktn\u011bj\u0161\u00edm proveden\u00ed.<\/span><\/p>\n","protected":false},"featured_media":3065,"template":"","meta":{"inline_featured_image":false},"product_brand":[],"product_cat":[110],"product_tag":[],"class_list":{"0":"post-3987","1":"product","2":"type-product","3":"status-publish","4":"has-post-thumbnail","6":"product_cat-lunera-cz","8":"first","9":"instock","10":"taxable","11":"shipping-taxable","12":"purchasable","13":"product-type-simple"},"aioseo_notices":[],"meta_box":{"product-metabox-hero":[],"product-metabox-presentation-second":[{"width":150,"height":150,"file":"2025\/09\/C2_4-Photo-scaled.jpg","filesize":349038,"sizes":{"medium":{"file":"C2_4-Photo-300x300.jpg","width":300,"height":300,"mime-type":"image\/jpeg","filesize":3850,"url":"https:\/\/weraso.com\/wp-content\/uploads\/2025\/09\/C2_4-Photo-300x300.jpg"},"large":{"file":"C2_4-Photo-1024x1024.jpg","width":1024,"height":1024,"mime-type":"image\/jpeg","filesize":32823,"url":"https:\/\/weraso.com\/wp-content\/uploads\/2025\/09\/C2_4-Photo-1024x1024.jpg"},"thumbnail":{"file":"C2_4-Photo-150x150.jpg","width":150,"height":150,"mime-type":"image\/jpeg","filesize":1563,"url":"https:\/\/weraso.com\/wp-content\/uploads\/2025\/09\/C2_4-Photo-150x150.jpg"},"medium_large":{"file":"C2_4-Photo-768x768.jpg","width":768,"height":768,"mime-type":"image\/jpeg","filesize":18020,"url":"https:\/\/weraso.com\/wp-content\/uploads\/2025\/09\/C2_4-Photo-768x768.jpg"},"1536x1536":{"file":"C2_4-Photo-1536x1536.jpg","width":1536,"height":1536,"mime-type":"image\/jpeg","filesize":91449,"url":"https:\/\/weraso.com\/wp-content\/uploads\/2025\/09\/C2_4-Photo-1536x1536.jpg"},"2048x2048":{"file":"C2_4-Photo-2048x2048.jpg","width":2048,"height":2048,"mime-type":"image\/jpeg","filesize":198179,"url":"https:\/\/weraso.com\/wp-content\/uploads\/2025\/09\/C2_4-Photo-2048x2048.jpg"},"woocommerce_thumbnail":{"file":"C2_4-Photo-300x300.jpg","width":300,"height":300,"mime-type":"image\/jpeg","filesize":3850,"uncropped":false,"url":"https:\/\/weraso.com\/wp-content\/uploads\/2025\/09\/C2_4-Photo-300x300.jpg"},"woocommerce_single":{"file":"C2_4-Photo-600x600.jpg","width":600,"height":600,"mime-type":"image\/jpeg","filesize":11409,"url":"https:\/\/weraso.com\/wp-content\/uploads\/2025\/09\/C2_4-Photo-600x600.jpg"},"woocommerce_gallery_thumbnail":{"file":"C2_4-Photo-100x100.jpg","width":100,"height":100,"mime-type":"image\/jpeg","filesize":1005,"url":"https:\/\/weraso.com\/wp-content\/uploads\/2025\/09\/C2_4-Photo-100x100.jpg"}},"image_meta":{"aperture":"0","credit":"","camera":"","caption":"","created_timestamp":"0","copyright":"","focal_length":"0","iso":"0","shutter_speed":"0","title":"","orientation":"0","keywords":[]},"original_image":"C2_4-Photo.jpg","ID":"3069","name":"C2_4-Photo-scaled.jpg","path":"\/data\/7\/5\/757d27e6-6549-4450-aa2b-08ca64892026\/weraso.com\/web\/wp-content\/uploads\/2025\/09\/C2_4-Photo-scaled.jpg","url":"https:\/\/weraso.com\/wp-content\/uploads\/2025\/09\/C2_4-Photo-150x150.jpg","full_url":"https:\/\/weraso.com\/wp-content\/uploads\/2025\/09\/C2_4-Photo-scaled.jpg","title":"C2_4 - Photo","caption":"","description":"","alt":"","srcset":"https:\/\/weraso.com\/wp-content\/uploads\/2025\/09\/C2_4-Photo-150x150.jpg 150w, https:\/\/weraso.com\/wp-content\/uploads\/2025\/09\/C2_4-Photo-300x300.jpg 300w, https:\/\/weraso.com\/wp-content\/uploads\/2025\/09\/C2_4-Photo-1024x1024.jpg 1024w, https:\/\/weraso.com\/wp-content\/uploads\/2025\/09\/C2_4-Photo-768x768.jpg 768w, https:\/\/weraso.com\/wp-content\/uploads\/2025\/09\/C2_4-Photo-1536x1536.jpg 1536w, https:\/\/weraso.com\/wp-content\/uploads\/2025\/09\/C2_4-Photo-2048x2048.jpg 2048w, https:\/\/weraso.com\/wp-content\/uploads\/2025\/09\/C2_4-Photo-600x600.jpg 600w, https:\/\/weraso.com\/wp-content\/uploads\/2025\/09\/C2_4-Photo-100x100.jpg 100w"}],"product-metabox-gallery-video":[],"product-metabox-materials":[{"label":"\u010celn\u00ed plochy a v\u00fdsuvy","value":"dubov\u00e1 d\u00fdha"},{"label":"Horn\u00ed deska","value":"b\u00edl\u00e1 kompaktn\u00ed deska"},{"label":"Vnit\u0159n\u00ed d\u011blic\u00ed p\u0159\u00ed\u010dky","value":"DTDL "},{"label":"Povrchov\u00e1 \u00faprava","value":"p\u0159\u00edrodn\u00ed tvrd\u00fd voskov\u00fd olej"}],"product-metabox-color":"<p data-syno-attrs=\"{&quot;textMarks&quot;:[{&quot;_&quot;:&quot;font_family&quot;,&quot;complexScript&quot;:&quot;Times New Roman&quot;,&quot;eastAsia&quot;:&quot;Times New Roman&quot;,&quot;value&quot;:&quot;Times New Roman&quot;},{&quot;_&quot;:&quot;font_size&quot;,&quot;value&quot;:11}]}\"><span data-syno-attrs=\"{&quot;value&quot;:&quot;Times New Roman&quot;,&quot;eastAsia&quot;:&quot;Times New Roman&quot;,&quot;complexScript&quot;:&quot;Times New Roman&quot;,&quot;hint&quot;:&quot;default&quot;}\">Sv\u011btl\u00e1 hn\u011bd\u00e1 s matnou b\u00edlou deskou<\/span><\/p>\n","product-metabox-instructions":"<p data-syno-attrs=\"{&quot;textMarks&quot;:[{&quot;_&quot;:&quot;font_family&quot;,&quot;complexScript&quot;:&quot;Times New Roman&quot;,&quot;eastAsia&quot;:&quot;Times New Roman&quot;,&quot;value&quot;:&quot;Times New Roman&quot;},{&quot;_&quot;:&quot;font_size&quot;,&quot;value&quot;:11}]}\"><span data-syno-attrs=\"{&quot;value&quot;:&quot;Times New Roman&quot;,&quot;eastAsia&quot;:&quot;Times New Roman&quot;,&quot;complexScript&quot;:&quot;Times New Roman&quot;,&quot;hint&quot;:&quot;default&quot;}\">Dod\u00e1v\u00e1no v kompaktn\u00edm balen\u00ed.<\/span><\/p>\n","account-metabox-visibility":[]},"_links":{"self":[{"href":"https:\/\/weraso.com\/cz\/wp-json\/wp\/v2\/product\/3987","targetHints":{"allow":["GET"]}}],"collection":[{"href":"https:\/\/weraso.com\/cz\/wp-json\/wp\/v2\/product"}],"about":[{"href":"https:\/\/weraso.com\/cz\/wp-json\/wp\/v2\/types\/product"}],"wp:featuredmedia":[{"embeddable":true,"href":"https:\/\/weraso.com\/cz\/wp-json\/wp\/v2\/media\/3065"}],"wp:attachment":[{"href":"https:\/\/weraso.com\/cz\/wp-json\/wp\/v2\/media?parent=3987"}],"wp:term":[{"taxonomy":"product_brand","embeddable":true,"href":"https:\/\/weraso.com\/cz\/wp-json\/wp\/v2\/product_brand?post=3987"},{"taxonomy":"product_cat","embeddable":true,"href":"https:\/\/weraso.com\/cz\/wp-json\/wp\/v2\/product_cat?post=3987"},{"taxonomy":"product_tag","embeddable":true,"href":"https:\/\/weraso.com\/cz\/wp-json\/wp\/v2\/product_tag?post=3987"}],"curies":[{"name":"wp","href":"https:\/\/api.w.org\/{rel}","templated":true}]}}