{"id":3967,"date":"2025-09-10T15:59:50","date_gmt":"2025-09-10T15:59:50","guid":{"rendered":"https:\/\/test.weraso.com\/product\/elvara\/"},"modified":"2025-10-27T16:18:19","modified_gmt":"2025-10-27T16:18:19","slug":"elvara","status":"publish","type":"product","link":"https:\/\/weraso.com\/cz\/produkt\/elvara\/","title":{"rendered":"Elvara"},"content":{"rendered":"<div class=\"syno-o-doc-pm-line\">\n<div class=\"syno-o-doc-pm-line-location\">\n<div class=\"syno-o-doc-pm-line-content\" style=\"text-align: left;\">\n<p data-syno-attrs=\"{&quot;textMarks&quot;:[{&quot;_&quot;:&quot;font_family&quot;,&quot;complexScript&quot;:&quot;Times New Roman&quot;,&quot;eastAsia&quot;:&quot;Times New Roman&quot;,&quot;value&quot;:&quot;Times New Roman&quot;},{&quot;_&quot;:&quot;font_size&quot;,&quot;value&quot;:11}]}\"><span data-syno-attrs=\"{&quot;value&quot;:&quot;Times New Roman&quot;,&quot;eastAsia&quot;:&quot;Times New Roman&quot;,&quot;complexScript&quot;:&quot;Times New Roman&quot;,&quot;hint&quot;:&quot;default&quot;}\">Dv\u011b prostorn\u00e9 z\u00e1suvky s tlumen\u00fdm dov\u00edr\u00e1n\u00edm se otev\u00edraj\u00ed hladce a ti\u0161e \u2013 funk\u010dn\u00ed \u0159e\u0161en\u00ed v souladu s estetikou seversk\u00e9ho minimalismu.<\/span><\/p>\n<\/div>\n<\/div>\n<\/div>\n","protected":false},"excerpt":{"rendered":"<div class=\"syno-o-doc-pm-line\">\n<div class=\"syno-o-doc-pm-line-location\">\n<div class=\"syno-o-doc-pm-line-content\">\n<p data-syno-attrs=\"{&quot;textMarks&quot;:[{&quot;_&quot;:&quot;font_family&quot;,&quot;complexScript&quot;:&quot;Times New Roman&quot;,&quot;eastAsia&quot;:&quot;Times New Roman&quot;,&quot;value&quot;:&quot;Times New Roman&quot;},{&quot;_&quot;:&quot;font_size&quot;,&quot;value&quot;:11}]}\"><span data-syno-attrs=\"{&quot;value&quot;:&quot;Times New Roman&quot;,&quot;eastAsia&quot;:&quot;Times New Roman&quot;,&quot;complexScript&quot;:&quot;Times New Roman&quot;,&quot;hint&quot;:&quot;default&quot;}\">Tato komoda vznikla pro ty, kte\u0159\u00ed hledaj\u00ed solit\u00e9rn\u00ed kus n\u00e1bytku s um\u011bleckou du\u0161\u00ed \u2013 nen\u00e1padn\u011b se st\u00e1v\u00e1 st\u0159edobodem pozornosti v ka\u017ed\u00e9m interi\u00e9ru.<\/span><\/p>\n<\/div>\n<\/div>\n<\/div>\n","protected":false},"featured_media":3685,"template":"","meta":{"inline_featured_image":false},"product_brand":[],"product_cat":[108],"product_tag":[],"class_list":{"0":"post-3967","1":"product","2":"type-product","3":"status-publish","4":"has-post-thumbnail","6":"product_cat-boreala-cz","8":"first","9":"instock","10":"taxable","11":"shipping-taxable","12":"purchasable","13":"product-type-simple"},"aioseo_notices":[],"meta_box":{"product-metabox-hero":[],"product-metabox-presentation-second":[{"width":150,"height":150,"file":"2025\/09\/A4_4-Photo-scaled.jpg","filesize":343061,"sizes":{"medium":{"file":"A4_4-Photo-300x300.jpg","width":300,"height":300,"mime-type":"image\/jpeg","filesize":3634,"url":"https:\/\/weraso.com\/wp-content\/uploads\/2025\/09\/A4_4-Photo-300x300.jpg"},"large":{"file":"A4_4-Photo-1024x1024.jpg","width":1024,"height":1024,"mime-type":"image\/jpeg","filesize":32394,"url":"https:\/\/weraso.com\/wp-content\/uploads\/2025\/09\/A4_4-Photo-1024x1024.jpg"},"thumbnail":{"file":"A4_4-Photo-150x150.jpg","width":150,"height":150,"mime-type":"image\/jpeg","filesize":1502,"url":"https:\/\/weraso.com\/wp-content\/uploads\/2025\/09\/A4_4-Photo-150x150.jpg"},"medium_large":{"file":"A4_4-Photo-768x768.jpg","width":768,"height":768,"mime-type":"image\/jpeg","filesize":17386,"url":"https:\/\/weraso.com\/wp-content\/uploads\/2025\/09\/A4_4-Photo-768x768.jpg"},"1536x1536":{"file":"A4_4-Photo-1536x1536.jpg","width":1536,"height":1536,"mime-type":"image\/jpeg","filesize":89056,"url":"https:\/\/weraso.com\/wp-content\/uploads\/2025\/09\/A4_4-Photo-1536x1536.jpg"},"2048x2048":{"file":"A4_4-Photo-2048x2048.jpg","width":2048,"height":2048,"mime-type":"image\/jpeg","filesize":193978,"url":"https:\/\/weraso.com\/wp-content\/uploads\/2025\/09\/A4_4-Photo-2048x2048.jpg"},"woocommerce_thumbnail":{"file":"A4_4-Photo-300x300.jpg","width":300,"height":300,"mime-type":"image\/jpeg","filesize":3634,"uncropped":false,"url":"https:\/\/weraso.com\/wp-content\/uploads\/2025\/09\/A4_4-Photo-300x300.jpg"},"woocommerce_single":{"file":"A4_4-Photo-600x600.jpg","width":600,"height":600,"mime-type":"image\/jpeg","filesize":10961,"url":"https:\/\/weraso.com\/wp-content\/uploads\/2025\/09\/A4_4-Photo-600x600.jpg"},"woocommerce_gallery_thumbnail":{"file":"A4_4-Photo-100x100.jpg","width":100,"height":100,"mime-type":"image\/jpeg","filesize":969,"url":"https:\/\/weraso.com\/wp-content\/uploads\/2025\/09\/A4_4-Photo-100x100.jpg"}},"image_meta":{"aperture":"0","credit":"","camera":"","caption":"","created_timestamp":"0","copyright":"","focal_length":"0","iso":"0","shutter_speed":"0","title":"","orientation":"0","keywords":[]},"original_image":"A4_4-Photo.jpg","ID":"3689","name":"A4_4-Photo-scaled.jpg","path":"\/data\/7\/5\/757d27e6-6549-4450-aa2b-08ca64892026\/weraso.com\/web\/wp-content\/uploads\/2025\/09\/A4_4-Photo-scaled.jpg","url":"https:\/\/weraso.com\/wp-content\/uploads\/2025\/09\/A4_4-Photo-150x150.jpg","full_url":"https:\/\/weraso.com\/wp-content\/uploads\/2025\/09\/A4_4-Photo-scaled.jpg","title":"A4_4 - Photo","caption":"","description":"","alt":"","srcset":"https:\/\/weraso.com\/wp-content\/uploads\/2025\/09\/A4_4-Photo-150x150.jpg 150w, https:\/\/weraso.com\/wp-content\/uploads\/2025\/09\/A4_4-Photo-300x300.jpg 300w, https:\/\/weraso.com\/wp-content\/uploads\/2025\/09\/A4_4-Photo-1024x1024.jpg 1024w, https:\/\/weraso.com\/wp-content\/uploads\/2025\/09\/A4_4-Photo-768x768.jpg 768w, https:\/\/weraso.com\/wp-content\/uploads\/2025\/09\/A4_4-Photo-1536x1536.jpg 1536w, https:\/\/weraso.com\/wp-content\/uploads\/2025\/09\/A4_4-Photo-2048x2048.jpg 2048w, https:\/\/weraso.com\/wp-content\/uploads\/2025\/09\/A4_4-Photo-600x600.jpg 600w, https:\/\/weraso.com\/wp-content\/uploads\/2025\/09\/A4_4-Photo-100x100.jpg 100w"}],"product-metabox-gallery-video":[],"product-metabox-materials":[{"label":"\u010celn\u00ed plochy a z\u00e1suvky","value":"dubov\u00e1 d\u00fdha"},{"label":"Horn\u00ed deska","value":"b\u00edl\u00e1 kompaktn\u00ed deska"},{"label":"Vnit\u0159n\u00ed p\u0159\u00ed\u010dky","value":"DTDL "},{"label":"Povrchov\u00e1 \u00faprava","value":"Povrchov\u00e1 \u00faprava: olej, p\u0159\u00edrodn\u00ed tvrd\u00fd voskov\u00fd olej"}],"product-metabox-color":"<p data-syno-attrs=\"{&quot;textMarks&quot;:[{&quot;_&quot;:&quot;font_family&quot;,&quot;complexScript&quot;:&quot;Times New Roman&quot;,&quot;eastAsia&quot;:&quot;Times New Roman&quot;,&quot;value&quot;:&quot;Times New Roman&quot;},{&quot;_&quot;:&quot;font_size&quot;,&quot;value&quot;:11}]}\"><span data-syno-attrs=\"{&quot;value&quot;:&quot;Times New Roman&quot;,&quot;eastAsia&quot;:&quot;Times New Roman&quot;,&quot;complexScript&quot;:&quot;Times New Roman&quot;,&quot;hint&quot;:&quot;default&quot;}\">Sv\u011btle hn\u011bd\u00e1 s matnou b\u00edlou deskou<\/span><\/p>\n","product-metabox-instructions":"<p data-syno-attrs=\"{&quot;textMarks&quot;:[{&quot;_&quot;:&quot;font_family&quot;,&quot;complexScript&quot;:&quot;Times New Roman&quot;,&quot;eastAsia&quot;:&quot;Times New Roman&quot;,&quot;value&quot;:&quot;Times New Roman&quot;},{&quot;_&quot;:&quot;font_size&quot;,&quot;value&quot;:11}]}\"><span data-syno-attrs=\"{&quot;value&quot;:&quot;Times New Roman&quot;,&quot;eastAsia&quot;:&quot;Times New Roman&quot;,&quot;complexScript&quot;:&quot;Times New Roman&quot;,&quot;hint&quot;:&quot;default&quot;}\">Dod\u00e1v\u00e1me v kompaktn\u00edm balen\u00ed.<\/span><\/p>\n","account-metabox-visibility":[]},"_links":{"self":[{"href":"https:\/\/weraso.com\/cz\/wp-json\/wp\/v2\/product\/3967","targetHints":{"allow":["GET"]}}],"collection":[{"href":"https:\/\/weraso.com\/cz\/wp-json\/wp\/v2\/product"}],"about":[{"href":"https:\/\/weraso.com\/cz\/wp-json\/wp\/v2\/types\/product"}],"wp:featuredmedia":[{"embeddable":true,"href":"https:\/\/weraso.com\/cz\/wp-json\/wp\/v2\/media\/3685"}],"wp:attachment":[{"href":"https:\/\/weraso.com\/cz\/wp-json\/wp\/v2\/media?parent=3967"}],"wp:term":[{"taxonomy":"product_brand","embeddable":true,"href":"https:\/\/weraso.com\/cz\/wp-json\/wp\/v2\/product_brand?post=3967"},{"taxonomy":"product_cat","embeddable":true,"href":"https:\/\/weraso.com\/cz\/wp-json\/wp\/v2\/product_cat?post=3967"},{"taxonomy":"product_tag","embeddable":true,"href":"https:\/\/weraso.com\/cz\/wp-json\/wp\/v2\/product_tag?post=3967"}],"curies":[{"name":"wp","href":"https:\/\/api.w.org\/{rel}","templated":true}]}}