{"id":3965,"date":"2025-09-10T15:54:52","date_gmt":"2025-09-10T15:54:52","guid":{"rendered":"https:\/\/test.weraso.com\/product\/klar\/"},"modified":"2025-10-27T16:12:00","modified_gmt":"2025-10-27T16:12:00","slug":"klar","status":"publish","type":"product","link":"https:\/\/weraso.com\/cz\/produkt\/klar\/","title":{"rendered":"Klar"},"content":{"rendered":"<p data-syno-attrs=\"{&quot;textMarks&quot;:[{&quot;_&quot;:&quot;font_family&quot;,&quot;complexScript&quot;:&quot;Times New Roman&quot;,&quot;eastAsia&quot;:&quot;Times New Roman&quot;,&quot;value&quot;:&quot;Times New Roman&quot;},{&quot;_&quot;:&quot;font_size&quot;,&quot;value&quot;:11}]}\"><span data-syno-attrs=\"{&quot;value&quot;:&quot;Times New Roman&quot;,&quot;eastAsia&quot;:&quot;Times New Roman&quot;,&quot;complexScript&quot;:&quot;Times New Roman&quot;,&quot;hint&quot;:&quot;default&quot;}\">Komoda m\u00e1 dv\u011b dv\u00ed\u0159ka s mechanismem m\u011bkk\u00e9ho dov\u00edr\u00e1n\u00ed \u2013 zav\u00edraj\u00ed se ti\u0161e a plynule. Za ka\u017ed\u00fdmi dv\u00ed\u0159ky se nach\u00e1z\u00ed praktick\u00fd \u00falo\u017en\u00fd prostor ide\u00e1ln\u00ed pro n\u00e1dob\u00ed, textilie nebo dal\u0161\u00ed dom\u00e1c\u00ed dopl\u0148ky. Zaoblen\u00e9 rohy zaji\u0161\u0165uj\u00ed jemn\u00fd vzhled a sni\u017euj\u00ed riziko n\u00e1razu \u2013 ocen\u00edte zejm\u00e9na v dom\u00e1cnostech s d\u011btmi.<\/span><\/p>\n","protected":false},"excerpt":{"rendered":"<p data-syno-attrs=\"{&quot;textMarks&quot;:[{&quot;_&quot;:&quot;font_family&quot;,&quot;complexScript&quot;:&quot;Times New Roman&quot;,&quot;eastAsia&quot;:&quot;Times New Roman&quot;,&quot;value&quot;:&quot;Times New Roman&quot;},{&quot;_&quot;:&quot;font_size&quot;,&quot;value&quot;:11}]}\"><span data-syno-attrs=\"{&quot;value&quot;:&quot;Times New Roman&quot;,&quot;eastAsia&quot;:&quot;Times New Roman&quot;,&quot;complexScript&quot;:&quot;Times New Roman&quot;,&quot;hint&quot;:&quot;default&quot;}\">Dubov\u00e1 d\u00fdha dod\u00e1v\u00e1 n\u00e1bytku teplo a autentick\u00fd vzhled masivn\u00edho d\u0159eva, p\u0159i\u010dem\u017e si zachov\u00e1v\u00e1 subtiln\u00ed eleganci. Zaoblen\u00e9 linie vn\u00e1\u0161ej\u00ed do prostoru klid a plynulost.<\/span><\/p>\n","protected":false},"featured_media":3644,"template":"","meta":{"inline_featured_image":false},"product_brand":[],"product_cat":[108],"product_tag":[],"class_list":{"0":"post-3965","1":"product","2":"type-product","3":"status-publish","4":"has-post-thumbnail","6":"product_cat-boreala-cz","8":"first","9":"instock","10":"taxable","11":"shipping-taxable","12":"purchasable","13":"product-type-simple"},"aioseo_notices":[],"meta_box":{"product-metabox-hero":[],"product-metabox-presentation-second":[{"width":150,"height":150,"file":"2025\/09\/A3_4-Photo-scaled.jpg","filesize":344930,"sizes":{"medium":{"file":"A3_4-Photo-300x300.jpg","width":300,"height":300,"mime-type":"image\/jpeg","filesize":3952,"url":"https:\/\/weraso.com\/wp-content\/uploads\/2025\/09\/A3_4-Photo-300x300.jpg"},"large":{"file":"A3_4-Photo-1024x1024.jpg","width":1024,"height":1024,"mime-type":"image\/jpeg","filesize":34088,"url":"https:\/\/weraso.com\/wp-content\/uploads\/2025\/09\/A3_4-Photo-1024x1024.jpg"},"thumbnail":{"file":"A3_4-Photo-150x150.jpg","width":150,"height":150,"mime-type":"image\/jpeg","filesize":1558,"url":"https:\/\/weraso.com\/wp-content\/uploads\/2025\/09\/A3_4-Photo-150x150.jpg"},"medium_large":{"file":"A3_4-Photo-768x768.jpg","width":768,"height":768,"mime-type":"image\/jpeg","filesize":18694,"url":"https:\/\/weraso.com\/wp-content\/uploads\/2025\/09\/A3_4-Photo-768x768.jpg"},"1536x1536":{"file":"A3_4-Photo-1536x1536.jpg","width":1536,"height":1536,"mime-type":"image\/jpeg","filesize":92326,"url":"https:\/\/weraso.com\/wp-content\/uploads\/2025\/09\/A3_4-Photo-1536x1536.jpg"},"2048x2048":{"file":"A3_4-Photo-2048x2048.jpg","width":2048,"height":2048,"mime-type":"image\/jpeg","filesize":197465,"url":"https:\/\/weraso.com\/wp-content\/uploads\/2025\/09\/A3_4-Photo-2048x2048.jpg"},"woocommerce_thumbnail":{"file":"A3_4-Photo-300x300.jpg","width":300,"height":300,"mime-type":"image\/jpeg","filesize":3952,"uncropped":false,"url":"https:\/\/weraso.com\/wp-content\/uploads\/2025\/09\/A3_4-Photo-300x300.jpg"},"woocommerce_single":{"file":"A3_4-Photo-600x600.jpg","width":600,"height":600,"mime-type":"image\/jpeg","filesize":11998,"url":"https:\/\/weraso.com\/wp-content\/uploads\/2025\/09\/A3_4-Photo-600x600.jpg"},"woocommerce_gallery_thumbnail":{"file":"A3_4-Photo-100x100.jpg","width":100,"height":100,"mime-type":"image\/jpeg","filesize":1023,"url":"https:\/\/weraso.com\/wp-content\/uploads\/2025\/09\/A3_4-Photo-100x100.jpg"}},"image_meta":{"aperture":"0","credit":"","camera":"","caption":"","created_timestamp":"0","copyright":"","focal_length":"0","iso":"0","shutter_speed":"0","title":"","orientation":"0","keywords":[]},"original_image":"A3_4-Photo.jpg","ID":"3648","name":"A3_4-Photo-scaled.jpg","path":"\/data\/7\/5\/757d27e6-6549-4450-aa2b-08ca64892026\/weraso.com\/web\/wp-content\/uploads\/2025\/09\/A3_4-Photo-scaled.jpg","url":"https:\/\/weraso.com\/wp-content\/uploads\/2025\/09\/A3_4-Photo-150x150.jpg","full_url":"https:\/\/weraso.com\/wp-content\/uploads\/2025\/09\/A3_4-Photo-scaled.jpg","title":"A3_4 - Photo","caption":"","description":"","alt":"","srcset":"https:\/\/weraso.com\/wp-content\/uploads\/2025\/09\/A3_4-Photo-150x150.jpg 150w, https:\/\/weraso.com\/wp-content\/uploads\/2025\/09\/A3_4-Photo-300x300.jpg 300w, https:\/\/weraso.com\/wp-content\/uploads\/2025\/09\/A3_4-Photo-1024x1024.jpg 1024w, https:\/\/weraso.com\/wp-content\/uploads\/2025\/09\/A3_4-Photo-768x768.jpg 768w, https:\/\/weraso.com\/wp-content\/uploads\/2025\/09\/A3_4-Photo-1536x1536.jpg 1536w, https:\/\/weraso.com\/wp-content\/uploads\/2025\/09\/A3_4-Photo-2048x2048.jpg 2048w, https:\/\/weraso.com\/wp-content\/uploads\/2025\/09\/A3_4-Photo-600x600.jpg 600w, https:\/\/weraso.com\/wp-content\/uploads\/2025\/09\/A3_4-Photo-100x100.jpg 100w"}],"product-metabox-gallery-video":[],"product-metabox-materials":[{"label":"\u010celn\u00ed plochy a z\u00e1suvky","value":"dubov\u00e1 d\u00fdha"},{"label":"Horn\u00ed deska","value":"b\u00edl\u00e1 kompaktn\u00ed deska"},{"label":"Nohy","value":"kov, \u010dern\u00fd matn\u00fd pr\u00e1\u0161kov\u00fd lak"},{"label":"Vnit\u0159n\u00ed p\u0159\u00ed\u010dky","value":"DTDL "},{"label":"Povrchov\u00e1 \u00faprava","value":"olej, p\u0159\u00edrodn\u00ed tvrd\u00fd voskov\u00fd olej"}],"product-metabox-color":"<p data-syno-attrs=\"{&quot;textMarks&quot;:[{&quot;_&quot;:&quot;font_family&quot;,&quot;complexScript&quot;:&quot;Times New Roman&quot;,&quot;eastAsia&quot;:&quot;Times New Roman&quot;,&quot;value&quot;:&quot;Times New Roman&quot;},{&quot;_&quot;:&quot;font_size&quot;,&quot;value&quot;:11}]}\"><span data-syno-attrs=\"{&quot;value&quot;:&quot;Times New Roman&quot;,&quot;eastAsia&quot;:&quot;Times New Roman&quot;,&quot;complexScript&quot;:&quot;Times New Roman&quot;,&quot;hint&quot;:&quot;default&quot;}\">Sv\u011btle hn\u011bd\u00e1 s matnou b\u00edlou deskou<\/span><\/p>\n","product-metabox-instructions":"<p data-syno-attrs=\"{&quot;textMarks&quot;:[{&quot;_&quot;:&quot;font_family&quot;,&quot;complexScript&quot;:&quot;Times New Roman&quot;,&quot;eastAsia&quot;:&quot;Times New Roman&quot;,&quot;value&quot;:&quot;Times New Roman&quot;},{&quot;_&quot;:&quot;font_size&quot;,&quot;value&quot;:11}]}\"><span data-syno-attrs=\"{&quot;value&quot;:&quot;Times New Roman&quot;,&quot;eastAsia&quot;:&quot;Times New Roman&quot;,&quot;complexScript&quot;:&quot;Times New Roman&quot;,&quot;hint&quot;:&quot;default&quot;}\">Dod\u00e1v\u00e1me v kompaktn\u00edm balen\u00ed, mont\u00e1\u017e nohou nutn\u00e1.<\/span><\/p>\n","account-metabox-visibility":[]},"_links":{"self":[{"href":"https:\/\/weraso.com\/cz\/wp-json\/wp\/v2\/product\/3965","targetHints":{"allow":["GET"]}}],"collection":[{"href":"https:\/\/weraso.com\/cz\/wp-json\/wp\/v2\/product"}],"about":[{"href":"https:\/\/weraso.com\/cz\/wp-json\/wp\/v2\/types\/product"}],"wp:featuredmedia":[{"embeddable":true,"href":"https:\/\/weraso.com\/cz\/wp-json\/wp\/v2\/media\/3644"}],"wp:attachment":[{"href":"https:\/\/weraso.com\/cz\/wp-json\/wp\/v2\/media?parent=3965"}],"wp:term":[{"taxonomy":"product_brand","embeddable":true,"href":"https:\/\/weraso.com\/cz\/wp-json\/wp\/v2\/product_brand?post=3965"},{"taxonomy":"product_cat","embeddable":true,"href":"https:\/\/weraso.com\/cz\/wp-json\/wp\/v2\/product_cat?post=3965"},{"taxonomy":"product_tag","embeddable":true,"href":"https:\/\/weraso.com\/cz\/wp-json\/wp\/v2\/product_tag?post=3965"}],"curies":[{"name":"wp","href":"https:\/\/api.w.org\/{rel}","templated":true}]}}