{"id":1286,"date":"2024-08-15T04:55:20","date_gmt":"2024-08-15T04:55:20","guid":{"rendered":"https:\/\/test.weraso.com\/vyhladavanie\/"},"modified":"2025-01-27T11:27:04","modified_gmt":"2025-01-27T11:27:04","slug":"vyhledavani","status":"publish","type":"page","link":"https:\/\/weraso.com\/cz\/vyhledavani\/","title":{"rendered":"Vyhled\u00e1v\u00e1n\u00ed"},"content":{"rendered":"","protected":false},"excerpt":{"rendered":"","protected":false},"author":1,"featured_media":0,"parent":0,"menu_order":0,"comment_status":"closed","ping_status":"closed","template":"page-templates\/search.php","meta":{"inline_featured_image":false,"footnotes":""},"class_list":["post-1286","page","type-page","status-publish","hentry"],"aioseo_notices":[],"meta_box":{"section-padding":false,"section-color":false,"section-has-color-second":false,"section-color-second":false},"_links":{"self":[{"href":"https:\/\/weraso.com\/cz\/wp-json\/wp\/v2\/pages\/1286","targetHints":{"allow":["GET"]}}],"collection":[{"href":"https:\/\/weraso.com\/cz\/wp-json\/wp\/v2\/pages"}],"about":[{"href":"https:\/\/weraso.com\/cz\/wp-json\/wp\/v2\/types\/page"}],"author":[{"embeddable":true,"href":"https:\/\/weraso.com\/cz\/wp-json\/wp\/v2\/users\/1"}],"replies":[{"embeddable":true,"href":"https:\/\/weraso.com\/cz\/wp-json\/wp\/v2\/comments?post=1286"}],"version-history":[{"count":1,"href":"https:\/\/weraso.com\/cz\/wp-json\/wp\/v2\/pages\/1286\/revisions"}],"predecessor-version":[{"id":1511,"href":"https:\/\/weraso.com\/cz\/wp-json\/wp\/v2\/pages\/1286\/revisions\/1511"}],"wp:attachment":[{"href":"https:\/\/weraso.com\/cz\/wp-json\/wp\/v2\/media?parent=1286"}],"curies":[{"name":"wp","href":"https:\/\/api.w.org\/{rel}","templated":true}]}}