{"id":1254,"date":"2024-08-15T04:16:21","date_gmt":"2024-08-15T04:16:21","guid":{"rendered":"https:\/\/test.weraso.com\/architekti\/"},"modified":"2025-11-21T10:58:06","modified_gmt":"2025-11-21T10:58:06","slug":"architekti","status":"publish","type":"page","link":"https:\/\/weraso.com\/cz\/architekti\/","title":{"rendered":"Architekti"},"content":{"rendered":"<section id=\"section69ed5b82e138d\" class=\"section section section-padding-normal\" style=\"background: #FDF8F2; --vs-button-background: #FDF8F2;\">\n    <div class=\"container\">\n      \n\n<div id=\"heading69ed5b82df45a\" class=\"heading heading-has-text heading-descpos-right\">\n  <h1 class=\"h2 h2-t h2-m heading-title\" style=\"color: #2A4C48\">\n    Architekti a studia  <\/h1>\n  <div class=\"heading-content\">    <div class=\"heading-description p\">\n      <p>Ve spolupr\u00e1ci s renomovan\u00fdmi architekty a designov\u00fdmi studiemi p\u0159in\u00e1\u0161\u00edme klient\u016fm \u0159e\u0161en\u00ed na m\u00edru, kter\u00e1 spojuj\u00ed kreativitu s precizn\u00edm \u0159emeslem.<\/p>\n    <\/div>\n    <\/div><\/div>\n\n\n\n<div class=\"media-content media-content-align-top media-content-position-left media-content-position-mobile-top media-content-media-type-image media-content-overflow-none\">\n  <div class=\"media-content-content\" style=\"width: calc(50% - 50px)\">\n        \n\n<div id=\"text-block69ed5b82dfad3\" class=\"text-block text-block-columns-1\" style=\"margin-top: 10px; margin-bottom: 0px;\">\n  <p>Na\u0161e partnersk\u00e1 spolupr\u00e1ce n\u00e1m umo\u017e\u0148uje realizovat i ty nejodv\u00e1\u017en\u011bj\u0161\u00ed vize a p\u0159em\u011bnit je na funk\u010dn\u00ed a esteticky dokonal\u00e9 prostory, kter\u00e9 p\u0159esn\u011b odr\u00e1\u017eej\u00ed pot\u0159eby a styl na\u0161ich z\u00e1kazn\u00edk\u016f.<\/p>\n<\/div>\n\n<div class=\"button-group button-group-layout-vertical button-group-align-left\">\n      <a href=\"#architects\" class=\"button button-primary\"   >\n      Zobrazit seznam    <\/a>\n    <\/div>\n\n      <\/div>\n  <div class=\"media-content-media\" style=\"width: calc(50% - 50px)\">\n    \n<div id=\"image69ed5b82e0e47\" class=\"image image-basic\" style=\"margin-top: 0px; margin-bottom: 0px; --vs-aspect-ratio: 554 \/ 392; --vs-aspect-ratio-mobile: 554 \/ 392;\">\n  <img decoding=\"async\" class=\"expensive\" src=\"https:\/\/weraso.com\/wp-content\/uploads\/2024\/08\/765fba7957d097ee4f17be178c46c0f7-scaled.jpeg\" srcset=\"https:\/\/weraso.com\/wp-content\/uploads\/2024\/08\/765fba7957d097ee4f17be178c46c0f7-scaled.jpeg 1705w, https:\/\/weraso.com\/wp-content\/uploads\/2024\/08\/765fba7957d097ee4f17be178c46c0f7-scaled-600x901.jpeg 600w, https:\/\/weraso.com\/wp-content\/uploads\/2024\/08\/765fba7957d097ee4f17be178c46c0f7-200x300.jpeg 200w, https:\/\/weraso.com\/wp-content\/uploads\/2024\/08\/765fba7957d097ee4f17be178c46c0f7-682x1024.jpeg 682w, https:\/\/weraso.com\/wp-content\/uploads\/2024\/08\/765fba7957d097ee4f17be178c46c0f7-768x1153.jpeg 768w, https:\/\/weraso.com\/wp-content\/uploads\/2024\/08\/765fba7957d097ee4f17be178c46c0f7-1023x1536.jpeg 1023w, https:\/\/weraso.com\/wp-content\/uploads\/2024\/08\/765fba7957d097ee4f17be178c46c0f7-1364x2048.jpeg 1364w\" alt=\"\">\n<\/div>  <\/div>\n<\/div>\n\n\n    <\/div>\n<\/section>\n\n<section id=\"architects\" class=\"architects\" style=\"background: #F6F4EC; --vs-button-background: #F6F4EC;\">\n  <div class=\"section\">\n  <div class=\"container\">\n    \n<div id=\"heading69ed5b82e2765\" class=\"heading heading-has-text heading-descpos-right\">\n  <h2 class=\"h2 h3-t h4-m heading-title\" style=\"color: #2A4C48\">\n    Spolupr\u00e1ce, kter\u00e1 m\u00e1 smysl  <\/h2>\n  <div class=\"heading-content\">    <div class=\"heading-description p\">\n      <p>Spolupracujeme pouze s t\u011bmi nejlep\u0161\u00edmi architekty, kte\u0159\u00ed sd\u00edlej\u00ed na\u0161i v\u00e1\u0161e\u0148 pro kvalitu a inovativn\u00ed design. M\u00e1te-li z\u00e1jem p\u0159idat se k na\u0161emu t\u00fdmu a p\u0159in\u00e1\u0161et klient\u016fm v\u00fdjime\u010dn\u00e1 \u0159e\u0161en\u00ed.<\/p>    <\/div>\n    <div class=\"button-group button-group-layout-horizontal button-group-align-left\">\n      <a href=\"\" class=\"button button-primary modal-form-trigger\" data-content=\"signup\"  >\n      Chci spolupracovat    <\/a>\n    <\/div><\/div><\/div>\n    <div class=\"architects-items\">\n              <div class=\"architects-item\">\n          <div class=\"architects-item-image\">\n            <img decoding=\"async\" src=\"https:\/\/weraso.com\/wp-content\/uploads\/2024\/08\/ffa41ef5f749fbb89a7c99e0a2ad46dd-300x169.png\" srcset=\"https:\/\/weraso.com\/wp-content\/uploads\/2024\/08\/ffa41ef5f749fbb89a7c99e0a2ad46dd-300x169.png 300w, https:\/\/weraso.com\/wp-content\/uploads\/2024\/08\/ffa41ef5f749fbb89a7c99e0a2ad46dd-600x338.png 600w, https:\/\/weraso.com\/wp-content\/uploads\/2024\/08\/ffa41ef5f749fbb89a7c99e0a2ad46dd-1024x576.png 1024w, https:\/\/weraso.com\/wp-content\/uploads\/2024\/08\/ffa41ef5f749fbb89a7c99e0a2ad46dd-768x432.png 768w, https:\/\/weraso.com\/wp-content\/uploads\/2024\/08\/ffa41ef5f749fbb89a7c99e0a2ad46dd-1536x864.png 1536w, https:\/\/weraso.com\/wp-content\/uploads\/2024\/08\/ffa41ef5f749fbb89a7c99e0a2ad46dd-2048x1152.png 2048w\" alt=\"\">\n          <\/div>\n          <h4 class=\"architects-item-title\">momentS<\/h4>\n          <div class=\"architects-item-description p\">\n            Ateli\u00e9r momentS poskytuje komplexn\u00ed architektonick\u00e9 a design\u00e9rsk\u00e9 slu\u017eby od n\u00e1vrhu a\u017e po realizaci v r\u00e1mci cel\u00e9ho Slovenska a bl\u00edzk\u00e9ho zahrani\u010d\u00ed. V\u011bnujeme se n\u00e1vrh\u016fm v\u0161eho charakteru &#8211; obytn\u00e9 stavby, komer\u010dn\u00ed prostory, administrativn\u00ed prostory, slu\u017eby, ve\u0159ejn\u00e9 stavby, sportovn\u00ed a rekrea\u010dn\u00ed stavby v rozsahu kompletn\u00ed studie a projektu interi\u00e9ru i exteri\u00e9ru.          <\/div>\n          <button type=\"button\" class=\"architects-item-show-more\">zobrazit v\u00edce<\/button>\n          <button type=\"button\" class=\"architects-item-show-less\">zobrazit m\u00e9n\u011b<\/button>\n        <\/div>\n            <\/div>\n  <\/div>\n  <\/div>\n  <\/section>","protected":false},"excerpt":{"rendered":"","protected":false},"author":1,"featured_media":0,"parent":0,"menu_order":0,"comment_status":"closed","ping_status":"closed","template":"","meta":{"inline_featured_image":false,"footnotes":""},"class_list":["post-1254","page","type-page","status-publish","hentry"],"aioseo_notices":[],"meta_box":{"section-padding":false,"section-color":false,"section-has-color-second":false,"section-color-second":false},"_links":{"self":[{"href":"https:\/\/weraso.com\/cz\/wp-json\/wp\/v2\/pages\/1254","targetHints":{"allow":["GET"]}}],"collection":[{"href":"https:\/\/weraso.com\/cz\/wp-json\/wp\/v2\/pages"}],"about":[{"href":"https:\/\/weraso.com\/cz\/wp-json\/wp\/v2\/types\/page"}],"author":[{"embeddable":true,"href":"https:\/\/weraso.com\/cz\/wp-json\/wp\/v2\/users\/1"}],"replies":[{"embeddable":true,"href":"https:\/\/weraso.com\/cz\/wp-json\/wp\/v2\/comments?post=1254"}],"version-history":[{"count":5,"href":"https:\/\/weraso.com\/cz\/wp-json\/wp\/v2\/pages\/1254\/revisions"}],"predecessor-version":[{"id":4632,"href":"https:\/\/weraso.com\/cz\/wp-json\/wp\/v2\/pages\/1254\/revisions\/4632"}],"wp:attachment":[{"href":"https:\/\/weraso.com\/cz\/wp-json\/wp\/v2\/media?parent=1254"}],"curies":[{"name":"wp","href":"https:\/\/api.w.org\/{rel}","templated":true}]}}